
{"id":8530,"date":"2020-01-22T13:44:28","date_gmt":"2020-01-22T18:44:28","guid":{"rendered":"https:\/\/consortechsite.wpengine.com\/?page_id=8530"},"modified":"2023-06-01T15:04:05","modified_gmt":"2023-06-01T19:04:05","slug":"confirmation-prix-dexcellence-fme-2020","status":"publish","type":"page","link":"https:\/\/www.consortech.com\/fr\/confirmation-prix-dexcellence-fme-2020\/","title":{"rendered":"Confirmation &#8211; Prix d\u2019excellence FME"},"content":{"rendered":"\t\t<div class=\"et_pb_section et_pb_with_background et_section_regular breadcrumbs_section\">\n\t\t\t<div class=\" et_pb_row breadcrumbs_row\">\n\t\t\t\t<div class=\"et_pb_column et_pb_column_4_4 breadcrumbs_column\">\n\t\t\t\t\t<div class=\"et_pb_code et_pb_module breadcrumbs_module\">\n\t\t\t\t\t\t<span><span><a href=\"https:\/\/www.consortech.com\/fr\/\">Accueil<\/a><\/span><\/span>\t\t\t\t\t<\/div> <!-- .et_pb_code -->\n\t\t\t\t<\/div> <!-- .et_pb_column -->\n\t\t\t<\/div> <!-- .et_pb_row -->\n\t\t<\/div>\n\t\t<p>[et_pb_section fb_built=\u00a0\u00bb1&Prime; _builder_version=\u00a0\u00bb4.16&Prime; global_colors_info=\u00a0\u00bb{}\u00a0\u00bb][et_pb_row _builder_version=\u00a0\u00bb4.16&Prime; background_color=\u00a0\u00bb#39e2c2&Prime; global_colors_info=\u00a0\u00bb{}\u00a0\u00bb][et_pb_column type=\u00a0\u00bb4_4&Prime; _builder_version=\u00a0\u00bb4.16&Prime; custom_padding=\u00a0\u00bb|||\u00a0\u00bb global_colors_info=\u00a0\u00bb{}\u00a0\u00bb custom_padding__hover=\u00a0\u00bb|||\u00a0\u00bb][et_pb_text admin_label=\u00a0\u00bbVotre demande a bien \u00e9t\u00e9 achemin\u00e9e. Merci!\u00a0\u00bb _builder_version=\u00a0\u00bb4.16&Prime; text_orientation=\u00a0\u00bbcenter\u00a0\u00bb background_layout=\u00a0\u00bbdark\u00a0\u00bb module_alignment=\u00a0\u00bbcenter\u00a0\u00bb custom_padding=\u00a0\u00bb15px||15px|\u00a0\u00bb z_index_tablet=\u00a0\u00bb500&Prime; global_colors_info=\u00a0\u00bb{}\u00a0\u00bb]<\/p>\n<p>Votre projet a \u00e9t\u00e9 soumis. Merci!<\/p>\n<p>[\/et_pb_text][\/et_pb_column][\/et_pb_row][\/et_pb_section]<\/p>\n","protected":false},"excerpt":{"rendered":"<p>Votre projet a \u00e9t\u00e9 soumis. Merci!<\/p>\n","protected":false},"author":3,"featured_media":0,"parent":0,"menu_order":0,"comment_status":"closed","ping_status":"closed","template":"","meta":{"_acf_changed":false,"_et_pb_use_builder":"on","_et_pb_old_content":"","_et_gb_content_width":"","_monsterinsights_skip_tracking":false,"_monsterinsights_sitenote_active":false,"_monsterinsights_sitenote_note":"","_monsterinsights_sitenote_category":0,"footnotes":""},"class_list":["post-8530","page","type-page","status-publish","hentry"],"acf":[],"yoast_head":"<!-- This site is optimized with the Yoast SEO plugin v27.2 - https:\/\/yoast.com\/product\/yoast-seo-wordpress\/ -->\n<title>Confirmation - Prix d\u2019excellence FME | Consortech<\/title>\n<meta name=\"robots\" content=\"index, nofollow, max-snippet:-1, max-image-preview:large, max-video-preview:-1\" \/>\n<link rel=\"canonical\" href=\"https:\/\/www.consortech.com\/fr\/confirmation-prix-dexcellence-fme-2020\/\" \/>\n<meta property=\"og:locale\" content=\"fr_FR\" \/>\n<meta property=\"og:type\" content=\"article\" \/>\n<meta property=\"og:title\" content=\"Confirmation - Prix d\u2019excellence FME | Consortech\" \/>\n<meta property=\"og:description\" content=\"Votre projet a \u00e9t\u00e9 soumis. Merci!\" \/>\n<meta property=\"og:url\" content=\"https:\/\/www.consortech.com\/fr\/confirmation-prix-dexcellence-fme-2020\/\" \/>\n<meta property=\"og:site_name\" content=\"Consortech\" \/>\n<meta property=\"article:modified_time\" content=\"2023-06-01T19:04:05+00:00\" \/>\n<meta name=\"twitter:card\" content=\"summary_large_image\" \/>\n<meta name=\"twitter:label1\" content=\"Dur\u00e9e de lecture estim\u00e9e\" \/>\n\t<meta name=\"twitter:data1\" content=\"1 minute\" \/>\n<script type=\"application\/ld+json\" class=\"yoast-schema-graph\">{\"@context\":\"https:\/\/schema.org\",\"@graph\":[{\"@type\":\"WebPage\",\"@id\":\"https:\/\/www.consortech.com\/fr\/confirmation-prix-dexcellence-fme-2020\/\",\"url\":\"https:\/\/www.consortech.com\/fr\/confirmation-prix-dexcellence-fme-2020\/\",\"name\":\"Confirmation - Prix d\u2019excellence FME | Consortech\",\"isPartOf\":{\"@id\":\"https:\/\/www.consortech.com\/#website\"},\"datePublished\":\"2020-01-22T18:44:28+00:00\",\"dateModified\":\"2023-06-01T19:04:05+00:00\",\"breadcrumb\":{\"@id\":\"https:\/\/www.consortech.com\/fr\/confirmation-prix-dexcellence-fme-2020\/#breadcrumb\"},\"inLanguage\":\"fr-FR\",\"potentialAction\":[{\"@type\":\"ReadAction\",\"target\":[\"https:\/\/www.consortech.com\/fr\/confirmation-prix-dexcellence-fme-2020\/\"]}]},{\"@type\":\"BreadcrumbList\",\"@id\":\"https:\/\/www.consortech.com\/fr\/confirmation-prix-dexcellence-fme-2020\/#breadcrumb\",\"itemListElement\":[{\"@type\":\"ListItem\",\"position\":1,\"name\":\"Accueil\",\"item\":\"https:\/\/www.consortech.com\/fr\/\"},{\"@type\":\"ListItem\",\"position\":2,\"name\":\"Confirmation &#8211; Prix d\u2019excellence FME\"}]},{\"@type\":\"WebSite\",\"@id\":\"https:\/\/www.consortech.com\/#website\",\"url\":\"https:\/\/www.consortech.com\/\",\"name\":\"Consortech\",\"description\":\"Experts in data integration\",\"potentialAction\":[{\"@type\":\"SearchAction\",\"target\":{\"@type\":\"EntryPoint\",\"urlTemplate\":\"https:\/\/www.consortech.com\/?s={search_term_string}\"},\"query-input\":{\"@type\":\"PropertyValueSpecification\",\"valueRequired\":true,\"valueName\":\"search_term_string\"}}],\"inLanguage\":\"fr-FR\"}]}<\/script>\n<!-- \/ Yoast SEO plugin. -->","yoast_head_json":{"title":"Confirmation - Prix d\u2019excellence FME | Consortech","robots":{"index":"index","follow":"nofollow","max-snippet":"max-snippet:-1","max-image-preview":"max-image-preview:large","max-video-preview":"max-video-preview:-1"},"canonical":"https:\/\/www.consortech.com\/fr\/confirmation-prix-dexcellence-fme-2020\/","og_locale":"fr_FR","og_type":"article","og_title":"Confirmation - Prix d\u2019excellence FME | Consortech","og_description":"Votre projet a \u00e9t\u00e9 soumis. Merci!","og_url":"https:\/\/www.consortech.com\/fr\/confirmation-prix-dexcellence-fme-2020\/","og_site_name":"Consortech","article_modified_time":"2023-06-01T19:04:05+00:00","twitter_card":"summary_large_image","twitter_misc":{"Dur\u00e9e de lecture estim\u00e9e":"1 minute"},"schema":{"@context":"https:\/\/schema.org","@graph":[{"@type":"WebPage","@id":"https:\/\/www.consortech.com\/fr\/confirmation-prix-dexcellence-fme-2020\/","url":"https:\/\/www.consortech.com\/fr\/confirmation-prix-dexcellence-fme-2020\/","name":"Confirmation - Prix d\u2019excellence FME | Consortech","isPartOf":{"@id":"https:\/\/www.consortech.com\/#website"},"datePublished":"2020-01-22T18:44:28+00:00","dateModified":"2023-06-01T19:04:05+00:00","breadcrumb":{"@id":"https:\/\/www.consortech.com\/fr\/confirmation-prix-dexcellence-fme-2020\/#breadcrumb"},"inLanguage":"fr-FR","potentialAction":[{"@type":"ReadAction","target":["https:\/\/www.consortech.com\/fr\/confirmation-prix-dexcellence-fme-2020\/"]}]},{"@type":"BreadcrumbList","@id":"https:\/\/www.consortech.com\/fr\/confirmation-prix-dexcellence-fme-2020\/#breadcrumb","itemListElement":[{"@type":"ListItem","position":1,"name":"Accueil","item":"https:\/\/www.consortech.com\/fr\/"},{"@type":"ListItem","position":2,"name":"Confirmation &#8211; Prix d\u2019excellence FME"}]},{"@type":"WebSite","@id":"https:\/\/www.consortech.com\/#website","url":"https:\/\/www.consortech.com\/","name":"Consortech","description":"Experts in data integration","potentialAction":[{"@type":"SearchAction","target":{"@type":"EntryPoint","urlTemplate":"https:\/\/www.consortech.com\/?s={search_term_string}"},"query-input":{"@type":"PropertyValueSpecification","valueRequired":true,"valueName":"search_term_string"}}],"inLanguage":"fr-FR"}]}},"_links":{"self":[{"href":"https:\/\/www.consortech.com\/fr\/wp-json\/wp\/v2\/pages\/8530","targetHints":{"allow":["GET"]}}],"collection":[{"href":"https:\/\/www.consortech.com\/fr\/wp-json\/wp\/v2\/pages"}],"about":[{"href":"https:\/\/www.consortech.com\/fr\/wp-json\/wp\/v2\/types\/page"}],"author":[{"embeddable":true,"href":"https:\/\/www.consortech.com\/fr\/wp-json\/wp\/v2\/users\/3"}],"replies":[{"embeddable":true,"href":"https:\/\/www.consortech.com\/fr\/wp-json\/wp\/v2\/comments?post=8530"}],"version-history":[{"count":0,"href":"https:\/\/www.consortech.com\/fr\/wp-json\/wp\/v2\/pages\/8530\/revisions"}],"wp:attachment":[{"href":"https:\/\/www.consortech.com\/fr\/wp-json\/wp\/v2\/media?parent=8530"}],"curies":[{"name":"wp","href":"https:\/\/api.w.org\/{rel}","templated":true}]}}