
{"id":7447,"date":"2019-06-14T14:54:26","date_gmt":"2019-06-14T18:54:26","guid":{"rendered":"http:\/\/consortechsite.wpengine.com\/?page_id=7447"},"modified":"2023-11-01T16:14:33","modified_gmt":"2023-11-01T20:14:33","slug":"fme-world-tour-fr","status":"publish","type":"page","link":"https:\/\/www.consortech.com\/fr\/evenements\/fme-world-tour-fr\/","title":{"rendered":"FME World Tour"},"content":{"rendered":"\t\t<div class=\"et_pb_section et_pb_with_background et_section_regular breadcrumbs_section\">\n\t\t\t<div class=\" et_pb_row breadcrumbs_row\">\n\t\t\t\t<div class=\"et_pb_column et_pb_column_4_4 breadcrumbs_column\">\n\t\t\t\t\t<div class=\"et_pb_code et_pb_module breadcrumbs_module\">\n\t\t\t\t\t\t<span><span><a href=\"https:\/\/www.consortech.com\/fr\/\">Accueil<\/a><\/span><\/span>\t\t\t\t\t<\/div> <!-- .et_pb_code -->\n\t\t\t\t<\/div> <!-- .et_pb_column -->\n\t\t\t<\/div> <!-- .et_pb_row -->\n\t\t<\/div>\n\t\t<p>[et_pb_section fb_built=\u00a0\u00bb1&Prime; module_class=\u00a0\u00bbevenement-section\u00a0\u00bb _builder_version=\u00a0\u00bb4.16&Prime; custom_padding=\u00a0\u00bb60px||60px|\u00a0\u00bb global_colors_info=\u00a0\u00bb{}\u00a0\u00bb][et_pb_row custom_padding_last_edited=\u00a0\u00bbon|desktop\u00a0\u00bb _builder_version=\u00a0\u00bb4.16&Prime; width_phone=\u00a0\u00bb50px\u00a0\u00bb max_width_phone=\u00a0\u00bb1280px\u00a0\u00bb custom_padding=\u00a0\u00bb||30px|\u00a0\u00bb custom_padding_tablet=\u00a0\u00bb\u00a0\u00bb custom_padding_phone=\u00a0\u00bb\u00a0\u00bb z_index_tablet=\u00a0\u00bb500&Prime; box_shadow_horizontal_tablet=\u00a0\u00bb0px\u00a0\u00bb box_shadow_vertical_tablet=\u00a0\u00bb0px\u00a0\u00bb box_shadow_blur_tablet=\u00a0\u00bb40px\u00a0\u00bb box_shadow_spread_tablet=\u00a0\u00bb0px\u00a0\u00bb global_colors_info=\u00a0\u00bb{}\u00a0\u00bb][et_pb_column type=\u00a0\u00bb4_4&Prime; _builder_version=\u00a0\u00bb4.16&Prime; custom_padding=\u00a0\u00bb|||\u00a0\u00bb global_colors_info=\u00a0\u00bb{}\u00a0\u00bb custom_padding__hover=\u00a0\u00bb|||\u00a0\u00bb][et_pb_text admin_label=\u00a0\u00bb\u00c9v\u00e9nements\u00a0\u00bb _builder_version=\u00a0\u00bb4.16&Prime; text_orientation=\u00a0\u00bbcenter\u00a0\u00bb module_alignment=\u00a0\u00bbcenter\u00a0\u00bb z_index_tablet=\u00a0\u00bb500&Prime; text_text_shadow_horizontal_length_tablet=\u00a0\u00bb0px\u00a0\u00bb text_text_shadow_vertical_length_tablet=\u00a0\u00bb0px\u00a0\u00bb text_text_shadow_blur_strength_tablet=\u00a0\u00bb1px\u00a0\u00bb link_text_shadow_horizontal_length_tablet=\u00a0\u00bb0px\u00a0\u00bb link_text_shadow_vertical_length_tablet=\u00a0\u00bb0px\u00a0\u00bb link_text_shadow_blur_strength_tablet=\u00a0\u00bb1px\u00a0\u00bb ul_text_shadow_horizontal_length_tablet=\u00a0\u00bb0px\u00a0\u00bb ul_text_shadow_vertical_length_tablet=\u00a0\u00bb0px\u00a0\u00bb ul_text_shadow_blur_strength_tablet=\u00a0\u00bb1px\u00a0\u00bb ol_text_shadow_horizontal_length_tablet=\u00a0\u00bb0px\u00a0\u00bb ol_text_shadow_vertical_length_tablet=\u00a0\u00bb0px\u00a0\u00bb ol_text_shadow_blur_strength_tablet=\u00a0\u00bb1px\u00a0\u00bb quote_text_shadow_horizontal_length_tablet=\u00a0\u00bb0px\u00a0\u00bb quote_text_shadow_vertical_length_tablet=\u00a0\u00bb0px\u00a0\u00bb quote_text_shadow_blur_strength_tablet=\u00a0\u00bb1px\u00a0\u00bb header_text_shadow_horizontal_length_tablet=\u00a0\u00bb0px\u00a0\u00bb header_text_shadow_vertical_length_tablet=\u00a0\u00bb0px\u00a0\u00bb header_text_shadow_blur_strength_tablet=\u00a0\u00bb1px\u00a0\u00bb header_2_text_shadow_horizontal_length_tablet=\u00a0\u00bb0px\u00a0\u00bb header_2_text_shadow_vertical_length_tablet=\u00a0\u00bb0px\u00a0\u00bb header_2_text_shadow_blur_strength_tablet=\u00a0\u00bb1px\u00a0\u00bb header_3_text_shadow_horizontal_length_tablet=\u00a0\u00bb0px\u00a0\u00bb header_3_text_shadow_vertical_length_tablet=\u00a0\u00bb0px\u00a0\u00bb header_3_text_shadow_blur_strength_tablet=\u00a0\u00bb1px\u00a0\u00bb header_4_text_shadow_horizontal_length_tablet=\u00a0\u00bb0px\u00a0\u00bb header_4_text_shadow_vertical_length_tablet=\u00a0\u00bb0px\u00a0\u00bb header_4_text_shadow_blur_strength_tablet=\u00a0\u00bb1px\u00a0\u00bb header_5_text_shadow_horizontal_length_tablet=\u00a0\u00bb0px\u00a0\u00bb header_5_text_shadow_vertical_length_tablet=\u00a0\u00bb0px\u00a0\u00bb header_5_text_shadow_blur_strength_tablet=\u00a0\u00bb1px\u00a0\u00bb header_6_text_shadow_horizontal_length_tablet=\u00a0\u00bb0px\u00a0\u00bb header_6_text_shadow_vertical_length_tablet=\u00a0\u00bb0px\u00a0\u00bb header_6_text_shadow_blur_strength_tablet=\u00a0\u00bb1px\u00a0\u00bb box_shadow_horizontal_tablet=\u00a0\u00bb0px\u00a0\u00bb box_shadow_vertical_tablet=\u00a0\u00bb0px\u00a0\u00bb box_shadow_blur_tablet=\u00a0\u00bb40px\u00a0\u00bb box_shadow_spread_tablet=\u00a0\u00bb0px\u00a0\u00bb global_colors_info=\u00a0\u00bb{}\u00a0\u00bb]<\/p>\n<h1><strong>FME World Tour<\/strong><\/h1>\n<p>[\/et_pb_text][\/et_pb_column][\/et_pb_row][et_pb_row _builder_version=\u00a0\u00bb4.16&Prime; global_colors_info=\u00a0\u00bb{}\u00a0\u00bb][et_pb_column type=\u00a0\u00bb4_4&Prime; _builder_version=\u00a0\u00bb4.16&Prime; custom_padding=\u00a0\u00bb|||\u00a0\u00bb global_colors_info=\u00a0\u00bb{}\u00a0\u00bb custom_padding__hover=\u00a0\u00bb|||\u00a0\u00bb][et_pb_code disabled_on=\u00a0\u00bboff|off|off\u00a0\u00bb admin_label=\u00a0\u00bb\u00c9v\u00e9nement &#8211; fr\u00a0\u00bb _builder_version=\u00a0\u00bb4.16&Prime; z_index_tablet=\u00a0\u00bb500&Prime; locked=\u00a0\u00bboff\u00a0\u00bb global_colors_info=\u00a0\u00bb{}\u00a0\u00bb]\t\t<p style=\"text-align: left;\">Aucun \u00e9v\u00e9nement \u00e0 venir pr\u00e9sentement. \r\n<a href='\/fr\/contenus\/infolettre\/' >Abonnez-vous \u00e0 notre infolettre<\/a> pour ne rien manquer en recevant par courriel nos invitations aux \u00e9v\u00e9nements.<\/p>\n\n\t\t[\/et_pb_code][et_pb_text disabled_on=\u00a0\u00bbon|on|on\u00a0\u00bb _builder_version=\u00a0\u00bb4.16&Prime; disabled=\u00a0\u00bbon\u00a0\u00bb global_colors_info=\u00a0\u00bb{}\u00a0\u00bb]<\/p>\n<p>Aucun \u00e9v\u00e9nement \u00e0 venir pr\u00e9sentement. <a href=\"\/fr\/contenus\/infolettre\/\">Abonnez-vous \u00e0 notre infolettre<\/a> pour ne rien manquer en recevant par courriel nos invitations aux \u00e9v\u00e9nements.<\/p>\n<p>[\/et_pb_text][et_pb_code disabled_on=\u00a0\u00bbon|on|on\u00a0\u00bb _builder_version=\u00a0\u00bb4.16&Prime; disabled=\u00a0\u00bbon\u00a0\u00bb global_colors_info=\u00a0\u00bb{}\u00a0\u00bb]\n<!--\n<div id=\"sidebar\" class=\"sidebar-webinars\">\n\n\t<div id=\"new-webinars\" class=\"et_pb_widget\">\n\t\t<h4 class=\"widgettitle\">Perfectionner vos connaissances sur les technologies ETL!<\/h4>\n\t\t\t\t<a class=\"et_pb_button et_pb_module et_pb_bg_layout_dark\" href=\"https:\/\/www.consortech.com\/fr\/evenements\/webinaires\/\">Voir nos webinaires<\/a>\n\n\t<\/div>\n\n<\/div> sidebar-webinars -->\n\n<div id=\"sidebar\" class=\"sidebar-infolettre\">\n\n\t\t<div id=\"new-webinars\" class=\"et_pb_widget\">\n\t\t<h4 class=\"widgettitle\">\u00c9v\u00e9nements, formations, conseils et id\u00e9es de projets FME : ne manquez rien gr\u00e2ce \u00e0 notre infolettre.<\/h4>\n\t\t\t\t<a class=\"et_pb_button et_pb_module et_pb_bg_layout_dark\" href=\"https:\/\/www.consortech.com\/fr\/blogue\/infolettre\/\">Je m'inscris<\/a>\n\n\t<\/div>\n\n<\/div><!-- .sidebar-event -->\n<div id=\"sidebar\" class=\"sidebar-event\">\n\n\t<div id=\"new-webinars\" class=\"et_pb_widget\">\n\t\t<h4 class=\"widgettitle\">Le blogue de Consortech vous aidera \u00e0 utiliser vos donn\u00e9es \u00e0 leur plein potentiel!<\/h4>\n\t\t\t\t<a class=\"et_pb_button et_pb_module et_pb_bg_layout_dark\" href=\"https:\/\/www.consortech.com\/fr\/blogue\/\">Lire nos articles<\/a>\n\n\n\t<\/div>\n\n<\/div><!-- .sidebar-event -->\n[\/et_pb_code][\/et_pb_column][\/et_pb_row][\/et_pb_section]<\/p>\n","protected":false},"excerpt":{"rendered":"<p>FME World Tour \t\t<p style=\"text-align: left;\">Aucun \u00e9v\u00e9nement \u00e0 venir pr\u00e9sentement. \r\n<a href='\/fr\/contenus\/infolettre\/' >Abonnez-vous \u00e0 notre infolettre<\/a> pour ne rien manquer en recevant par courriel nos invitations aux \u00e9v\u00e9nements.<\/p>\n\n\t\tAucun \u00e9v\u00e9nement \u00e0 venir pr\u00e9sentement. Abonnez-vous \u00e0 notre infolettre pour ne rien manquer en recevant par courriel nos invitations aux \u00e9v\u00e9nements. \n<!--\n<div id=\"sidebar\" class=\"sidebar-webinars\">\n\n\t<div id=\"new-webinars\" class=\"et_pb_widget\">\n\t\t<h4 class=\"widgettitle\">Perfectionner vos connaissances sur les technologies ETL!<\/h4>\n\t\t\t\t<a class=\"et_pb_button et_pb_module et_pb_bg_layout_dark\" href=\"https:\/\/www.consortech.com\/fr\/evenements\/webinaires\/\">Voir nos webinaires<\/a>\n\n\t<\/div>\n\n<\/div> sidebar-webinars -->\n\n<div id=\"sidebar\" class=\"sidebar-infolettre\">\n\n\t\t<div id=\"new-webinars\" class=\"et_pb_widget\">\n\t\t<h4 class=\"widgettitle\">\u00c9v\u00e9nements, formations, conseils et id\u00e9es de projets FME : ne manquez rien gr\u00e2ce \u00e0 notre infolettre.<\/h4>\n\t\t\t\t<a class=\"et_pb_button et_pb_module et_pb_bg_layout_dark\" href=\"https:\/\/www.consortech.com\/fr\/blogue\/infolettre\/\">Je m'inscris<\/a>\n\n\t<\/div>\n\n<\/div><!-- .sidebar-event -->\n<div id=\"sidebar\" class=\"sidebar-event\">\n\n\t<div id=\"new-webinars\" class=\"et_pb_widget\">\n\t\t<h4 class=\"widgettitle\">Le blogue de Consortech vous aidera \u00e0 utiliser vos donn\u00e9es \u00e0 leur plein potentiel!<\/h4>\n\t\t\t\t<a class=\"et_pb_button et_pb_module et_pb_bg_layout_dark\" href=\"https:\/\/www.consortech.com\/fr\/blogue\/\">Lire nos articles<\/a>\n\n\n\t<\/div>\n\n<\/div><!-- .sidebar-event -->\n<\/p>\n","protected":false},"author":1,"featured_media":0,"parent":468,"menu_order":0,"comment_status":"closed","ping_status":"closed","template":"","meta":{"_acf_changed":false,"_et_pb_use_builder":"on","_et_pb_old_content":"","_et_gb_content_width":"","_monsterinsights_skip_tracking":false,"_monsterinsights_sitenote_active":false,"_monsterinsights_sitenote_note":"","_monsterinsights_sitenote_category":0,"footnotes":""},"class_list":["post-7447","page","type-page","status-publish","hentry"],"acf":[],"yoast_head":"<!-- This site is optimized with the Yoast SEO plugin v27.2 - https:\/\/yoast.com\/product\/yoast-seo-wordpress\/ -->\n<title>FME World Tour | Consortech<\/title>\n<meta name=\"robots\" content=\"index, follow, max-snippet:-1, max-image-preview:large, max-video-preview:-1\" \/>\n<link rel=\"canonical\" href=\"https:\/\/www.consortech.com\/fr\/evenements\/fme-world-tour-fr\/\" \/>\n<meta property=\"og:locale\" content=\"fr_FR\" \/>\n<meta property=\"og:type\" content=\"article\" \/>\n<meta property=\"og:title\" content=\"FME World Tour | Consortech\" \/>\n<meta property=\"og:description\" content=\"FME World Tour Aucun \u00e9v\u00e9nement \u00e0 venir pr\u00e9sentement. Abonnez-vous \u00e0 notre infolettre pour ne rien manquer en recevant par courriel nos invitations aux \u00e9v\u00e9nements.\" \/>\n<meta property=\"og:url\" content=\"https:\/\/www.consortech.com\/fr\/evenements\/fme-world-tour-fr\/\" \/>\n<meta property=\"og:site_name\" content=\"Consortech\" \/>\n<meta property=\"article:modified_time\" content=\"2023-11-01T20:14:33+00:00\" \/>\n<meta name=\"twitter:card\" content=\"summary_large_image\" \/>\n<meta name=\"twitter:label1\" content=\"Dur\u00e9e de lecture estim\u00e9e\" \/>\n\t<meta name=\"twitter:data1\" content=\"1 minute\" \/>\n<script type=\"application\/ld+json\" class=\"yoast-schema-graph\">{\"@context\":\"https:\/\/schema.org\",\"@graph\":[{\"@type\":\"WebPage\",\"@id\":\"https:\/\/www.consortech.com\/fr\/evenements\/fme-world-tour-fr\/\",\"url\":\"https:\/\/www.consortech.com\/fr\/evenements\/fme-world-tour-fr\/\",\"name\":\"FME World Tour | Consortech\",\"isPartOf\":{\"@id\":\"https:\/\/www.consortech.com\/#website\"},\"datePublished\":\"2019-06-14T18:54:26+00:00\",\"dateModified\":\"2023-11-01T20:14:33+00:00\",\"breadcrumb\":{\"@id\":\"https:\/\/www.consortech.com\/fr\/evenements\/fme-world-tour-fr\/#breadcrumb\"},\"inLanguage\":\"fr-FR\",\"potentialAction\":[{\"@type\":\"ReadAction\",\"target\":[\"https:\/\/www.consortech.com\/fr\/evenements\/fme-world-tour-fr\/\"]}]},{\"@type\":\"BreadcrumbList\",\"@id\":\"https:\/\/www.consortech.com\/fr\/evenements\/fme-world-tour-fr\/#breadcrumb\",\"itemListElement\":[{\"@type\":\"ListItem\",\"position\":1,\"name\":\"Accueil\",\"item\":\"https:\/\/www.consortech.com\/fr\/\"},{\"@type\":\"ListItem\",\"position\":2,\"name\":\"\u00c9v\u00e9nements\",\"item\":\"https:\/\/www.consortech.com\/fr\/evenements\/\"},{\"@type\":\"ListItem\",\"position\":3,\"name\":\"FME World Tour\"}]},{\"@type\":\"WebSite\",\"@id\":\"https:\/\/www.consortech.com\/#website\",\"url\":\"https:\/\/www.consortech.com\/\",\"name\":\"Consortech\",\"description\":\"Experts in data integration\",\"potentialAction\":[{\"@type\":\"SearchAction\",\"target\":{\"@type\":\"EntryPoint\",\"urlTemplate\":\"https:\/\/www.consortech.com\/?s={search_term_string}\"},\"query-input\":{\"@type\":\"PropertyValueSpecification\",\"valueRequired\":true,\"valueName\":\"search_term_string\"}}],\"inLanguage\":\"fr-FR\"}]}<\/script>\n<!-- \/ Yoast SEO plugin. -->","yoast_head_json":{"title":"FME World Tour | Consortech","robots":{"index":"index","follow":"follow","max-snippet":"max-snippet:-1","max-image-preview":"max-image-preview:large","max-video-preview":"max-video-preview:-1"},"canonical":"https:\/\/www.consortech.com\/fr\/evenements\/fme-world-tour-fr\/","og_locale":"fr_FR","og_type":"article","og_title":"FME World Tour | Consortech","og_description":"FME World Tour Aucun \u00e9v\u00e9nement \u00e0 venir pr\u00e9sentement. Abonnez-vous \u00e0 notre infolettre pour ne rien manquer en recevant par courriel nos invitations aux \u00e9v\u00e9nements.","og_url":"https:\/\/www.consortech.com\/fr\/evenements\/fme-world-tour-fr\/","og_site_name":"Consortech","article_modified_time":"2023-11-01T20:14:33+00:00","twitter_card":"summary_large_image","twitter_misc":{"Dur\u00e9e de lecture estim\u00e9e":"1 minute"},"schema":{"@context":"https:\/\/schema.org","@graph":[{"@type":"WebPage","@id":"https:\/\/www.consortech.com\/fr\/evenements\/fme-world-tour-fr\/","url":"https:\/\/www.consortech.com\/fr\/evenements\/fme-world-tour-fr\/","name":"FME World Tour | Consortech","isPartOf":{"@id":"https:\/\/www.consortech.com\/#website"},"datePublished":"2019-06-14T18:54:26+00:00","dateModified":"2023-11-01T20:14:33+00:00","breadcrumb":{"@id":"https:\/\/www.consortech.com\/fr\/evenements\/fme-world-tour-fr\/#breadcrumb"},"inLanguage":"fr-FR","potentialAction":[{"@type":"ReadAction","target":["https:\/\/www.consortech.com\/fr\/evenements\/fme-world-tour-fr\/"]}]},{"@type":"BreadcrumbList","@id":"https:\/\/www.consortech.com\/fr\/evenements\/fme-world-tour-fr\/#breadcrumb","itemListElement":[{"@type":"ListItem","position":1,"name":"Accueil","item":"https:\/\/www.consortech.com\/fr\/"},{"@type":"ListItem","position":2,"name":"\u00c9v\u00e9nements","item":"https:\/\/www.consortech.com\/fr\/evenements\/"},{"@type":"ListItem","position":3,"name":"FME World Tour"}]},{"@type":"WebSite","@id":"https:\/\/www.consortech.com\/#website","url":"https:\/\/www.consortech.com\/","name":"Consortech","description":"Experts in data integration","potentialAction":[{"@type":"SearchAction","target":{"@type":"EntryPoint","urlTemplate":"https:\/\/www.consortech.com\/?s={search_term_string}"},"query-input":{"@type":"PropertyValueSpecification","valueRequired":true,"valueName":"search_term_string"}}],"inLanguage":"fr-FR"}]}},"_links":{"self":[{"href":"https:\/\/www.consortech.com\/fr\/wp-json\/wp\/v2\/pages\/7447","targetHints":{"allow":["GET"]}}],"collection":[{"href":"https:\/\/www.consortech.com\/fr\/wp-json\/wp\/v2\/pages"}],"about":[{"href":"https:\/\/www.consortech.com\/fr\/wp-json\/wp\/v2\/types\/page"}],"author":[{"embeddable":true,"href":"https:\/\/www.consortech.com\/fr\/wp-json\/wp\/v2\/users\/1"}],"replies":[{"embeddable":true,"href":"https:\/\/www.consortech.com\/fr\/wp-json\/wp\/v2\/comments?post=7447"}],"version-history":[{"count":0,"href":"https:\/\/www.consortech.com\/fr\/wp-json\/wp\/v2\/pages\/7447\/revisions"}],"up":[{"embeddable":true,"href":"https:\/\/www.consortech.com\/fr\/wp-json\/wp\/v2\/pages\/468"}],"wp:attachment":[{"href":"https:\/\/www.consortech.com\/fr\/wp-json\/wp\/v2\/media?parent=7447"}],"curies":[{"name":"wp","href":"https:\/\/api.w.org\/{rel}","templated":true}]}}