
{"id":474,"date":"2017-08-11T11:17:24","date_gmt":"2017-08-11T15:17:24","guid":{"rendered":"http:\/\/consortechsite.wpengine.com\/?page_id=474\/"},"modified":"2017-11-30T08:34:32","modified_gmt":"2017-11-30T13:34:32","slug":"internet-des-objets","status":"publish","type":"page","link":"https:\/\/www.consortech.com\/fr\/expertise-etl\/internet-des-objets\/","title":{"rendered":"Internet des objets"},"content":{"rendered":"\t\t<div class=\"et_pb_section et_pb_with_background et_section_regular breadcrumbs_section\">\n\t\t\t<div class=\" et_pb_row breadcrumbs_row\">\n\t\t\t\t<div class=\"et_pb_column et_pb_column_4_4 breadcrumbs_column\">\n\t\t\t\t\t<div class=\"et_pb_code et_pb_module breadcrumbs_module\">\n\t\t\t\t\t\t<span><span><a href=\"https:\/\/www.consortech.com\/fr\/\">Accueil<\/a><\/span><\/span>\t\t\t\t\t<\/div> <!-- .et_pb_code -->\n\t\t\t\t<\/div> <!-- .et_pb_column -->\n\t\t\t<\/div> <!-- .et_pb_row -->\n\t\t<\/div>\n\t\t<p>[et_pb_section fb_built=\u00a0\u00bb1&Prime; module_class=\u00a0\u00bbliste-rouge\u00a0\u00bb _builder_version=\u00a0\u00bb3.0.75&Prime;][et_pb_row use_custom_gutter=\u00a0\u00bbon\u00a0\u00bb gutter_width=\u00a0\u00bb2&Prime; padding_top_2=\u00a0\u00bb0px\u00a0\u00bb padding_2_tablet=\u00a0\u00bb50px|||\u00a0\u00bb padding_2_last_edited=\u00a0\u00bbon|phone\u00a0\u00bb _builder_version=\u00a0\u00bb3.0.82&Prime;][et_pb_column type=\u00a0\u00bb2_3&Prime; _builder_version=\u00a0\u00bb3.0.47&Prime; parallax=\u00a0\u00bboff\u00a0\u00bb parallax_method=\u00a0\u00bbon\u00a0\u00bb][et_pb_text admin_label=\u00a0\u00bbL\u2019internet des objets : une tendance incontournable\u00a0\u00bb _builder_version=\u00a0\u00bb3.0.89&Prime;]<\/p>\n<h1><strong><span style=\"color: #ca3042;\">L\u2019internet des objets: <\/span><\/strong><br \/>\n <strong> une tendance incontournable<\/strong><\/h1>\n<p>Plusieurs secteurs et industries sont impact\u00e9s par la venue des objets connect\u00e9s et la quantit\u00e9 astronomique de donn\u00e9es qu\u2019ils g\u00e9n\u00e8rent sous diff\u00e9rents formats. Convertir ces donn\u00e9es en intelligence d&rsquo;affaires constitue un important levier de croissance pour les organisations, mais encore faut-il savoir comment s\u2019y prendre!<\/p>\n<p>Pour lier les syst\u00e8mes et acc\u00e9der au fort potentiel des donn\u00e9es, les outils ETL offrent des solutions flexibles et puissantes.<\/p>\n<p>Pourquoi? Parce qu\u2019ils permettent de transformer toutes donn\u00e9es brutes en information pertinente pour l\u2019utilisateur final. Qu\u2019il s\u2019agisse d\u2019une ville ou d\u2019une entreprise, l\u2019exploitation des donn\u00e9es offre de grandes possibilit\u00e9s, permettant d\u2019anticiper les tendances et de planifier l\u2019avenir avec encore plus de justesse.<\/p>\n<p>&nbsp;<\/p>\n<p>[\/et_pb_text][\/et_pb_column][et_pb_column type=\u00a0\u00bb1_3&Prime; _builder_version=\u00a0\u00bb3.0.47&Prime; padding_tablet=\u00a0\u00bb50px|||\u00a0\u00bb padding_last_edited=\u00a0\u00bbon|phone\u00a0\u00bb padding_top=\u00a0\u00bb0px\u00a0\u00bb parallax=\u00a0\u00bboff\u00a0\u00bb parallax_method=\u00a0\u00bbon\u00a0\u00bb][et_pb_image src=\u00a0\u00bbhttps:\/\/consortech.com\/wp-content\/uploads\/2017\/11\/inter-obj-head.png\u00a0\u00bb _builder_version=\u00a0\u00bb3.0.89&Prime; max_width=\u00a0\u00bb342px\u00a0\u00bb][\/et_pb_image][\/et_pb_column][\/et_pb_row][\/et_pb_section][et_pb_section fb_built=\u00a0\u00bb1&Prime; disabled_on=\u00a0\u00bboff|off|off\u00a0\u00bb custom_padding_last_edited=\u00a0\u00bbon|tablet\u00a0\u00bb _builder_version=\u00a0\u00bb3.0.89&Prime; custom_padding=\u00a0\u00bb0px||90px|\u00a0\u00bb custom_padding_tablet=\u00a0\u00bb0px||50px|\u00a0\u00bb][et_pb_row _builder_version=\u00a0\u00bb3.0.75&Prime;][et_pb_column type=\u00a0\u00bb4_4&Prime; _builder_version=\u00a0\u00bb3.0.47&Prime; parallax=\u00a0\u00bboff\u00a0\u00bb parallax_method=\u00a0\u00bbon\u00a0\u00bb][et_pb_divider color=\u00a0\u00bb#39e2c2&Prime; show_divider=\u00a0\u00bbon\u00a0\u00bb divider_weight=\u00a0\u00bb2&Prime; height=\u00a0\u00bb2&Prime; _builder_version=\u00a0\u00bb3.0.89&Prime; max_width=\u00a0\u00bb200px\u00a0\u00bb animation_style=\u00a0\u00bbzoom\u00a0\u00bb custom_css_main_element=\u00a0\u00bbmargin:0 auto;\u00a0\u00bb][\/et_pb_divider][et_pb_text admin_label=\u00a0\u00bbLa ressource la plus valable au monde n\u2019est plus le p\u00e9trole, mais la donn\u00e9e.\u00a0\u00bb _builder_version=\u00a0\u00bb3.0.89&Prime; text_font=\u00a0\u00bb|on|||\u00a0\u00bb text_font_size=\u00a0\u00bb35&Prime; text_line_height=\u00a0\u00bb1.3em\u00a0\u00bb text_orientation=\u00a0\u00bbcenter\u00a0\u00bb max_width=\u00a0\u00bb900px\u00a0\u00bb module_alignment=\u00a0\u00bbcenter\u00a0\u00bb custom_padding=\u00a0\u00bb30px||30px|\u00a0\u00bb]<\/p>\n<p>La ressource la plus valable au monde n\u2019est plus le p\u00e9trole, mais <span style=\"color: #39e2c2;\">la donn\u00e9e<\/span>.<br \/><strong><span style=\"font-size: 20px;\"><\/span><\/strong><\/p>\n<p><strong><span style=\"font-size: 20px;\">&#8211; The Economist, mai 2017<\/span><\/strong><\/p>\n<p>[\/et_pb_text][et_pb_divider color=\u00a0\u00bb#39e2c2&Prime; show_divider=\u00a0\u00bbon\u00a0\u00bb divider_weight=\u00a0\u00bb2&Prime; height=\u00a0\u00bb2&Prime; _builder_version=\u00a0\u00bb3.0.75&Prime; max_width=\u00a0\u00bb200px\u00a0\u00bb animation_style=\u00a0\u00bbzoom\u00a0\u00bb custom_css_main_element=\u00a0\u00bbmargin:0 auto;\u00a0\u00bb][\/et_pb_divider][\/et_pb_column][\/et_pb_row][\/et_pb_section][et_pb_section fb_built=\u00a0\u00bb1&Prime; disabled_on=\u00a0\u00bboff|off|off\u00a0\u00bb module_class=\u00a0\u00bbliste-rouge\u00a0\u00bb _builder_version=\u00a0\u00bb3.0.82&Prime; background_image=\u00a0\u00bbhttps:\/\/consortech.com\/wp-content\/uploads\/2017\/11\/inte-obj-bandeau.png\u00a0\u00bb custom_padding=\u00a0\u00bb0px||0px|\u00a0\u00bb custom_css_main_element=\u00a0\u00bbz-index: -1;\u00a0\u00bb][et_pb_row use_custom_width=\u00a0\u00bbon\u00a0\u00bb custom_width_px=\u00a0\u00bb590px\u00a0\u00bb custom_padding=\u00a0\u00bb0px||0px|\u00a0\u00bb custom_css_before_1=\u00a0\u00bb content: %22 %22;|| background: url(https:\/\/consortech.com\/wp-content\/uploads\/2017\/08\/cercle-blanc.svg);|| height: 150%;|| width: 150%;|| border-radius: 100%;|| position: absolute;|| top: -30%;|| left: -25%;|| display: block;|| overflow: hidden;|| background-repeat: no-repeat;|| background-position: center center;||\u00a0\u00bb disabled_on=\u00a0\u00bbon||\u00a0\u00bb custom_padding_last_edited=\u00a0\u00bboff|tablet\u00a0\u00bb _builder_version=\u00a0\u00bb3.0.89&Prime; custom_css_main_element=\u00a0\u00bbmax-width:680px;||\u00a0\u00bb][et_pb_column type=\u00a0\u00bb4_4&Prime; _builder_version=\u00a0\u00bb3.0.47&Prime; parallax=\u00a0\u00bboff\u00a0\u00bb parallax_method=\u00a0\u00bbon\u00a0\u00bb custom_css_before=\u00a0\u00bb content: %22 %22;|| background: url(https:\/\/consortech.com\/wp-content\/uploads\/2017\/08\/cercle-blanc.svg);|| height: 150%;|| width: 150%;|| border-radius: 100%;|| position: absolute;|| top: -30%;|| left: -25%;|| display: block;|| overflow: hidden;|| background-repeat: no-repeat;|| background-position: center center;||\u00a0\u00bb][et_pb_text admin_label=\u00a0\u00bbEN OFFRIR PLUS ET PRENDRE DES D\u00c9CISIONS \u00c9CLAIR\u00c9ES &#8211; desktop\u00a0\u00bb _builder_version=\u00a0\u00bb3.0.89&Prime; header_text_align=\u00a0\u00bbleft\u00a0\u00bb max_width=\u00a0\u00bb680px\u00a0\u00bb module_alignment=\u00a0\u00bbleft\u00a0\u00bb custom_padding=\u00a0\u00bb90px|100px|90px|100px\u00a0\u00bb]<\/p>\n<p style=\"text-align: center;\">De la connectivit\u00e9 \u00e0 la valorisation des donn\u00e9es, Consortech poss\u00e8de un \u00e9ventail imposant d\u2019expertises et d\u2019outils ETL. Tirez profit du potentiel de vos donn\u00e9es sans remettre en question votre architecture TI.<\/p>\n<p>[\/et_pb_text][\/et_pb_column][\/et_pb_row][et_pb_row use_custom_width=\u00a0\u00bbon\u00a0\u00bb custom_padding=\u00a0\u00bb0px||0px|\u00a0\u00bb background_color=\u00a0\u00bbrgba(255,255,255,0.9)\u00a0\u00bb disabled_on=\u00a0\u00bb|on|on\u00a0\u00bb custom_padding_last_edited=\u00a0\u00bboff|tablet\u00a0\u00bb _builder_version=\u00a0\u00bb3.0.75&Prime;][et_pb_column type=\u00a0\u00bb4_4&Prime; _builder_version=\u00a0\u00bb3.0.47&Prime; parallax=\u00a0\u00bboff\u00a0\u00bb parallax_method=\u00a0\u00bbon\u00a0\u00bb][et_pb_text admin_label=\u00a0\u00bbEN OFFRIR PLUS ET PRENDRE DES D\u00c9CISIONS \u00c9CLAIR\u00c9ES \u00a0\u00bb _builder_version=\u00a0\u00bb3.0.89&Prime; header_text_align=\u00a0\u00bbleft\u00a0\u00bb max_width=\u00a0\u00bb680px\u00a0\u00bb module_alignment=\u00a0\u00bbleft\u00a0\u00bb custom_padding=\u00a0\u00bb50px|30px|50px|30px\u00a0\u00bb]<\/p>\n<p>De la connectivit\u00e9 \u00e0 la valorisation des donn\u00e9es, Consortech poss\u00e8de un \u00e9ventail imposant d\u2019expertises et d\u2019outils ETL. Tirez profit du potentiel de vos donn\u00e9es sans remettre en question votre architecture TI.<\/p>\n<p>[\/et_pb_text][\/et_pb_column][\/et_pb_row][\/et_pb_section][et_pb_section fb_built=\u00a0\u00bb1&Prime; disabled_on=\u00a0\u00bboff|off|off\u00a0\u00bb custom_padding_last_edited=\u00a0\u00bbon|tablet\u00a0\u00bb _builder_version=\u00a0\u00bb3.0.89&Prime; custom_padding=\u00a0\u00bb90px||90px|\u00a0\u00bb custom_padding_tablet=\u00a0\u00bb0px||50px|\u00a0\u00bb][et_pb_row _builder_version=\u00a0\u00bb3.0.75&Prime;][et_pb_column type=\u00a0\u00bb4_4&Prime; _builder_version=\u00a0\u00bb3.0.47&Prime; parallax=\u00a0\u00bboff\u00a0\u00bb parallax_method=\u00a0\u00bbon\u00a0\u00bb][et_pb_divider color=\u00a0\u00bb#39e2c2&Prime; show_divider=\u00a0\u00bbon\u00a0\u00bb divider_weight=\u00a0\u00bb2&Prime; height=\u00a0\u00bb2&Prime; _builder_version=\u00a0\u00bb3.0.89&Prime; max_width=\u00a0\u00bb200px\u00a0\u00bb animation_style=\u00a0\u00bbzoom\u00a0\u00bb custom_css_main_element=\u00a0\u00bbmargin:0 auto;\u00a0\u00bb][\/et_pb_divider][et_pb_text admin_label=\u00a0\u00bbL\u2019internet des objets rec\u00e8le un potentiel \u00e9norme\u00a0\u00bb _builder_version=\u00a0\u00bb3.0.89&Prime; text_font=\u00a0\u00bb|on|||\u00a0\u00bb text_font_size=\u00a0\u00bb35&Prime; text_line_height=\u00a0\u00bb1.3em\u00a0\u00bb text_orientation=\u00a0\u00bbcenter\u00a0\u00bb max_width=\u00a0\u00bb900px\u00a0\u00bb module_alignment=\u00a0\u00bbcenter\u00a0\u00bb custom_padding=\u00a0\u00bb30px||30px|\u00a0\u00bb]<\/p>\n<p><strong>L\u2019internet des objets rec\u00e8le un <span style=\"color: #39e2c2;\">potentiel \u00e9norme<\/span> encore trop peu exploit\u00e9\u00a0<\/strong><strong>par les entreprises et les villes nord-am\u00e9ricaines.\u00a0<\/strong><\/p>\n<p>[\/et_pb_text][et_pb_divider color=\u00a0\u00bb#39e2c2&Prime; show_divider=\u00a0\u00bbon\u00a0\u00bb divider_weight=\u00a0\u00bb2&Prime; height=\u00a0\u00bb2&Prime; _builder_version=\u00a0\u00bb3.0.89&Prime; max_width=\u00a0\u00bb200px\u00a0\u00bb custom_padding=\u00a0\u00bb||0px|\u00a0\u00bb animation_style=\u00a0\u00bbzoom\u00a0\u00bb custom_css_main_element=\u00a0\u00bbmargin:0 auto;\u00a0\u00bb][\/et_pb_divider][\/et_pb_column][\/et_pb_row][\/et_pb_section][et_pb_section fb_built=\u00a0\u00bb1&Prime; disabled_on=\u00a0\u00bbon|on|on\u00a0\u00bb _builder_version=\u00a0\u00bb3.0.82&Prime; disabled=\u00a0\u00bbon\u00a0\u00bb][et_pb_row _builder_version=\u00a0\u00bb3.0.47&Prime; background_size=\u00a0\u00bbinitial\u00a0\u00bb background_position=\u00a0\u00bbtop_left\u00a0\u00bb background_repeat=\u00a0\u00bbrepeat\u00a0\u00bb][et_pb_column type=\u00a0\u00bb1_3&Prime; _builder_version=\u00a0\u00bb3.0.47&Prime; parallax=\u00a0\u00bboff\u00a0\u00bb parallax_method=\u00a0\u00bbon\u00a0\u00bb][et_pb_image src=\u00a0\u00bbhttps:\/\/consortech.com\/wp-content\/uploads\/2017\/08\/icone-histoires.svg\u00a0\u00bb _builder_version=\u00a0\u00bb3.0.69&Prime; max_width=\u00a0\u00bb302px\u00a0\u00bb sticky=\u00a0\u00bboff\u00a0\u00bb][\/et_pb_image][\/et_pb_column][et_pb_column type=\u00a0\u00bb2_3&Prime; _builder_version=\u00a0\u00bb3.0.47&Prime; parallax=\u00a0\u00bboff\u00a0\u00bb parallax_method=\u00a0\u00bbon\u00a0\u00bb][et_pb_text admin_label=\u00a0\u00bbHISTOIRE \u00c0 SUCC\u00c8S\u00a0\u00bb module_class=\u00a0\u00bbbg-zoom-1 \u00a0\u00bb _builder_version=\u00a0\u00bb3.0.82&Prime;]<\/p>\n<h2>HISTOIRE <strong>\u00c0 SUCC\u00c8S<\/strong><\/h2>\n<p>\u00ab\u00a0Non ergo erunt homines deliciis diffluentes audiendi, si quando de amicitia,ratione habent cognitam, disputabunt. Nam quis est, pro deorum fidem atque hominum! Magnentio, ferebatur per strages multiplices ac ruinas, vinculis membra.\u00a0\u00bb\u00a0\u00a0<\/p>\n<p><strong>JOHN DOE<\/strong><\/p>\n<p><a class=\"lien-plus\" href=\"https:\/\/consortech.com\/clients\/\"><img loading=\"lazy\" decoding=\"async\" class=\"alignnone wp-image-574\" src=\"https:\/\/consortech.com\/wp-content\/uploads\/2017\/08\/plus-violet.svg\" alt=\"\" width=\"50\" height=\"50\" \/><\/a><\/p>\n<p>[\/et_pb_text][\/et_pb_column][\/et_pb_row][\/et_pb_section][et_pb_section fb_built=\u00a0\u00bb1&Prime; background_color=\u00a0\u00bb#ededed\u00a0\u00bb module_class=\u00a0\u00bbcontact-cta\u00a0\u00bb _builder_version=\u00a0\u00bb3.0.87&Prime; background_image=\u00a0\u00bbhttps:\/\/consortech.com\/wp-content\/uploads\/2015\/11\/bg-projet.svg\u00a0\u00bb background_size=\u00a0\u00bbcontain\u00a0\u00bb background_position=\u00a0\u00bbtop_left\u00a0\u00bb custom_css_main_element=\u00a0\u00bbborder-bottom : 15px solid #fff;\u00a0\u00bb][et_pb_row make_equal=\u00a0\u00bbon\u00a0\u00bb padding_top_1=\u00a0\u00bb50px\u00a0\u00bb padding_bottom_1=\u00a0\u00bb50px\u00a0\u00bb background_position_1=\u00a0\u00bbtop_left\u00a0\u00bb background_position_2=\u00a0\u00bbtop_left\u00a0\u00bb background_repeat_1=\u00a0\u00bbno-repeat\u00a0\u00bb background_repeat_2=\u00a0\u00bbno-repeat\u00a0\u00bb padding_1_tablet=\u00a0\u00bb0px||0px|\u00a0\u00bb padding_1_last_edited=\u00a0\u00bbon|tablet\u00a0\u00bb custom_padding_last_edited=\u00a0\u00bboff|desktop\u00a0\u00bb _builder_version=\u00a0\u00bb3.0.75&Prime;][et_pb_column type=\u00a0\u00bb2_3&Prime; _builder_version=\u00a0\u00bb3.0.47&Prime; padding_tablet=\u00a0\u00bb0px||0px|\u00a0\u00bb padding_last_edited=\u00a0\u00bbon|tablet\u00a0\u00bb padding_bottom=\u00a0\u00bb50px\u00a0\u00bb padding_top=\u00a0\u00bb50px\u00a0\u00bb parallax=\u00a0\u00bboff\u00a0\u00bb parallax_method=\u00a0\u00bbon\u00a0\u00bb background_position=\u00a0\u00bbtop_left\u00a0\u00bb background_repeat=\u00a0\u00bbno-repeat\u00a0\u00bb][et_pb_text admin_label=\u00a0\u00bbL\u2019internet des objets bouscule les technologies\u00a0\u00bb _builder_version=\u00a0\u00bb3.0.89&Prime; text_font_size=\u00a0\u00bb25px\u00a0\u00bb custom_padding=\u00a0\u00bb||20px|\u00a0\u00bb]<\/p>\n<h2><strong><span style=\"color: #ca3042;\">L&rsquo;INTERNET DES OBJETS<\/span><\/strong><br \/>\n <strong>BOUSCULE LES TECHNOLOGIES.<\/strong><\/h2>\n<p>Soyez au devant de la vague.\u00a0<\/p>\n<p>[\/et_pb_text][et_pb_button button_url=\u00a0\u00bb\/fr\/solutions\/\u00a0\u00bb button_text=\u00a0\u00bbD\u00e9couvrez nos solutions\u00a0\u00bb button_alignment=\u00a0\u00bbleft\u00a0\u00bb background_layout=\u00a0\u00bbdark\u00a0\u00bb admin_label=\u00a0\u00bbD\u00e9couvrez nos solutions\u00a0\u00bb _builder_version=\u00a0\u00bb3.0.89&Prime;][\/et_pb_button][\/et_pb_column][et_pb_column type=\u00a0\u00bb1_3&Prime; _builder_version=\u00a0\u00bb3.0.47&Prime; parallax=\u00a0\u00bboff\u00a0\u00bb parallax_method=\u00a0\u00bbon\u00a0\u00bb background_position=\u00a0\u00bbtop_left\u00a0\u00bb background_repeat=\u00a0\u00bbno-repeat\u00a0\u00bb][et_pb_image src=\u00a0\u00bbhttps:\/\/consortech.com\/wp-content\/uploads\/2017\/11\/contact-2.png\u00a0\u00bb disabled_on=\u00a0\u00bboff|off|\u00a0\u00bb _builder_version=\u00a0\u00bb3.0.89&Prime; max_width=\u00a0\u00bb343px\u00a0\u00bb][\/et_pb_image][\/et_pb_column][\/et_pb_row][\/et_pb_section]<\/p>\n","protected":false},"excerpt":{"rendered":"<p>L\u2019internet des objets: une tendance incontournable Plusieurs secteurs et industries sont impact\u00e9s par la venue des objets connect\u00e9s et la quantit\u00e9 astronomique de donn\u00e9es qu\u2019ils g\u00e9n\u00e8rent sous diff\u00e9rents formats. Convertir ces donn\u00e9es en intelligence d&rsquo;affaires constitue un important levier de croissance pour les organisations, mais encore faut-il savoir comment s\u2019y prendre! Pour lier les syst\u00e8mes [&hellip;]<\/p>\n","protected":false},"author":1,"featured_media":0,"parent":470,"menu_order":0,"comment_status":"closed","ping_status":"closed","template":"","meta":{"_acf_changed":false,"_et_pb_use_builder":"on","_et_pb_old_content":"","_et_gb_content_width":"","_monsterinsights_skip_tracking":false,"_monsterinsights_sitenote_active":false,"_monsterinsights_sitenote_note":"","_monsterinsights_sitenote_category":0,"footnotes":""},"class_list":["post-474","page","type-page","status-publish","hentry"],"acf":[],"yoast_head":"<!-- This site is optimized with the Yoast SEO plugin v27.2 - https:\/\/yoast.com\/product\/yoast-seo-wordpress\/ -->\n<title>L\u2019Internet des objets et le Big Data | Consortech<\/title>\n<meta name=\"description\" content=\"Les objets connect\u00e9s g\u00e9n\u00e8rent des quantit\u00e9s astronomiques de donn\u00e9es. Voyez comment les outils ETL peuvent les mettre \u00e0 profit!\" \/>\n<meta name=\"robots\" content=\"index, follow, max-snippet:-1, max-image-preview:large, max-video-preview:-1\" \/>\n<link rel=\"canonical\" href=\"https:\/\/www.consortech.com\/fr\/expertise-etl\/internet-des-objets\/\" \/>\n<meta property=\"og:locale\" content=\"fr_FR\" \/>\n<meta property=\"og:type\" content=\"article\" \/>\n<meta property=\"og:title\" content=\"L\u2019Internet des objets et le Big Data | Consortech\" \/>\n<meta property=\"og:description\" content=\"Les objets connect\u00e9s g\u00e9n\u00e8rent des quantit\u00e9s astronomiques de donn\u00e9es. Voyez comment les outils ETL peuvent les mettre \u00e0 profit!\" \/>\n<meta property=\"og:url\" content=\"https:\/\/www.consortech.com\/fr\/expertise-etl\/internet-des-objets\/\" \/>\n<meta property=\"og:site_name\" content=\"Consortech\" \/>\n<meta property=\"article:modified_time\" content=\"2017-11-30T13:34:32+00:00\" \/>\n<meta property=\"og:image\" content=\"https:\/\/consortech.com\/wp-content\/uploads\/2017\/08\/plus-violet.svg\" \/>\n<meta name=\"twitter:card\" content=\"summary_large_image\" \/>\n<meta name=\"twitter:label1\" content=\"Dur\u00e9e de lecture estim\u00e9e\" \/>\n\t<meta name=\"twitter:data1\" content=\"7 minutes\" \/>\n<script type=\"application\/ld+json\" class=\"yoast-schema-graph\">{\"@context\":\"https:\/\/schema.org\",\"@graph\":[{\"@type\":\"WebPage\",\"@id\":\"https:\/\/www.consortech.com\/fr\/expertise-etl\/internet-des-objets\/\",\"url\":\"https:\/\/www.consortech.com\/fr\/expertise-etl\/internet-des-objets\/\",\"name\":\"L\u2019Internet des objets et le Big Data | Consortech\",\"isPartOf\":{\"@id\":\"https:\/\/www.consortech.com\/#website\"},\"primaryImageOfPage\":{\"@id\":\"https:\/\/www.consortech.com\/fr\/expertise-etl\/internet-des-objets\/#primaryimage\"},\"image\":{\"@id\":\"https:\/\/www.consortech.com\/fr\/expertise-etl\/internet-des-objets\/#primaryimage\"},\"thumbnailUrl\":\"https:\/\/consortech.com\/wp-content\/uploads\/2017\/08\/plus-violet.svg\",\"datePublished\":\"2017-08-11T15:17:24+00:00\",\"dateModified\":\"2017-11-30T13:34:32+00:00\",\"description\":\"Les objets connect\u00e9s g\u00e9n\u00e8rent des quantit\u00e9s astronomiques de donn\u00e9es. Voyez comment les outils ETL peuvent les mettre \u00e0 profit!\",\"breadcrumb\":{\"@id\":\"https:\/\/www.consortech.com\/fr\/expertise-etl\/internet-des-objets\/#breadcrumb\"},\"inLanguage\":\"fr-FR\",\"potentialAction\":[{\"@type\":\"ReadAction\",\"target\":[\"https:\/\/www.consortech.com\/fr\/expertise-etl\/internet-des-objets\/\"]}]},{\"@type\":\"ImageObject\",\"inLanguage\":\"fr-FR\",\"@id\":\"https:\/\/www.consortech.com\/fr\/expertise-etl\/internet-des-objets\/#primaryimage\",\"url\":\"https:\/\/consortech.com\/wp-content\/uploads\/2017\/08\/plus-violet.svg\",\"contentUrl\":\"https:\/\/consortech.com\/wp-content\/uploads\/2017\/08\/plus-violet.svg\"},{\"@type\":\"BreadcrumbList\",\"@id\":\"https:\/\/www.consortech.com\/fr\/expertise-etl\/internet-des-objets\/#breadcrumb\",\"itemListElement\":[{\"@type\":\"ListItem\",\"position\":1,\"name\":\"Accueil\",\"item\":\"https:\/\/www.consortech.com\/fr\/\"},{\"@type\":\"ListItem\",\"position\":2,\"name\":\"Expertise ETL\",\"item\":\"https:\/\/www.consortech.com\/fr\/expertise-etl\/\"},{\"@type\":\"ListItem\",\"position\":3,\"name\":\"Internet des objets\"}]},{\"@type\":\"WebSite\",\"@id\":\"https:\/\/www.consortech.com\/#website\",\"url\":\"https:\/\/www.consortech.com\/\",\"name\":\"Consortech\",\"description\":\"Experts in data integration\",\"potentialAction\":[{\"@type\":\"SearchAction\",\"target\":{\"@type\":\"EntryPoint\",\"urlTemplate\":\"https:\/\/www.consortech.com\/?s={search_term_string}\"},\"query-input\":{\"@type\":\"PropertyValueSpecification\",\"valueRequired\":true,\"valueName\":\"search_term_string\"}}],\"inLanguage\":\"fr-FR\"}]}<\/script>\n<!-- \/ Yoast SEO plugin. -->","yoast_head_json":{"title":"L\u2019Internet des objets et le Big Data | Consortech","description":"Les objets connect\u00e9s g\u00e9n\u00e8rent des quantit\u00e9s astronomiques de donn\u00e9es. Voyez comment les outils ETL peuvent les mettre \u00e0 profit!","robots":{"index":"index","follow":"follow","max-snippet":"max-snippet:-1","max-image-preview":"max-image-preview:large","max-video-preview":"max-video-preview:-1"},"canonical":"https:\/\/www.consortech.com\/fr\/expertise-etl\/internet-des-objets\/","og_locale":"fr_FR","og_type":"article","og_title":"L\u2019Internet des objets et le Big Data | Consortech","og_description":"Les objets connect\u00e9s g\u00e9n\u00e8rent des quantit\u00e9s astronomiques de donn\u00e9es. Voyez comment les outils ETL peuvent les mettre \u00e0 profit!","og_url":"https:\/\/www.consortech.com\/fr\/expertise-etl\/internet-des-objets\/","og_site_name":"Consortech","article_modified_time":"2017-11-30T13:34:32+00:00","og_image":[{"url":"https:\/\/consortech.com\/wp-content\/uploads\/2017\/08\/plus-violet.svg","type":"","width":"","height":""}],"twitter_card":"summary_large_image","twitter_misc":{"Dur\u00e9e de lecture estim\u00e9e":"7 minutes"},"schema":{"@context":"https:\/\/schema.org","@graph":[{"@type":"WebPage","@id":"https:\/\/www.consortech.com\/fr\/expertise-etl\/internet-des-objets\/","url":"https:\/\/www.consortech.com\/fr\/expertise-etl\/internet-des-objets\/","name":"L\u2019Internet des objets et le Big Data | Consortech","isPartOf":{"@id":"https:\/\/www.consortech.com\/#website"},"primaryImageOfPage":{"@id":"https:\/\/www.consortech.com\/fr\/expertise-etl\/internet-des-objets\/#primaryimage"},"image":{"@id":"https:\/\/www.consortech.com\/fr\/expertise-etl\/internet-des-objets\/#primaryimage"},"thumbnailUrl":"https:\/\/consortech.com\/wp-content\/uploads\/2017\/08\/plus-violet.svg","datePublished":"2017-08-11T15:17:24+00:00","dateModified":"2017-11-30T13:34:32+00:00","description":"Les objets connect\u00e9s g\u00e9n\u00e8rent des quantit\u00e9s astronomiques de donn\u00e9es. Voyez comment les outils ETL peuvent les mettre \u00e0 profit!","breadcrumb":{"@id":"https:\/\/www.consortech.com\/fr\/expertise-etl\/internet-des-objets\/#breadcrumb"},"inLanguage":"fr-FR","potentialAction":[{"@type":"ReadAction","target":["https:\/\/www.consortech.com\/fr\/expertise-etl\/internet-des-objets\/"]}]},{"@type":"ImageObject","inLanguage":"fr-FR","@id":"https:\/\/www.consortech.com\/fr\/expertise-etl\/internet-des-objets\/#primaryimage","url":"https:\/\/consortech.com\/wp-content\/uploads\/2017\/08\/plus-violet.svg","contentUrl":"https:\/\/consortech.com\/wp-content\/uploads\/2017\/08\/plus-violet.svg"},{"@type":"BreadcrumbList","@id":"https:\/\/www.consortech.com\/fr\/expertise-etl\/internet-des-objets\/#breadcrumb","itemListElement":[{"@type":"ListItem","position":1,"name":"Accueil","item":"https:\/\/www.consortech.com\/fr\/"},{"@type":"ListItem","position":2,"name":"Expertise ETL","item":"https:\/\/www.consortech.com\/fr\/expertise-etl\/"},{"@type":"ListItem","position":3,"name":"Internet des objets"}]},{"@type":"WebSite","@id":"https:\/\/www.consortech.com\/#website","url":"https:\/\/www.consortech.com\/","name":"Consortech","description":"Experts in data integration","potentialAction":[{"@type":"SearchAction","target":{"@type":"EntryPoint","urlTemplate":"https:\/\/www.consortech.com\/?s={search_term_string}"},"query-input":{"@type":"PropertyValueSpecification","valueRequired":true,"valueName":"search_term_string"}}],"inLanguage":"fr-FR"}]}},"_links":{"self":[{"href":"https:\/\/www.consortech.com\/fr\/wp-json\/wp\/v2\/pages\/474","targetHints":{"allow":["GET"]}}],"collection":[{"href":"https:\/\/www.consortech.com\/fr\/wp-json\/wp\/v2\/pages"}],"about":[{"href":"https:\/\/www.consortech.com\/fr\/wp-json\/wp\/v2\/types\/page"}],"author":[{"embeddable":true,"href":"https:\/\/www.consortech.com\/fr\/wp-json\/wp\/v2\/users\/1"}],"replies":[{"embeddable":true,"href":"https:\/\/www.consortech.com\/fr\/wp-json\/wp\/v2\/comments?post=474"}],"version-history":[{"count":0,"href":"https:\/\/www.consortech.com\/fr\/wp-json\/wp\/v2\/pages\/474\/revisions"}],"up":[{"embeddable":true,"href":"https:\/\/www.consortech.com\/fr\/wp-json\/wp\/v2\/pages\/470"}],"wp:attachment":[{"href":"https:\/\/www.consortech.com\/fr\/wp-json\/wp\/v2\/media?parent=474"}],"curies":[{"name":"wp","href":"https:\/\/api.w.org\/{rel}","templated":true}]}}