
{"id":473,"date":"2017-08-11T11:16:41","date_gmt":"2017-08-11T15:16:41","guid":{"rendered":"http:\/\/consortechsite.wpengine.com\/?page_id=473\/"},"modified":"2017-12-05T09:01:59","modified_gmt":"2017-12-05T14:01:59","slug":"gouvernement-numerique","status":"publish","type":"page","link":"https:\/\/www.consortech.com\/fr\/expertise-etl\/gouvernement-numerique\/","title":{"rendered":"Gouvernement num\u00e9rique"},"content":{"rendered":"\t\t<div class=\"et_pb_section et_pb_with_background et_section_regular breadcrumbs_section\">\n\t\t\t<div class=\" et_pb_row breadcrumbs_row\">\n\t\t\t\t<div class=\"et_pb_column et_pb_column_4_4 breadcrumbs_column\">\n\t\t\t\t\t<div class=\"et_pb_code et_pb_module breadcrumbs_module\">\n\t\t\t\t\t\t<span><span><a href=\"https:\/\/www.consortech.com\/fr\/\">Accueil<\/a><\/span><\/span>\t\t\t\t\t<\/div> <!-- .et_pb_code -->\n\t\t\t\t<\/div> <!-- .et_pb_column -->\n\t\t\t<\/div> <!-- .et_pb_row -->\n\t\t<\/div>\n\t\t<p>[et_pb_section fb_built=\u00a0\u00bb1&Prime; module_class=\u00a0\u00bbliste-rouge\u00a0\u00bb _builder_version=\u00a0\u00bb3.0.75&Prime;][et_pb_row use_custom_gutter=\u00a0\u00bbon\u00a0\u00bb gutter_width=\u00a0\u00bb2&Prime; _builder_version=\u00a0\u00bb3.0.87&Prime;][et_pb_column type=\u00a0\u00bb2_3&Prime; _builder_version=\u00a0\u00bb3.0.47&Prime; parallax=\u00a0\u00bboff\u00a0\u00bb parallax_method=\u00a0\u00bbon\u00a0\u00bb][et_pb_text admin_label=\u00a0\u00bb\u00cates-vous pr\u00eat pour les d\u00e9fis du gouvernement num\u00e9rique?\u00a0\u00bb _builder_version=\u00a0\u00bb3.0.89&Prime; border_style=\u00a0\u00bbsolid\u00a0\u00bb]<\/p>\n<h1><strong>\u00cates-vous pr\u00eat pour les d\u00e9fis du <span style=\"color: #ca3042;\">gouvernement num\u00e9rique<\/span>?<\/strong><\/h1>\n<p>Le secteur public fait face \u00e0 des attentes grandissantes quant \u00e0 une offre de services num\u00e9riques. La population et les entreprises souhaitent interagir avec le gouvernement en temps r\u00e9el, 24 h par jour et via de multiples plateformes.<\/p>\n<p>Avez-vous un plan pour suivre la tendance et adapter vos pratiques de gestion des donn\u00e9es au e-gouvernement? Pour y arriver, Consortech est votre meilleur alli\u00e9. Notre connaissance d\u2019innombrables formats de donn\u00e9es g\u00e9ospatiales, de bases de donn\u00e9es et de sources d&rsquo;information permet \u00e0 nos experts d\u2019optimiser vos processus cl\u00e9s.<\/p>\n<p>Les technologies ETL ouvrent la porte \u00e0 d\u2019immenses possibilit\u00e9s.<strong>\u00a0<\/strong>Du traitement complexe des donn\u00e9es \u00e0 l\u2019<a href=\"https:\/\/consortech.com\/fr\/expertise\/automatisation\/\">automatisation des flux<\/a>, repoussez les limites de vos syst\u00e8mes actuels en offrant des services plus efficaces.<\/p>\n<p><b>Des services plus simples et plus rapides, c\u2019est gagnant-gagnant!<\/b><\/p>\n<p>[\/et_pb_text][\/et_pb_column][et_pb_column type=\u00a0\u00bb1_3&Prime; _builder_version=\u00a0\u00bb3.0.47&Prime; parallax=\u00a0\u00bboff\u00a0\u00bb parallax_method=\u00a0\u00bbon\u00a0\u00bb][et_pb_image src=\u00a0\u00bbhttps:\/\/consortech.com\/wp-content\/uploads\/2017\/11\/gouv-head.png\u00a0\u00bb _builder_version=\u00a0\u00bb3.0.89&Prime; border_style_all=\u00a0\u00bbsolid\u00a0\u00bb max_width=\u00a0\u00bb342px\u00a0\u00bb border_style=\u00a0\u00bbsolid\u00a0\u00bb][\/et_pb_image][\/et_pb_column][\/et_pb_row][\/et_pb_section][et_pb_section fb_built=\u00a0\u00bb1&Prime; custom_padding_last_edited=\u00a0\u00bbon|desktop\u00a0\u00bb _builder_version=\u00a0\u00bb3.0.89&Prime; custom_padding=\u00a0\u00bb0px|||\u00a0\u00bb][et_pb_row _builder_version=\u00a0\u00bb3.0.75&Prime;][et_pb_column type=\u00a0\u00bb4_4&Prime; _builder_version=\u00a0\u00bb3.0.47&Prime; parallax=\u00a0\u00bboff\u00a0\u00bb parallax_method=\u00a0\u00bbon\u00a0\u00bb][et_pb_divider color=\u00a0\u00bb#39e2c2&Prime; show_divider=\u00a0\u00bbon\u00a0\u00bb divider_weight=\u00a0\u00bb2&Prime; height=\u00a0\u00bb2&Prime; _builder_version=\u00a0\u00bb3.0.75&Prime; max_width=\u00a0\u00bb200px\u00a0\u00bb animation_style=\u00a0\u00bbzoom\u00a0\u00bb custom_css_main_element=\u00a0\u00bbmargin:0 auto;\u00a0\u00bb][\/et_pb_divider][et_pb_text admin_label=\u00a0\u00bb\u00c0 l&rsquo;\u00e8re du num\u00e9rique, les citoyens s&rsquo;attendent maintenant \u00e0 ce que leurs services gouvernementaux soient plus accessibles, rapides et efficaces\u00a0\u00bb _builder_version=\u00a0\u00bb3.0.89&Prime; text_font=\u00a0\u00bb|on|||\u00a0\u00bb text_font_size=\u00a0\u00bb35&Prime; text_line_height=\u00a0\u00bb1.3em\u00a0\u00bb border_style_all=\u00a0\u00bbsolid\u00a0\u00bb text_orientation=\u00a0\u00bbcenter\u00a0\u00bb max_width=\u00a0\u00bb900px\u00a0\u00bb module_alignment=\u00a0\u00bbcenter\u00a0\u00bb custom_padding=\u00a0\u00bb30px||30px|\u00a0\u00bb border_style=\u00a0\u00bbsolid\u00a0\u00bb]<\/p>\n<p><strong>\u00c0 l&rsquo;\u00e8re du num\u00e9rique, les citoyens s&rsquo;attendent maintenant \u00e0 ce que leurs services gouvernementaux soient <span style=\"color: #39e2c2;\">plus accessibles, rapides et efficaces<span style=\"color: #404040;\">.<\/span><\/span><\/strong><\/p>\n<p>[\/et_pb_text][et_pb_divider color=\u00a0\u00bb#39e2c2&Prime; show_divider=\u00a0\u00bbon\u00a0\u00bb divider_weight=\u00a0\u00bb2&Prime; height=\u00a0\u00bb2&Prime; _builder_version=\u00a0\u00bb3.0.75&Prime; max_width=\u00a0\u00bb200px\u00a0\u00bb animation_style=\u00a0\u00bbzoom\u00a0\u00bb custom_css_main_element=\u00a0\u00bbmargin:0 auto;\u00a0\u00bb][\/et_pb_divider][\/et_pb_column][\/et_pb_row][\/et_pb_section][et_pb_section fb_built=\u00a0\u00bb1&Prime; module_class=\u00a0\u00bbliste-rouge\u00a0\u00bb _builder_version=\u00a0\u00bb3.0.75&Prime; background_image=\u00a0\u00bbhttps:\/\/consortech.com\/wp-content\/uploads\/2017\/11\/gouv-num.png\u00a0\u00bb custom_padding=\u00a0\u00bb0px||0px|\u00a0\u00bb custom_css_main_element=\u00a0\u00bbz-index: -1;\u00a0\u00bb custom_margin=\u00a0\u00bb||15px|\u00a0\u00bb][et_pb_row use_custom_width=\u00a0\u00bbon\u00a0\u00bb custom_width_px=\u00a0\u00bb680px\u00a0\u00bb custom_padding=\u00a0\u00bb0px||0px|\u00a0\u00bb disabled_on=\u00a0\u00bbon||\u00a0\u00bb custom_padding_last_edited=\u00a0\u00bboff|tablet\u00a0\u00bb _builder_version=\u00a0\u00bb3.0.89&Prime; custom_css_main_element=\u00a0\u00bbcontent: %22 %22;|| background: url(https:\/\/consortech.com\/wp-content\/uploads\/2017\/08\/cercle-blanc.svg);|| height: 100%;|| width: 100%;|| display: block;|| overflow: hidden;|| background-size: cover;|| background-position: center center;\u00a0\u00bb][et_pb_column type=\u00a0\u00bb4_4&Prime; _builder_version=\u00a0\u00bb3.0.47&Prime; parallax=\u00a0\u00bboff\u00a0\u00bb parallax_method=\u00a0\u00bbon\u00a0\u00bb][et_pb_text admin_label=\u00a0\u00bbOuvrir vos donn\u00e9es, stimuler la participation citoyenne &#8211; Desktop\u00a0\u00bb _builder_version=\u00a0\u00bb3.0.89&Prime; header_text_align=\u00a0\u00bbleft\u00a0\u00bb border_style_all=\u00a0\u00bbsolid\u00a0\u00bb max_width=\u00a0\u00bb680px\u00a0\u00bb module_alignment=\u00a0\u00bbleft\u00a0\u00bb custom_padding=\u00a0\u00bb90px|100px|30px|100px\u00a0\u00bb border_style=\u00a0\u00bbsolid\u00a0\u00bb]<\/p>\n<p>Ouvrir vos donn\u00e9es, stimuler la participation citoyenne et tirer profit du potentiel de vos syst\u00e8mes apporte des <strong>b\u00e9n\u00e9fices<\/strong> \u00e0 tous.<\/p>\n<ul>\n<li>Am\u00e9liorez globalement l\u2019exp\u00e9rience des citoyens et des entreprises<\/li>\n<li>Consolidez des donn\u00e9es pour prendre des d\u00e9cisions \u00e9clair\u00e9es<\/li>\n<li>Publiez des informations cl\u00e9s qui attirent les investisseurs<\/li>\n<li>Ouvrez des guichets uniques qui rendent les utilisateurs plus autonomes<\/li>\n<li>Optimisez vos co\u00fbts et r\u00e9pondez \u00e0 plus de demandes avec les m\u00eames ressources<\/li>\n<\/ul>\n<p>&nbsp;<\/p>\n<p>[\/et_pb_text][\/et_pb_column][\/et_pb_row][et_pb_row use_custom_width=\u00a0\u00bbon\u00a0\u00bb custom_padding=\u00a0\u00bb0px||0px|\u00a0\u00bb background_color=\u00a0\u00bbrgba(255,255,255,0.9)\u00a0\u00bb disabled_on=\u00a0\u00bb|on|on\u00a0\u00bb custom_padding_last_edited=\u00a0\u00bboff|tablet\u00a0\u00bb _builder_version=\u00a0\u00bb3.0.75&Prime;][et_pb_column type=\u00a0\u00bb4_4&Prime; _builder_version=\u00a0\u00bb3.0.47&Prime; parallax=\u00a0\u00bboff\u00a0\u00bb parallax_method=\u00a0\u00bbon\u00a0\u00bb][et_pb_text admin_label=\u00a0\u00bbOuvrir vos donn\u00e9es, stimuler la participation citoyenne \u00a0\u00bb _builder_version=\u00a0\u00bb3.0.89&Prime; header_text_align=\u00a0\u00bbleft\u00a0\u00bb border_style_all=\u00a0\u00bbsolid\u00a0\u00bb max_width=\u00a0\u00bb680px\u00a0\u00bb module_alignment=\u00a0\u00bbleft\u00a0\u00bb custom_padding=\u00a0\u00bb50px|30px|0px|30px\u00a0\u00bb border_style=\u00a0\u00bbsolid\u00a0\u00bb]<\/p>\n<p>Ouvrir vos donn\u00e9es, stimuler la participation citoyenne et tirer profit du potentiel de vos syst\u00e8mes apporte des <strong>b\u00e9n\u00e9fices<\/strong> \u00e0 tous.<\/p>\n<ul>\n<li>Am\u00e9liorez globalement l\u2019exp\u00e9rience des citoyens et des entreprises<\/li>\n<li>Consolidez des donn\u00e9es pour prendre des d\u00e9cisions \u00e9clair\u00e9es<\/li>\n<li>Publiez des informations cl\u00e9s qui attirent les investisseurs<\/li>\n<li>Ouvrez des guichets uniques qui rendent les utilisateurs plus autonomes<\/li>\n<li>Optimisez vos co\u00fbts et r\u00e9pondez \u00e0 plus de demandes avec les m\u00eames ressources<\/li>\n<\/ul>\n<p>[\/et_pb_text][\/et_pb_column][\/et_pb_row][\/et_pb_section][et_pb_section fb_built=\u00a0\u00bb1&Prime; disabled_on=\u00a0\u00bbon|on|on\u00a0\u00bb _builder_version=\u00a0\u00bb3.0.82&Prime; disabled=\u00a0\u00bbon\u00a0\u00bb][et_pb_row _builder_version=\u00a0\u00bb3.0.47&Prime; background_size=\u00a0\u00bbinitial\u00a0\u00bb background_position=\u00a0\u00bbtop_left\u00a0\u00bb background_repeat=\u00a0\u00bbrepeat\u00a0\u00bb][et_pb_column type=\u00a0\u00bb1_3&Prime; _builder_version=\u00a0\u00bb3.0.47&Prime; parallax=\u00a0\u00bboff\u00a0\u00bb parallax_method=\u00a0\u00bbon\u00a0\u00bb][et_pb_image src=\u00a0\u00bbhttps:\/\/consortech.com\/wp-content\/uploads\/2017\/08\/icone-histoires.svg\u00a0\u00bb _builder_version=\u00a0\u00bb3.0.69&Prime; max_width=\u00a0\u00bb302px\u00a0\u00bb sticky=\u00a0\u00bboff\u00a0\u00bb][\/et_pb_image][\/et_pb_column][et_pb_column type=\u00a0\u00bb2_3&Prime; _builder_version=\u00a0\u00bb3.0.47&Prime; parallax=\u00a0\u00bboff\u00a0\u00bb parallax_method=\u00a0\u00bbon\u00a0\u00bb][et_pb_text admin_label=\u00a0\u00bbHISTOIRE \u00c0 SUCC\u00c8S\u00a0\u00bb module_class=\u00a0\u00bbbg-zoom-1 \u00a0\u00bb _builder_version=\u00a0\u00bb3.0.87&Prime;]<\/p>\n<h2>HISTOIRE <strong>\u00c0 SUCC\u00c8S<\/strong><\/h2>\n<p>\u00ab\u00a0Non ergo erunt homines deliciis diffluentes audiendi, si quando de amicitia,ratione habent cognitam, disputabunt. Nam quis est, pro deorum fidem atque hominum! Magnentio, ferebatur per strages multiplices ac ruinas, vinculis membra.\u00a0\u00bb\u00a0\u00a0<\/p>\n<p><strong>JOHN DOE<\/strong><\/p>\n<p><a class=\"lien-plus\" href=\"https:\/\/consortech.com\/clients\/\"><img loading=\"lazy\" decoding=\"async\" class=\"alignnone wp-image-574\" src=\"https:\/\/consortech.com\/wp-content\/uploads\/2017\/08\/plus-violet.svg\" alt=\"\" width=\"50\" height=\"50\" \/><\/a><\/p>\n<p>[\/et_pb_text][\/et_pb_column][\/et_pb_row][\/et_pb_section][et_pb_section fb_built=\u00a0\u00bb1&Prime; background_color=\u00a0\u00bb#ededed\u00a0\u00bb _builder_version=\u00a0\u00bb3.0.69&Prime; background_image=\u00a0\u00bbhttps:\/\/consortech.com\/wp-content\/uploads\/2015\/11\/bg-projet.svg\u00a0\u00bb background_size=\u00a0\u00bbcontain\u00a0\u00bb background_position=\u00a0\u00bbtop_left\u00a0\u00bb custom_css_main_element=\u00a0\u00bbborder-bottom : 15px solid #fff;\u00a0\u00bb][et_pb_row make_equal=\u00a0\u00bbon\u00a0\u00bb padding_top_1=\u00a0\u00bb50px\u00a0\u00bb padding_bottom_1=\u00a0\u00bb50px\u00a0\u00bb background_position_1=\u00a0\u00bbtop_left\u00a0\u00bb background_position_2=\u00a0\u00bbtop_left\u00a0\u00bb background_repeat_1=\u00a0\u00bbno-repeat\u00a0\u00bb background_repeat_2=\u00a0\u00bbno-repeat\u00a0\u00bb padding_1_tablet=\u00a0\u00bb0px||0px|\u00a0\u00bb padding_1_last_edited=\u00a0\u00bbon|tablet\u00a0\u00bb custom_padding_last_edited=\u00a0\u00bboff|desktop\u00a0\u00bb _builder_version=\u00a0\u00bb3.0.75&Prime;][et_pb_column type=\u00a0\u00bb2_3&Prime; _builder_version=\u00a0\u00bb3.0.47&Prime; padding_tablet=\u00a0\u00bb0px||0px|\u00a0\u00bb padding_last_edited=\u00a0\u00bbon|tablet\u00a0\u00bb padding_bottom=\u00a0\u00bb50px\u00a0\u00bb padding_top=\u00a0\u00bb50px\u00a0\u00bb parallax=\u00a0\u00bboff\u00a0\u00bb parallax_method=\u00a0\u00bbon\u00a0\u00bb background_position=\u00a0\u00bbtop_left\u00a0\u00bb background_repeat=\u00a0\u00bbno-repeat\u00a0\u00bb][et_pb_text admin_label=\u00a0\u00bbEXPLOITEZ VOS DONN\u00c9ES PLUS EFFICACEMENT\u00a0\u00bb _builder_version=\u00a0\u00bb3.0.89&Prime; border_style_all=\u00a0\u00bbsolid\u00a0\u00bb custom_padding=\u00a0\u00bb||20px|\u00a0\u00bb border_style=\u00a0\u00bbsolid\u00a0\u00bb]<\/p>\n<h2><strong><span style=\"color: #ca3042;\">Consortech, un joueur important <\/span><\/strong><br \/>\n de votre e-gouvernement<\/h2>\n<p>[\/et_pb_text][et_pb_button button_url=\u00a0\u00bb\/fr\/solutions\/\u00a0\u00bb button_text=\u00a0\u00bb D\u00e9couvrez nos solutions\u00a0\u00bb button_alignment=\u00a0\u00bbleft\u00a0\u00bb background_layout=\u00a0\u00bbdark\u00a0\u00bb _builder_version=\u00a0\u00bb3.0.89&Prime;][\/et_pb_button][\/et_pb_column][et_pb_column type=\u00a0\u00bb1_3&Prime; _builder_version=\u00a0\u00bb3.0.47&Prime; parallax=\u00a0\u00bboff\u00a0\u00bb parallax_method=\u00a0\u00bbon\u00a0\u00bb background_position=\u00a0\u00bbtop_left\u00a0\u00bb background_repeat=\u00a0\u00bbno-repeat\u00a0\u00bb][et_pb_image src=\u00a0\u00bbhttps:\/\/consortech.com\/wp-content\/uploads\/2017\/11\/contact-2.png\u00a0\u00bb disabled_on=\u00a0\u00bboff|off|\u00a0\u00bb _builder_version=\u00a0\u00bb3.0.89&Prime; border_style_all=\u00a0\u00bbsolid\u00a0\u00bb max_width=\u00a0\u00bb343px\u00a0\u00bb border_style=\u00a0\u00bbsolid\u00a0\u00bb][\/et_pb_image][\/et_pb_column][\/et_pb_row][\/et_pb_section]<\/p>\n","protected":false},"excerpt":{"rendered":"<p>\u00cates-vous pr\u00eat pour les d\u00e9fis du gouvernement num\u00e9rique? Le secteur public fait face \u00e0 des attentes grandissantes quant \u00e0 une offre de services num\u00e9riques. La population et les entreprises souhaitent interagir avec le gouvernement en temps r\u00e9el, 24 h par jour et via de multiples plateformes. Avez-vous un plan pour suivre la tendance et adapter [&hellip;]<\/p>\n","protected":false},"author":1,"featured_media":0,"parent":470,"menu_order":0,"comment_status":"closed","ping_status":"closed","template":"","meta":{"_acf_changed":false,"_et_pb_use_builder":"on","_et_pb_old_content":"","_et_gb_content_width":"","_monsterinsights_skip_tracking":false,"_monsterinsights_sitenote_active":false,"_monsterinsights_sitenote_note":"","_monsterinsights_sitenote_category":0,"footnotes":""},"class_list":["post-473","page","type-page","status-publish","hentry"],"acf":[],"yoast_head":"<!-- This site is optimized with the Yoast SEO plugin v27.2 - https:\/\/yoast.com\/product\/yoast-seo-wordpress\/ -->\n<title>Gouvernement num\u00e9rique, E-gouvernement | Consortech<\/title>\n<meta name=\"description\" content=\"Avez-vous un plan pour adapter votre infrastructure technologique au e-gouvernement? Voyez comment nous pouvons vous aider!\" \/>\n<meta name=\"robots\" content=\"index, follow, max-snippet:-1, max-image-preview:large, max-video-preview:-1\" \/>\n<link rel=\"canonical\" href=\"https:\/\/www.consortech.com\/fr\/expertise-etl\/gouvernement-numerique\/\" \/>\n<meta property=\"og:locale\" content=\"fr_FR\" \/>\n<meta property=\"og:type\" content=\"article\" \/>\n<meta property=\"og:title\" content=\"Gouvernement num\u00e9rique, E-gouvernement | Consortech\" \/>\n<meta property=\"og:description\" content=\"Avez-vous un plan pour adapter votre infrastructure technologique au e-gouvernement? Voyez comment nous pouvons vous aider!\" \/>\n<meta property=\"og:url\" content=\"https:\/\/www.consortech.com\/fr\/expertise-etl\/gouvernement-numerique\/\" \/>\n<meta property=\"og:site_name\" content=\"Consortech\" \/>\n<meta property=\"article:modified_time\" content=\"2017-12-05T14:01:59+00:00\" \/>\n<meta property=\"og:image\" content=\"https:\/\/consortech.com\/wp-content\/uploads\/2017\/08\/plus-violet.svg\" \/>\n<meta name=\"twitter:card\" content=\"summary_large_image\" \/>\n<meta name=\"twitter:label1\" content=\"Dur\u00e9e de lecture estim\u00e9e\" \/>\n\t<meta name=\"twitter:data1\" content=\"6 minutes\" \/>\n<script type=\"application\/ld+json\" class=\"yoast-schema-graph\">{\"@context\":\"https:\/\/schema.org\",\"@graph\":[{\"@type\":\"WebPage\",\"@id\":\"https:\/\/www.consortech.com\/fr\/expertise-etl\/gouvernement-numerique\/\",\"url\":\"https:\/\/www.consortech.com\/fr\/expertise-etl\/gouvernement-numerique\/\",\"name\":\"Gouvernement num\u00e9rique, E-gouvernement | Consortech\",\"isPartOf\":{\"@id\":\"https:\/\/www.consortech.com\/#website\"},\"primaryImageOfPage\":{\"@id\":\"https:\/\/www.consortech.com\/fr\/expertise-etl\/gouvernement-numerique\/#primaryimage\"},\"image\":{\"@id\":\"https:\/\/www.consortech.com\/fr\/expertise-etl\/gouvernement-numerique\/#primaryimage\"},\"thumbnailUrl\":\"https:\/\/consortech.com\/wp-content\/uploads\/2017\/08\/plus-violet.svg\",\"datePublished\":\"2017-08-11T15:16:41+00:00\",\"dateModified\":\"2017-12-05T14:01:59+00:00\",\"description\":\"Avez-vous un plan pour adapter votre infrastructure technologique au e-gouvernement? Voyez comment nous pouvons vous aider!\",\"breadcrumb\":{\"@id\":\"https:\/\/www.consortech.com\/fr\/expertise-etl\/gouvernement-numerique\/#breadcrumb\"},\"inLanguage\":\"fr-FR\",\"potentialAction\":[{\"@type\":\"ReadAction\",\"target\":[\"https:\/\/www.consortech.com\/fr\/expertise-etl\/gouvernement-numerique\/\"]}]},{\"@type\":\"ImageObject\",\"inLanguage\":\"fr-FR\",\"@id\":\"https:\/\/www.consortech.com\/fr\/expertise-etl\/gouvernement-numerique\/#primaryimage\",\"url\":\"https:\/\/consortech.com\/wp-content\/uploads\/2017\/08\/plus-violet.svg\",\"contentUrl\":\"https:\/\/consortech.com\/wp-content\/uploads\/2017\/08\/plus-violet.svg\"},{\"@type\":\"BreadcrumbList\",\"@id\":\"https:\/\/www.consortech.com\/fr\/expertise-etl\/gouvernement-numerique\/#breadcrumb\",\"itemListElement\":[{\"@type\":\"ListItem\",\"position\":1,\"name\":\"Accueil\",\"item\":\"https:\/\/www.consortech.com\/fr\/\"},{\"@type\":\"ListItem\",\"position\":2,\"name\":\"Expertise ETL\",\"item\":\"https:\/\/www.consortech.com\/fr\/expertise-etl\/\"},{\"@type\":\"ListItem\",\"position\":3,\"name\":\"Gouvernement num\u00e9rique\"}]},{\"@type\":\"WebSite\",\"@id\":\"https:\/\/www.consortech.com\/#website\",\"url\":\"https:\/\/www.consortech.com\/\",\"name\":\"Consortech\",\"description\":\"Experts in data integration\",\"potentialAction\":[{\"@type\":\"SearchAction\",\"target\":{\"@type\":\"EntryPoint\",\"urlTemplate\":\"https:\/\/www.consortech.com\/?s={search_term_string}\"},\"query-input\":{\"@type\":\"PropertyValueSpecification\",\"valueRequired\":true,\"valueName\":\"search_term_string\"}}],\"inLanguage\":\"fr-FR\"}]}<\/script>\n<!-- \/ Yoast SEO plugin. -->","yoast_head_json":{"title":"Gouvernement num\u00e9rique, E-gouvernement | Consortech","description":"Avez-vous un plan pour adapter votre infrastructure technologique au e-gouvernement? Voyez comment nous pouvons vous aider!","robots":{"index":"index","follow":"follow","max-snippet":"max-snippet:-1","max-image-preview":"max-image-preview:large","max-video-preview":"max-video-preview:-1"},"canonical":"https:\/\/www.consortech.com\/fr\/expertise-etl\/gouvernement-numerique\/","og_locale":"fr_FR","og_type":"article","og_title":"Gouvernement num\u00e9rique, E-gouvernement | Consortech","og_description":"Avez-vous un plan pour adapter votre infrastructure technologique au e-gouvernement? Voyez comment nous pouvons vous aider!","og_url":"https:\/\/www.consortech.com\/fr\/expertise-etl\/gouvernement-numerique\/","og_site_name":"Consortech","article_modified_time":"2017-12-05T14:01:59+00:00","og_image":[{"url":"https:\/\/consortech.com\/wp-content\/uploads\/2017\/08\/plus-violet.svg","type":"","width":"","height":""}],"twitter_card":"summary_large_image","twitter_misc":{"Dur\u00e9e de lecture estim\u00e9e":"6 minutes"},"schema":{"@context":"https:\/\/schema.org","@graph":[{"@type":"WebPage","@id":"https:\/\/www.consortech.com\/fr\/expertise-etl\/gouvernement-numerique\/","url":"https:\/\/www.consortech.com\/fr\/expertise-etl\/gouvernement-numerique\/","name":"Gouvernement num\u00e9rique, E-gouvernement | Consortech","isPartOf":{"@id":"https:\/\/www.consortech.com\/#website"},"primaryImageOfPage":{"@id":"https:\/\/www.consortech.com\/fr\/expertise-etl\/gouvernement-numerique\/#primaryimage"},"image":{"@id":"https:\/\/www.consortech.com\/fr\/expertise-etl\/gouvernement-numerique\/#primaryimage"},"thumbnailUrl":"https:\/\/consortech.com\/wp-content\/uploads\/2017\/08\/plus-violet.svg","datePublished":"2017-08-11T15:16:41+00:00","dateModified":"2017-12-05T14:01:59+00:00","description":"Avez-vous un plan pour adapter votre infrastructure technologique au e-gouvernement? Voyez comment nous pouvons vous aider!","breadcrumb":{"@id":"https:\/\/www.consortech.com\/fr\/expertise-etl\/gouvernement-numerique\/#breadcrumb"},"inLanguage":"fr-FR","potentialAction":[{"@type":"ReadAction","target":["https:\/\/www.consortech.com\/fr\/expertise-etl\/gouvernement-numerique\/"]}]},{"@type":"ImageObject","inLanguage":"fr-FR","@id":"https:\/\/www.consortech.com\/fr\/expertise-etl\/gouvernement-numerique\/#primaryimage","url":"https:\/\/consortech.com\/wp-content\/uploads\/2017\/08\/plus-violet.svg","contentUrl":"https:\/\/consortech.com\/wp-content\/uploads\/2017\/08\/plus-violet.svg"},{"@type":"BreadcrumbList","@id":"https:\/\/www.consortech.com\/fr\/expertise-etl\/gouvernement-numerique\/#breadcrumb","itemListElement":[{"@type":"ListItem","position":1,"name":"Accueil","item":"https:\/\/www.consortech.com\/fr\/"},{"@type":"ListItem","position":2,"name":"Expertise ETL","item":"https:\/\/www.consortech.com\/fr\/expertise-etl\/"},{"@type":"ListItem","position":3,"name":"Gouvernement num\u00e9rique"}]},{"@type":"WebSite","@id":"https:\/\/www.consortech.com\/#website","url":"https:\/\/www.consortech.com\/","name":"Consortech","description":"Experts in data integration","potentialAction":[{"@type":"SearchAction","target":{"@type":"EntryPoint","urlTemplate":"https:\/\/www.consortech.com\/?s={search_term_string}"},"query-input":{"@type":"PropertyValueSpecification","valueRequired":true,"valueName":"search_term_string"}}],"inLanguage":"fr-FR"}]}},"_links":{"self":[{"href":"https:\/\/www.consortech.com\/fr\/wp-json\/wp\/v2\/pages\/473","targetHints":{"allow":["GET"]}}],"collection":[{"href":"https:\/\/www.consortech.com\/fr\/wp-json\/wp\/v2\/pages"}],"about":[{"href":"https:\/\/www.consortech.com\/fr\/wp-json\/wp\/v2\/types\/page"}],"author":[{"embeddable":true,"href":"https:\/\/www.consortech.com\/fr\/wp-json\/wp\/v2\/users\/1"}],"replies":[{"embeddable":true,"href":"https:\/\/www.consortech.com\/fr\/wp-json\/wp\/v2\/comments?post=473"}],"version-history":[{"count":0,"href":"https:\/\/www.consortech.com\/fr\/wp-json\/wp\/v2\/pages\/473\/revisions"}],"up":[{"embeddable":true,"href":"https:\/\/www.consortech.com\/fr\/wp-json\/wp\/v2\/pages\/470"}],"wp:attachment":[{"href":"https:\/\/www.consortech.com\/fr\/wp-json\/wp\/v2\/media?parent=473"}],"curies":[{"name":"wp","href":"https:\/\/api.w.org\/{rel}","templated":true}]}}