
{"id":472,"date":"2017-08-11T11:16:21","date_gmt":"2017-08-11T15:16:21","guid":{"rendered":"http:\/\/consortechsite.wpengine.com\/?page_id=472\/"},"modified":"2018-11-08T11:27:13","modified_gmt":"2018-11-08T16:27:13","slug":"donnees-ouvertes","status":"publish","type":"page","link":"https:\/\/www.consortech.com\/fr\/expertise-etl\/donnees-ouvertes\/","title":{"rendered":"Donn\u00e9es ouvertes"},"content":{"rendered":"\t\t<div class=\"et_pb_section et_pb_with_background et_section_regular breadcrumbs_section\">\n\t\t\t<div class=\" et_pb_row breadcrumbs_row\">\n\t\t\t\t<div class=\"et_pb_column et_pb_column_4_4 breadcrumbs_column\">\n\t\t\t\t\t<div class=\"et_pb_code et_pb_module breadcrumbs_module\">\n\t\t\t\t\t\t<span><span><a href=\"https:\/\/www.consortech.com\/fr\/\">Accueil<\/a><\/span><\/span>\t\t\t\t\t<\/div> <!-- .et_pb_code -->\n\t\t\t\t<\/div> <!-- .et_pb_column -->\n\t\t\t<\/div> <!-- .et_pb_row -->\n\t\t<\/div>\n\t\t<p>[et_pb_section bb_built=\u00a0\u00bb1&Prime; module_class=\u00a0\u00bbliste-rouge\u00a0\u00bb _builder_version=\u00a0\u00bb3.0.75&Prime; next_background_color=\u00a0\u00bb#000000&Prime;][et_pb_row use_custom_gutter=\u00a0\u00bbon\u00a0\u00bb gutter_width=\u00a0\u00bb2&Prime; _builder_version=\u00a0\u00bb3.0.87&Prime;][et_pb_column type=\u00a0\u00bb2_3&Prime;][et_pb_text admin_label=\u00a0\u00bbDonn\u00e9es ouvertes : d\u00e9fis stimulants et possibilit\u00e9s infinies\u00a0\u00bb _builder_version=\u00a0\u00bb3.0.89&Prime; border_style=\u00a0\u00bbsolid\u00a0\u00bb border_style_all=\u00a0\u00bbsolid\u00a0\u00bb]<\/p>\n<h1><strong><span style=\"color: #ca3042;\"> Donn\u00e9es ouvertes: <br \/>\n<\/span><\/strong> <strong>d\u00e9fis stimulants et possibilit\u00e9s infinies <\/strong><\/h1>\n<p>L\u2019interconnectivit\u00e9 des syst\u00e8mes et le partage de l\u2019information pavent la voie \u00e0 de nombreuses possibilit\u00e9s. L\u2019ouverture des donn\u00e9es a le potentiel de r\u00e9soudre des probl\u00e8mes aussi diversifi\u00e9s que complexes et, partout sur le globe, les donn\u00e9es s\u2019exposent pour faire \u00e9merger des solutions.<\/p>\n<p>Ouvrir et partager des donn\u00e9es, c\u2019est d\u00e9mocratiser l\u2019information pour en faire b\u00e9n\u00e9ficier la collectivit\u00e9. Consortech est partie prenante de ce mouvement et y contribue significativement en \u00e9paulant les organisations avec son expertise et ses m\u00e9thodologies.<\/p>\n<h2>\u00a0<\/h2>\n<p>[\/et_pb_text][\/et_pb_column][et_pb_column type=\u00a0\u00bb1_3&Prime;][et_pb_image src=\u00a0\u00bbhttps:\/\/consortech.com\/wp-content\/uploads\/2017\/11\/donnees-ouv-head.png\u00a0\u00bb _builder_version=\u00a0\u00bb3.0.89&Prime; border_style_all=\u00a0\u00bbsolid\u00a0\u00bb max_width=\u00a0\u00bb342px\u00a0\u00bb border_style=\u00a0\u00bbsolid\u00a0\u00bb \/][\/et_pb_column][\/et_pb_row][\/et_pb_section][et_pb_section bb_built=\u00a0\u00bb1&Prime; custom_padding_last_edited=\u00a0\u00bbon|desktop\u00a0\u00bb _builder_version=\u00a0\u00bb3.0.89&Prime; custom_padding=\u00a0\u00bb0px|||\u00a0\u00bb prev_background_color=\u00a0\u00bb#000000&Prime; next_background_color=\u00a0\u00bb#000000&Prime;][et_pb_row _builder_version=\u00a0\u00bb3.0.75&Prime;][et_pb_column type=\u00a0\u00bb4_4&Prime;][et_pb_divider color=\u00a0\u00bb#39e2c2&Prime; show_divider=\u00a0\u00bbon\u00a0\u00bb divider_weight=\u00a0\u00bb2&Prime; height=\u00a0\u00bb2&Prime; _builder_version=\u00a0\u00bb3.0.75&Prime; max_width=\u00a0\u00bb200px\u00a0\u00bb animation_style=\u00a0\u00bbzoom\u00a0\u00bb custom_css_main_element=\u00a0\u00bbmargin:0 auto;\u00a0\u00bb \/][et_pb_text admin_label=\u00a0\u00bbDe l\u2019\u00e9nergie \u00e0 revendre et un \u00e9conomies significatives dynamisme contagieux!\u00a0\u00bb _builder_version=\u00a0\u00bb3.15&Prime; text_font=\u00a0\u00bb|on|||\u00a0\u00bb text_font_size=\u00a0\u00bb35&Prime; text_line_height=\u00a0\u00bb1.3em\u00a0\u00bb text_orientation=\u00a0\u00bbcenter\u00a0\u00bb max_width=\u00a0\u00bb900px\u00a0\u00bb module_alignment=\u00a0\u00bbcenter\u00a0\u00bb custom_padding=\u00a0\u00bb30px||30px|\u00a0\u00bb border_style=\u00a0\u00bbsolid\u00a0\u00bb]<\/p>\n<p><strong>Avant de rendre des donn\u00e9es accessibles, les organisations doivent souvent les manipuler, les transformer et les valider.<\/strong><\/p>\n<p>[\/et_pb_text][et_pb_divider color=\u00a0\u00bb#39e2c2&Prime; show_divider=\u00a0\u00bbon\u00a0\u00bb divider_weight=\u00a0\u00bb2&Prime; height=\u00a0\u00bb2&Prime; _builder_version=\u00a0\u00bb3.0.75&Prime; max_width=\u00a0\u00bb200px\u00a0\u00bb animation_style=\u00a0\u00bbzoom\u00a0\u00bb custom_css_main_element=\u00a0\u00bbmargin:0 auto;\u00a0\u00bb \/][\/et_pb_column][\/et_pb_row][\/et_pb_section][et_pb_section bb_built=\u00a0\u00bb1&Prime; module_class=\u00a0\u00bbliste-rouge\u00a0\u00bb _builder_version=\u00a0\u00bb3.0.75&Prime; background_image=\u00a0\u00bbhttps:\/\/consortech.com\/wp-content\/uploads\/2017\/11\/bandeau-donnee-ouverte.png\u00a0\u00bb custom_padding=\u00a0\u00bb0px||0px|\u00a0\u00bb custom_css_main_element=\u00a0\u00bbz-index: -1;\u00a0\u00bb prev_background_color=\u00a0\u00bb#ffffff\u00a0\u00bb next_background_color=\u00a0\u00bb#ffffff\u00a0\u00bb][et_pb_row use_custom_width=\u00a0\u00bbon\u00a0\u00bb custom_width_px=\u00a0\u00bb680px\u00a0\u00bb custom_padding=\u00a0\u00bb0px||0px|\u00a0\u00bb disabled_on=\u00a0\u00bbon||\u00a0\u00bb custom_padding_last_edited=\u00a0\u00bboff|tablet\u00a0\u00bb _builder_version=\u00a0\u00bb3.0.89&Prime; custom_css_main_element=\u00a0\u00bbcontent: %22 %22;|| background: url(https:\/\/consortech.com\/wp-content\/uploads\/2017\/08\/cercle-blanc.svg);|| height: 100%;|| width: 100%;|| display: block;|| overflow: hidden;|| background-size: cover;|| background-position: center center;\u00a0\u00bb][et_pb_column type=\u00a0\u00bb4_4&Prime;][et_pb_text admin_label=\u00a0\u00bbLA FORMATION &#8211; desktop\u00a0\u00bb _builder_version=\u00a0\u00bb3.0.89&Prime; header_text_align=\u00a0\u00bbleft\u00a0\u00bb border_style_all=\u00a0\u00bbsolid\u00a0\u00bb max_width=\u00a0\u00bb680px\u00a0\u00bb module_alignment=\u00a0\u00bbleft\u00a0\u00bb custom_padding=\u00a0\u00bb90px|100px|60px|100px\u00a0\u00bb border_style=\u00a0\u00bbsolid\u00a0\u00bb]<\/p>\n<p>La rigueur est de mise, car pour \u00eatre utilisables et offrir de la valeur, les donn\u00e9es doivent \u00eatre:<\/p>\n<ul>\n<li>publi\u00e9es dans un format lisible et exploitable<\/li>\n<li>structur\u00e9es par un ensemble de m\u00e9thodes et de formats permettant le partage et la compr\u00e9hension<\/li>\n<li>diffus\u00e9es sous une licence ouverte garantissant leur libre acc\u00e8s, sans restriction technique, juridique ou financi\u00e8re<\/li>\n<\/ul>\n<p>Avant de rendre des donn\u00e9es accessibles, les organisations doivent souvent les manipuler, les transformer et les valider. Autant d\u2019\u00e9tapes o\u00f9 notre expertise est b\u00e9n\u00e9fique et nos connaissances, pr\u00e9cieuses.<\/p>\n<p>[\/et_pb_text][\/et_pb_column][\/et_pb_row][et_pb_row use_custom_width=\u00a0\u00bbon\u00a0\u00bb custom_padding=\u00a0\u00bb0px||0px|\u00a0\u00bb background_color=\u00a0\u00bbrgba(255,255,255,0.9)\u00a0\u00bb disabled_on=\u00a0\u00bb|on|on\u00a0\u00bb custom_padding_last_edited=\u00a0\u00bboff|tablet\u00a0\u00bb _builder_version=\u00a0\u00bb3.0.75&Prime;][et_pb_column type=\u00a0\u00bb4_4&Prime;][et_pb_text admin_label=\u00a0\u00bbLA FORMATION\u00a0\u00bb _builder_version=\u00a0\u00bb3.0.89&Prime; header_text_align=\u00a0\u00bbleft\u00a0\u00bb border_style_all=\u00a0\u00bbsolid\u00a0\u00bb max_width=\u00a0\u00bb680px\u00a0\u00bb module_alignment=\u00a0\u00bbleft\u00a0\u00bb custom_padding=\u00a0\u00bb50px|30px|0px|30px\u00a0\u00bb border_style=\u00a0\u00bbsolid\u00a0\u00bb]<\/p>\n<p>La rigueur est de mise, car pour \u00eatre utilisables et offrir de la valeur, les donn\u00e9es doivent \u00eatre:<\/p>\n<ul>\n<li>publi\u00e9es dans un format lisible et exploitable<\/li>\n<li>structur\u00e9es par un ensemble de m\u00e9thodes et de formats permettant le partage et la compr\u00e9hension<\/li>\n<li>diffus\u00e9es sous une licence ouverte garantissant leur libre acc\u00e8s, sans restriction technique, juridique ou financi\u00e8re<\/li>\n<\/ul>\n<p>Avant de rendre des donn\u00e9es accessibles, les organisations doivent souvent les manipuler, les transformer et les valider. Autant d\u2019\u00e9tapes o\u00f9 notre expertise est b\u00e9n\u00e9fique et nos connaissances, pr\u00e9cieuses.<\/p>\n<p>[\/et_pb_text][\/et_pb_column][\/et_pb_row][\/et_pb_section][et_pb_section bb_built=\u00a0\u00bb1&Prime; _builder_version=\u00a0\u00bb3.0.89&Prime; prev_background_color=\u00a0\u00bb#000000&Prime; next_background_color=\u00a0\u00bb#000000&Prime;][et_pb_row _builder_version=\u00a0\u00bb3.0.89&Prime;][et_pb_column type=\u00a0\u00bb4_4&Prime;][et_pb_text admin_label=\u00a0\u00bbLes donn\u00e9es ouvertes au service des citoyens\u00a0\u00bb _builder_version=\u00a0\u00bb3.0.89&Prime; text_orientation=\u00a0\u00bbcenter\u00a0\u00bb max_width=\u00a0\u00bb600px\u00a0\u00bb module_alignment=\u00a0\u00bbcenter\u00a0\u00bb]<\/p>\n<h2><b>Les <\/b><b>donn\u00e9es ouvertes<\/b><b> au service des citoyens<\/b><\/h2>\n<p>Faciliter les d\u00e9placements, informer en temps r\u00e9el ou comprendre l\u2019utilisation des services, les donn\u00e9es ouvertes ont beaucoup \u00e0 offrir aux villes intelligentes! Cependant, la multiplication des sources et des types de donn\u00e9es peuvent ralentir les projets les plus prometteurs, c\u2019est pourquoi des connaissances de pointe sont n\u00e9cessaires.<\/p>\n<p>D\u00e9couvrez notre <a href=\"https:\/\/consortech.com\/fr\/expertise-etl\/ville-intelligente\/\">expertise pour les villes intelligentes<\/a>!<\/p>\n<p>[\/et_pb_text][\/et_pb_column][\/et_pb_row][\/et_pb_section][et_pb_section bb_built=\u00a0\u00bb1&Prime; admin_label=\u00a0\u00bbTEMP SEPARATEUR\u00a0\u00bb _builder_version=\u00a0\u00bb3.0.82&Prime; custom_padding=\u00a0\u00bb0px||0px|\u00a0\u00bb disabled_on=\u00a0\u00bbon|on|on\u00a0\u00bb disabled=\u00a0\u00bbon\u00a0\u00bb prev_background_color=\u00a0\u00bb#000000&Prime; next_background_color=\u00a0\u00bb#000000&Prime;][et_pb_row custom_padding=\u00a0\u00bb0px||0px|\u00a0\u00bb background_position_1=\u00a0\u00bbtop_left\u00a0\u00bb background_repeat_1=\u00a0\u00bbno-repeat\u00a0\u00bb _builder_version=\u00a0\u00bb3.0.75&Prime;][et_pb_column type=\u00a0\u00bb4_4&Prime;][et_pb_divider color=\u00a0\u00bb#95989a\u00a0\u00bb show_divider=\u00a0\u00bbon\u00a0\u00bb divider_position=\u00a0\u00bbcenter\u00a0\u00bb disabled_on=\u00a0\u00bboff\u00a0\u00bb _builder_version=\u00a0\u00bb3.0.69&Prime; hide_on_mobile=\u00a0\u00bboff\u00a0\u00bb \/][\/et_pb_column][\/et_pb_row][\/et_pb_section][et_pb_section bb_built=\u00a0\u00bb1&Prime; _builder_version=\u00a0\u00bb3.0.82&Prime; disabled_on=\u00a0\u00bbon|on|on\u00a0\u00bb disabled=\u00a0\u00bbon\u00a0\u00bb prev_background_color=\u00a0\u00bb#000000&Prime; next_background_color=\u00a0\u00bb#ededed\u00a0\u00bb][et_pb_row _builder_version=\u00a0\u00bb3.0.47&Prime; background_size=\u00a0\u00bbinitial\u00a0\u00bb background_position=\u00a0\u00bbtop_left\u00a0\u00bb background_repeat=\u00a0\u00bbrepeat\u00a0\u00bb][et_pb_column type=\u00a0\u00bb1_3&Prime;][et_pb_image src=\u00a0\u00bbhttps:\/\/consortech.com\/wp-content\/uploads\/2017\/08\/icone-histoires.svg\u00a0\u00bb _builder_version=\u00a0\u00bb3.0.69&Prime; max_width=\u00a0\u00bb302px\u00a0\u00bb sticky=\u00a0\u00bboff\u00a0\u00bb show_bottom_space=\u00a0\u00bbon\u00a0\u00bb animation_style=\u00a0\u00bbnone\u00a0\u00bb animation_duration=\u00a0\u00bb1000ms\u00a0\u00bb animation_intensity_slide=\u00a0\u00bb50%\u00a0\u00bb \/][\/et_pb_column][et_pb_column type=\u00a0\u00bb2_3&Prime;][et_pb_text admin_label=\u00a0\u00bbHISTOIRE \u00c0 SUCC\u00c8S\u00a0\u00bb module_class=\u00a0\u00bbbg-zoom-1 \u00a0\u00bb _builder_version=\u00a0\u00bb3.0.82&Prime;]<\/p>\n<h2>HISTOIRE <strong>\u00c0 SUCC\u00c8S<\/strong><\/h2>\n<p>\u00ab\u00a0Non ergo erunt homines deliciis diffluentes audiendi, si quando de amicitia,ratione habent cognitam, disputabunt. Nam quis est, pro deorum fidem atque hominum! Magnentio, ferebatur per strages multiplices ac ruinas, vinculis membra.\u00a0\u00bb\u00a0\u00a0<\/p>\n<p><strong>JOHN DOE<\/strong><\/p>\n<p><a class=\"lien-plus\" href=\"https:\/\/consortech.com\/clients\/\"><img loading=\"lazy\" decoding=\"async\" class=\"alignnone wp-image-574\" src=\"https:\/\/consortech.com\/wp-content\/uploads\/2017\/08\/plus-violet.svg\" alt=\"\" width=\"50\" height=\"50\" \/><\/a><\/p>\n<p>[\/et_pb_text][\/et_pb_column][\/et_pb_row][\/et_pb_section][et_pb_section bb_built=\u00a0\u00bb1&Prime; background_color=\u00a0\u00bb#ededed\u00a0\u00bb _builder_version=\u00a0\u00bb3.0.69&Prime; background_image=\u00a0\u00bbhttps:\/\/consortech.com\/wp-content\/uploads\/2015\/11\/bg-projet.svg\u00a0\u00bb background_size=\u00a0\u00bbcontain\u00a0\u00bb background_position=\u00a0\u00bbtop_left\u00a0\u00bb custom_css_main_element=\u00a0\u00bbborder-bottom : 15px solid #fff;\u00a0\u00bb prev_background_color=\u00a0\u00bb#ffffff\u00a0\u00bb][et_pb_row make_equal=\u00a0\u00bbon\u00a0\u00bb padding_top_1=\u00a0\u00bb50px\u00a0\u00bb padding_bottom_1=\u00a0\u00bb50px\u00a0\u00bb background_position_1=\u00a0\u00bbtop_left\u00a0\u00bb background_position_2=\u00a0\u00bbtop_left\u00a0\u00bb background_repeat_1=\u00a0\u00bbno-repeat\u00a0\u00bb background_repeat_2=\u00a0\u00bbno-repeat\u00a0\u00bb padding_1_tablet=\u00a0\u00bb0px||0px|\u00a0\u00bb padding_1_last_edited=\u00a0\u00bbon|tablet\u00a0\u00bb custom_padding_last_edited=\u00a0\u00bboff|desktop\u00a0\u00bb _builder_version=\u00a0\u00bb3.0.75&Prime;][et_pb_column type=\u00a0\u00bb2_3&Prime;][et_pb_text admin_label=\u00a0\u00bbVous comptez lancer un projet de donn\u00e9es ouvertes?\u00a0\u00bb _builder_version=\u00a0\u00bb3.0.87&Prime; border_style_all=\u00a0\u00bbsolid\u00a0\u00bb custom_padding=\u00a0\u00bb||20px|\u00a0\u00bb border_style=\u00a0\u00bbsolid\u00a0\u00bb]<\/p>\n<h2><strong>Vous comptez lancer<\/strong><br \/>\n<strong><span style=\"color: #ca3042;\">un projet de donn\u00e9es ouvertes?<\/span><\/strong><\/h2>\n<p>[\/et_pb_text][et_pb_button button_url=\u00a0\u00bb\/fr\/contact\/\u00a0\u00bb button_text=\u00a0\u00bbFAISONS \u00c9QUIPE!\u00a0\u00bb button_alignment=\u00a0\u00bbleft\u00a0\u00bb background_layout=\u00a0\u00bbdark\u00a0\u00bb _builder_version=\u00a0\u00bb3.0.89&Prime; \/][\/et_pb_column][et_pb_column type=\u00a0\u00bb1_3&Prime;][et_pb_image src=\u00a0\u00bbhttps:\/\/consortech.com\/wp-content\/uploads\/2017\/11\/contact-2.png\u00a0\u00bb disabled_on=\u00a0\u00bboff|off|\u00a0\u00bb _builder_version=\u00a0\u00bb3.0.89&Prime; border_style_all=\u00a0\u00bbsolid\u00a0\u00bb max_width=\u00a0\u00bb343px\u00a0\u00bb border_style=\u00a0\u00bbsolid\u00a0\u00bb \/][\/et_pb_column][\/et_pb_row][\/et_pb_section]<\/p>\n","protected":false},"excerpt":{"rendered":"<p>Donn\u00e9es ouvertes: d\u00e9fis stimulants et possibilit\u00e9s infinies L\u2019interconnectivit\u00e9 des syst\u00e8mes et le partage de l\u2019information pavent la voie \u00e0 de nombreuses possibilit\u00e9s. L\u2019ouverture des donn\u00e9es a le potentiel de r\u00e9soudre des probl\u00e8mes aussi diversifi\u00e9s que complexes et, partout sur le globe, les donn\u00e9es s\u2019exposent pour faire \u00e9merger des solutions. Ouvrir et partager des donn\u00e9es, c\u2019est [&hellip;]<\/p>\n","protected":false},"author":1,"featured_media":0,"parent":470,"menu_order":0,"comment_status":"closed","ping_status":"closed","template":"","meta":{"_acf_changed":false,"_et_pb_use_builder":"on","_et_pb_old_content":"","_et_gb_content_width":"","_monsterinsights_skip_tracking":false,"_monsterinsights_sitenote_active":false,"_monsterinsights_sitenote_note":"","_monsterinsights_sitenote_category":0,"footnotes":""},"class_list":["post-472","page","type-page","status-publish","hentry"],"acf":[],"yoast_head":"<!-- This site is optimized with the Yoast SEO plugin v27.2 - https:\/\/yoast.com\/product\/yoast-seo-wordpress\/ -->\n<title>Donn\u00e9es ouvertes et portail | Consortech<\/title>\n<meta name=\"description\" content=\"L\u2019interconnectivit\u00e9 des syst\u00e8mes et le partage de l\u2019information pavent la voie \u00e0 de nombreuses possibilit\u00e9s. D\u00e9couvrez les donn\u00e9es ouvertes!\u201d\" \/>\n<meta name=\"robots\" content=\"index, follow, max-snippet:-1, max-image-preview:large, max-video-preview:-1\" \/>\n<link rel=\"canonical\" href=\"https:\/\/www.consortech.com\/fr\/expertise-etl\/donnees-ouvertes\/\" \/>\n<meta property=\"og:locale\" content=\"fr_FR\" \/>\n<meta property=\"og:type\" content=\"article\" \/>\n<meta property=\"og:title\" content=\"Donn\u00e9es ouvertes et portail | Consortech\" \/>\n<meta property=\"og:description\" content=\"L\u2019interconnectivit\u00e9 des syst\u00e8mes et le partage de l\u2019information pavent la voie \u00e0 de nombreuses possibilit\u00e9s. D\u00e9couvrez les donn\u00e9es ouvertes!\u201d\" \/>\n<meta property=\"og:url\" content=\"https:\/\/www.consortech.com\/fr\/expertise-etl\/donnees-ouvertes\/\" \/>\n<meta property=\"og:site_name\" content=\"Consortech\" \/>\n<meta property=\"article:modified_time\" content=\"2018-11-08T16:27:13+00:00\" \/>\n<meta property=\"og:image\" content=\"https:\/\/consortech.com\/wp-content\/uploads\/2017\/08\/plus-violet.svg\" \/>\n<meta name=\"twitter:card\" content=\"summary_large_image\" \/>\n<meta name=\"twitter:label1\" content=\"Dur\u00e9e de lecture estim\u00e9e\" \/>\n\t<meta name=\"twitter:data1\" content=\"6 minutes\" \/>\n<script type=\"application\/ld+json\" class=\"yoast-schema-graph\">{\"@context\":\"https:\/\/schema.org\",\"@graph\":[{\"@type\":\"WebPage\",\"@id\":\"https:\/\/www.consortech.com\/fr\/expertise-etl\/donnees-ouvertes\/\",\"url\":\"https:\/\/www.consortech.com\/fr\/expertise-etl\/donnees-ouvertes\/\",\"name\":\"Donn\u00e9es ouvertes et portail | Consortech\",\"isPartOf\":{\"@id\":\"https:\/\/www.consortech.com\/#website\"},\"primaryImageOfPage\":{\"@id\":\"https:\/\/www.consortech.com\/fr\/expertise-etl\/donnees-ouvertes\/#primaryimage\"},\"image\":{\"@id\":\"https:\/\/www.consortech.com\/fr\/expertise-etl\/donnees-ouvertes\/#primaryimage\"},\"thumbnailUrl\":\"https:\/\/consortech.com\/wp-content\/uploads\/2017\/08\/plus-violet.svg\",\"datePublished\":\"2017-08-11T15:16:21+00:00\",\"dateModified\":\"2018-11-08T16:27:13+00:00\",\"description\":\"L\u2019interconnectivit\u00e9 des syst\u00e8mes et le partage de l\u2019information pavent la voie \u00e0 de nombreuses possibilit\u00e9s. D\u00e9couvrez les donn\u00e9es ouvertes!\u201d\",\"breadcrumb\":{\"@id\":\"https:\/\/www.consortech.com\/fr\/expertise-etl\/donnees-ouvertes\/#breadcrumb\"},\"inLanguage\":\"fr-FR\",\"potentialAction\":[{\"@type\":\"ReadAction\",\"target\":[\"https:\/\/www.consortech.com\/fr\/expertise-etl\/donnees-ouvertes\/\"]}]},{\"@type\":\"ImageObject\",\"inLanguage\":\"fr-FR\",\"@id\":\"https:\/\/www.consortech.com\/fr\/expertise-etl\/donnees-ouvertes\/#primaryimage\",\"url\":\"https:\/\/consortech.com\/wp-content\/uploads\/2017\/08\/plus-violet.svg\",\"contentUrl\":\"https:\/\/consortech.com\/wp-content\/uploads\/2017\/08\/plus-violet.svg\"},{\"@type\":\"BreadcrumbList\",\"@id\":\"https:\/\/www.consortech.com\/fr\/expertise-etl\/donnees-ouvertes\/#breadcrumb\",\"itemListElement\":[{\"@type\":\"ListItem\",\"position\":1,\"name\":\"Accueil\",\"item\":\"https:\/\/www.consortech.com\/fr\/\"},{\"@type\":\"ListItem\",\"position\":2,\"name\":\"Expertise ETL\",\"item\":\"https:\/\/www.consortech.com\/fr\/expertise-etl\/\"},{\"@type\":\"ListItem\",\"position\":3,\"name\":\"Donn\u00e9es ouvertes\"}]},{\"@type\":\"WebSite\",\"@id\":\"https:\/\/www.consortech.com\/#website\",\"url\":\"https:\/\/www.consortech.com\/\",\"name\":\"Consortech\",\"description\":\"Experts in data integration\",\"potentialAction\":[{\"@type\":\"SearchAction\",\"target\":{\"@type\":\"EntryPoint\",\"urlTemplate\":\"https:\/\/www.consortech.com\/?s={search_term_string}\"},\"query-input\":{\"@type\":\"PropertyValueSpecification\",\"valueRequired\":true,\"valueName\":\"search_term_string\"}}],\"inLanguage\":\"fr-FR\"}]}<\/script>\n<!-- \/ Yoast SEO plugin. -->","yoast_head_json":{"title":"Donn\u00e9es ouvertes et portail | Consortech","description":"L\u2019interconnectivit\u00e9 des syst\u00e8mes et le partage de l\u2019information pavent la voie \u00e0 de nombreuses possibilit\u00e9s. D\u00e9couvrez les donn\u00e9es ouvertes!\u201d","robots":{"index":"index","follow":"follow","max-snippet":"max-snippet:-1","max-image-preview":"max-image-preview:large","max-video-preview":"max-video-preview:-1"},"canonical":"https:\/\/www.consortech.com\/fr\/expertise-etl\/donnees-ouvertes\/","og_locale":"fr_FR","og_type":"article","og_title":"Donn\u00e9es ouvertes et portail | Consortech","og_description":"L\u2019interconnectivit\u00e9 des syst\u00e8mes et le partage de l\u2019information pavent la voie \u00e0 de nombreuses possibilit\u00e9s. D\u00e9couvrez les donn\u00e9es ouvertes!\u201d","og_url":"https:\/\/www.consortech.com\/fr\/expertise-etl\/donnees-ouvertes\/","og_site_name":"Consortech","article_modified_time":"2018-11-08T16:27:13+00:00","og_image":[{"url":"https:\/\/consortech.com\/wp-content\/uploads\/2017\/08\/plus-violet.svg","type":"","width":"","height":""}],"twitter_card":"summary_large_image","twitter_misc":{"Dur\u00e9e de lecture estim\u00e9e":"6 minutes"},"schema":{"@context":"https:\/\/schema.org","@graph":[{"@type":"WebPage","@id":"https:\/\/www.consortech.com\/fr\/expertise-etl\/donnees-ouvertes\/","url":"https:\/\/www.consortech.com\/fr\/expertise-etl\/donnees-ouvertes\/","name":"Donn\u00e9es ouvertes et portail | Consortech","isPartOf":{"@id":"https:\/\/www.consortech.com\/#website"},"primaryImageOfPage":{"@id":"https:\/\/www.consortech.com\/fr\/expertise-etl\/donnees-ouvertes\/#primaryimage"},"image":{"@id":"https:\/\/www.consortech.com\/fr\/expertise-etl\/donnees-ouvertes\/#primaryimage"},"thumbnailUrl":"https:\/\/consortech.com\/wp-content\/uploads\/2017\/08\/plus-violet.svg","datePublished":"2017-08-11T15:16:21+00:00","dateModified":"2018-11-08T16:27:13+00:00","description":"L\u2019interconnectivit\u00e9 des syst\u00e8mes et le partage de l\u2019information pavent la voie \u00e0 de nombreuses possibilit\u00e9s. D\u00e9couvrez les donn\u00e9es ouvertes!\u201d","breadcrumb":{"@id":"https:\/\/www.consortech.com\/fr\/expertise-etl\/donnees-ouvertes\/#breadcrumb"},"inLanguage":"fr-FR","potentialAction":[{"@type":"ReadAction","target":["https:\/\/www.consortech.com\/fr\/expertise-etl\/donnees-ouvertes\/"]}]},{"@type":"ImageObject","inLanguage":"fr-FR","@id":"https:\/\/www.consortech.com\/fr\/expertise-etl\/donnees-ouvertes\/#primaryimage","url":"https:\/\/consortech.com\/wp-content\/uploads\/2017\/08\/plus-violet.svg","contentUrl":"https:\/\/consortech.com\/wp-content\/uploads\/2017\/08\/plus-violet.svg"},{"@type":"BreadcrumbList","@id":"https:\/\/www.consortech.com\/fr\/expertise-etl\/donnees-ouvertes\/#breadcrumb","itemListElement":[{"@type":"ListItem","position":1,"name":"Accueil","item":"https:\/\/www.consortech.com\/fr\/"},{"@type":"ListItem","position":2,"name":"Expertise ETL","item":"https:\/\/www.consortech.com\/fr\/expertise-etl\/"},{"@type":"ListItem","position":3,"name":"Donn\u00e9es ouvertes"}]},{"@type":"WebSite","@id":"https:\/\/www.consortech.com\/#website","url":"https:\/\/www.consortech.com\/","name":"Consortech","description":"Experts in data integration","potentialAction":[{"@type":"SearchAction","target":{"@type":"EntryPoint","urlTemplate":"https:\/\/www.consortech.com\/?s={search_term_string}"},"query-input":{"@type":"PropertyValueSpecification","valueRequired":true,"valueName":"search_term_string"}}],"inLanguage":"fr-FR"}]}},"_links":{"self":[{"href":"https:\/\/www.consortech.com\/fr\/wp-json\/wp\/v2\/pages\/472","targetHints":{"allow":["GET"]}}],"collection":[{"href":"https:\/\/www.consortech.com\/fr\/wp-json\/wp\/v2\/pages"}],"about":[{"href":"https:\/\/www.consortech.com\/fr\/wp-json\/wp\/v2\/types\/page"}],"author":[{"embeddable":true,"href":"https:\/\/www.consortech.com\/fr\/wp-json\/wp\/v2\/users\/1"}],"replies":[{"embeddable":true,"href":"https:\/\/www.consortech.com\/fr\/wp-json\/wp\/v2\/comments?post=472"}],"version-history":[{"count":0,"href":"https:\/\/www.consortech.com\/fr\/wp-json\/wp\/v2\/pages\/472\/revisions"}],"up":[{"embeddable":true,"href":"https:\/\/www.consortech.com\/fr\/wp-json\/wp\/v2\/pages\/470"}],"wp:attachment":[{"href":"https:\/\/www.consortech.com\/fr\/wp-json\/wp\/v2\/media?parent=472"}],"curies":[{"name":"wp","href":"https:\/\/api.w.org\/{rel}","templated":true}]}}