
{"id":471,"date":"2017-08-11T11:15:53","date_gmt":"2017-08-11T15:15:53","guid":{"rendered":"http:\/\/consortechsite.wpengine.com\/?page_id=471\/"},"modified":"2018-11-29T16:06:59","modified_gmt":"2018-11-29T21:06:59","slug":"ville-intelligente","status":"publish","type":"page","link":"https:\/\/www.consortech.com\/fr\/expertise-etl\/ville-intelligente\/","title":{"rendered":"VIlle intelligente"},"content":{"rendered":"\t\t<div class=\"et_pb_section et_pb_with_background et_section_regular breadcrumbs_section\">\n\t\t\t<div class=\" et_pb_row breadcrumbs_row\">\n\t\t\t\t<div class=\"et_pb_column et_pb_column_4_4 breadcrumbs_column\">\n\t\t\t\t\t<div class=\"et_pb_code et_pb_module breadcrumbs_module\">\n\t\t\t\t\t\t<span><span><a href=\"https:\/\/www.consortech.com\/fr\/\">Accueil<\/a><\/span><\/span>\t\t\t\t\t<\/div> <!-- .et_pb_code -->\n\t\t\t\t<\/div> <!-- .et_pb_column -->\n\t\t\t<\/div> <!-- .et_pb_row -->\n\t\t<\/div>\n\t\t<p>[et_pb_section fb_built=\u00a0\u00bb1&Prime; module_class=\u00a0\u00bbliste-rouge\u00a0\u00bb _builder_version=\u00a0\u00bb3.0.75&Prime;][et_pb_row use_custom_gutter=\u00a0\u00bbon\u00a0\u00bb _builder_version=\u00a0\u00bb3.0.87&Prime;][et_pb_column type=\u00a0\u00bb2_3&Prime; _builder_version=\u00a0\u00bb3.0.47&Prime; parallax=\u00a0\u00bboff\u00a0\u00bb parallax_method=\u00a0\u00bbon\u00a0\u00bb][et_pb_text admin_label=\u00a0\u00bbVilles intelligentes : de grandes opportunit\u00e9s \u00e0 saisir\u00a0\u00bb _builder_version=\u00a0\u00bb3.0.89&Prime; border_style_all=\u00a0\u00bbsolid\u00a0\u00bb border_style=\u00a0\u00bbsolid\u00a0\u00bb]<\/p>\n<h1><strong><span style=\"color: #ca3042;\">Villes intelligentes:<\/span><\/strong><br \/>\n<strong>de grandes opportunit\u00e9s \u00e0 saisir<\/strong><\/h1>\n<p>En plus de voir leur population s\u2019accro\u00eetre, les milieux urbains sont confront\u00e9s \u00e0 des d\u00e9fis de taille reli\u00e9s \u00e0 la gestion de leurs infrastructures et \u00e0 l\u2019optimisation de leurs services. Pour y faire face, l\u2019\u00e9volution des technologies promet une foule de possibilit\u00e9s pour les villes. Mais comment briser la glace avec le concept de ville intelligente et lancer des projets qui rapporteront vraiment aux citoyens?<\/p>\n<p>Une grande partie du concept de ville intelligente repose sur l\u2019acc\u00e8s, l\u2019int\u00e9gration et l\u2019analyse des donn\u00e9es g\u00e9ospatiales. Pour tirer votre \u00e9pingle du jeu et ne pas vous perdre dans le d\u00e9dale des possibilit\u00e9s, il vous faut une \u00e9quipe exp\u00e9riment\u00e9e qui tient solidement les r\u00eanes du projet.<\/p>\n<p>[\/et_pb_text][\/et_pb_column][et_pb_column type=\u00a0\u00bb1_3&Prime; _builder_version=\u00a0\u00bb3.0.47&Prime; parallax=\u00a0\u00bboff\u00a0\u00bb parallax_method=\u00a0\u00bbon\u00a0\u00bb][et_pb_image src=\u00a0\u00bbhttps:\/\/consortech.com\/wp-content\/uploads\/2018\/11\/villes-intelligentes.jpg\u00a0\u00bb _builder_version=\u00a0\u00bb3.15&Prime; border_style_all=\u00a0\u00bbsolid\u00a0\u00bb max_width=\u00a0\u00bb342px\u00a0\u00bb border_style=\u00a0\u00bbsolid\u00a0\u00bb][\/et_pb_image][\/et_pb_column][\/et_pb_row][\/et_pb_section][et_pb_section fb_built=\u00a0\u00bb1&Prime; custom_padding_last_edited=\u00a0\u00bbon|desktop\u00a0\u00bb disabled_on=\u00a0\u00bboff|off|off\u00a0\u00bb _builder_version=\u00a0\u00bb3.0.89&Prime; custom_padding=\u00a0\u00bb0px|||\u00a0\u00bb][et_pb_row _builder_version=\u00a0\u00bb3.0.75&Prime;][et_pb_column type=\u00a0\u00bb4_4&Prime; _builder_version=\u00a0\u00bb3.0.47&Prime; parallax=\u00a0\u00bboff\u00a0\u00bb parallax_method=\u00a0\u00bbon\u00a0\u00bb][et_pb_divider color=\u00a0\u00bb#39e2c2&Prime; divider_weight=\u00a0\u00bb2&Prime; height=\u00a0\u00bb2&Prime; _builder_version=\u00a0\u00bb3.2&Prime; max_width=\u00a0\u00bb200px\u00a0\u00bb animation_style=\u00a0\u00bbzoom\u00a0\u00bb custom_css_main_element=\u00a0\u00bbmargin:0 auto;\u00a0\u00bb][\/et_pb_divider][et_pb_text admin_label=\u00a0\u00bbUne ville intelligente utilise l&rsquo;information\u00a0\u00bb _builder_version=\u00a0\u00bb3.0.89&Prime; text_font=\u00a0\u00bb|on|||\u00a0\u00bb text_font_size=\u00a0\u00bb35&Prime; text_line_height=\u00a0\u00bb1.3em\u00a0\u00bb border_style_all=\u00a0\u00bbsolid\u00a0\u00bb text_orientation=\u00a0\u00bbcenter\u00a0\u00bb max_width=\u00a0\u00bb900px\u00a0\u00bb module_alignment=\u00a0\u00bbcenter\u00a0\u00bb custom_padding=\u00a0\u00bb30px||30px|\u00a0\u00bb border_style=\u00a0\u00bbsolid\u00a0\u00bb]<\/p>\n<p><strong>Une ville intelligente utilise l&rsquo;information, la communication et la technologie pour am\u00e9liorer <span style=\"color: #39e2c2;\">la qualit\u00e9 de vie des citoyens<\/span> et se d\u00e9velopper de fa\u00e7on durable.<\/strong><\/p>\n<p>[\/et_pb_text][et_pb_divider color=\u00a0\u00bb#39e2c2&Prime; divider_weight=\u00a0\u00bb2&Prime; height=\u00a0\u00bb2&Prime; _builder_version=\u00a0\u00bb3.2&Prime; max_width=\u00a0\u00bb200px\u00a0\u00bb animation_style=\u00a0\u00bbzoom\u00a0\u00bb custom_css_main_element=\u00a0\u00bbmargin:0 auto;\u00a0\u00bb][\/et_pb_divider][\/et_pb_column][\/et_pb_row][\/et_pb_section][et_pb_section fb_built=\u00a0\u00bb1&Prime; module_class=\u00a0\u00bbliste-rouge\u00a0\u00bb _builder_version=\u00a0\u00bb3.15&Prime; background_image=\u00a0\u00bbhttps:\/\/consortech.com\/wp-content\/uploads\/2018\/11\/ville-inte-banner.jpg\u00a0\u00bb custom_padding=\u00a0\u00bb0px||0px|\u00a0\u00bb custom_css_main_element=\u00a0\u00bbz-index: -1;\u00a0\u00bb][et_pb_row use_custom_width=\u00a0\u00bbon\u00a0\u00bb custom_width_px=\u00a0\u00bb680px\u00a0\u00bb custom_padding=\u00a0\u00bb0px||0px|\u00a0\u00bb custom_padding_last_edited=\u00a0\u00bboff|tablet\u00a0\u00bb disabled_on=\u00a0\u00bbon||\u00a0\u00bb _builder_version=\u00a0\u00bb3.0.89&Prime; custom_css_main_element=\u00a0\u00bbcontent: %22 %22;|| background: url(https:\/\/consortech.com\/wp-content\/uploads\/2017\/08\/cercle-blanc.svg);|| height: 100%;|| width: 100%;|| display: block;|| overflow: hidden;|| background-size: cover;|| background-position: center center;\u00a0\u00bb][et_pb_column type=\u00a0\u00bb4_4&Prime; _builder_version=\u00a0\u00bb3.0.47&Prime; parallax=\u00a0\u00bboff\u00a0\u00bb parallax_method=\u00a0\u00bbon\u00a0\u00bb][et_pb_text admin_label=\u00a0\u00bbConsortech \u00e0 l\u2019avant-garde des enjeux des villes- Desktop\u00a0\u00bb _builder_version=\u00a0\u00bb3.0.89&Prime; header_text_align=\u00a0\u00bbleft\u00a0\u00bb border_style_all=\u00a0\u00bbsolid\u00a0\u00bb max_width=\u00a0\u00bb680px\u00a0\u00bb module_alignment=\u00a0\u00bbleft\u00a0\u00bb custom_padding=\u00a0\u00bb90px|100px|30px|100px\u00a0\u00bb border_style=\u00a0\u00bbsolid\u00a0\u00bb]<\/p>\n<h2 style=\"text-align: center;\"><b>Consortech \u00e0 l\u2019avant-garde des enjeux des villes<\/b><\/h2>\n<p style=\"text-align: center;\">Am\u00e9liorer les services, abaisser certains co\u00fbts et anticiper les besoins du futur n\u00e9cessite une expertise de pointe entourant les donn\u00e9es. Le savoir-faire pr\u00e9cieux de Consortech vous permet d\u2019acc\u00e9der \u00e0 une information fiable, pertinente et de qualit\u00e9.<\/p>\n<p>&nbsp;<\/p>\n<p>[\/et_pb_text][\/et_pb_column][\/et_pb_row][et_pb_row use_custom_width=\u00a0\u00bbon\u00a0\u00bb custom_padding=\u00a0\u00bb0px||0px|\u00a0\u00bb custom_padding_last_edited=\u00a0\u00bboff|tablet\u00a0\u00bb disabled_on=\u00a0\u00bb|on|on\u00a0\u00bb _builder_version=\u00a0\u00bb3.0.75&Prime; background_color=\u00a0\u00bbrgba(255,255,255,0.9)\u00a0\u00bb][et_pb_column type=\u00a0\u00bb4_4&Prime; _builder_version=\u00a0\u00bb3.0.47&Prime; parallax=\u00a0\u00bboff\u00a0\u00bb parallax_method=\u00a0\u00bbon\u00a0\u00bb][et_pb_text admin_label=\u00a0\u00bbConsortech \u00e0 l\u2019avant-garde des enjeux des villes\u00a0\u00bb _builder_version=\u00a0\u00bb3.0.89&Prime; header_text_align=\u00a0\u00bbleft\u00a0\u00bb border_style_all=\u00a0\u00bbsolid\u00a0\u00bb max_width=\u00a0\u00bb680px\u00a0\u00bb module_alignment=\u00a0\u00bbleft\u00a0\u00bb custom_padding=\u00a0\u00bb50px|30px|0px|30px\u00a0\u00bb border_style=\u00a0\u00bbsolid\u00a0\u00bb]<\/p>\n<h2 style=\"text-align: center;\"><b>Consortech \u00e0 l\u2019avant-garde des enjeux des villes<\/b><\/h2>\n<p style=\"text-align: center;\">Am\u00e9liorer les services, abaisser certains co\u00fbts et anticiper les besoins du futur n\u00e9cessite une expertise de pointe entourant les donn\u00e9es. Le savoir-faire pr\u00e9cieux de Consortech vous permet d\u2019acc\u00e9der \u00e0 une information fiable, pertinente et de qualit\u00e9.<\/p>\n<p>[\/et_pb_text][\/et_pb_column][\/et_pb_row][\/et_pb_section][et_pb_section fb_built=\u00a0\u00bb1&Prime; custom_padding_last_edited=\u00a0\u00bbon|desktop\u00a0\u00bb _builder_version=\u00a0\u00bb3.0.89&Prime; custom_padding=\u00a0\u00bb||0px|\u00a0\u00bb][et_pb_row _builder_version=\u00a0\u00bb3.0.75&Prime;][et_pb_column type=\u00a0\u00bb4_4&Prime; _builder_version=\u00a0\u00bb3.0.47&Prime; parallax=\u00a0\u00bboff\u00a0\u00bb parallax_method=\u00a0\u00bbon\u00a0\u00bb][et_pb_divider color=\u00a0\u00bb#39e2c2&Prime; divider_weight=\u00a0\u00bb2&Prime; height=\u00a0\u00bb2&Prime; _builder_version=\u00a0\u00bb3.2&Prime; max_width=\u00a0\u00bb200px\u00a0\u00bb animation_style=\u00a0\u00bbzoom\u00a0\u00bb custom_css_main_element=\u00a0\u00bbmargin:0 auto;\u00a0\u00bb][\/et_pb_divider][et_pb_text admin_label=\u00a0\u00bbLiez vos syst\u00e8mes et enrichissez vos donn\u00e9es pour prendre des d\u00e9cisions plus \u00e9clair\u00e9es!\u00a0\u00bb _builder_version=\u00a0\u00bb3.0.89&Prime; text_font=\u00a0\u00bb|on|||\u00a0\u00bb text_font_size=\u00a0\u00bb35&Prime; text_line_height=\u00a0\u00bb1.3em\u00a0\u00bb border_style_all=\u00a0\u00bbsolid\u00a0\u00bb text_orientation=\u00a0\u00bbcenter\u00a0\u00bb max_width=\u00a0\u00bb900px\u00a0\u00bb module_alignment=\u00a0\u00bbcenter\u00a0\u00bb custom_padding=\u00a0\u00bb30px||30px|\u00a0\u00bb border_style=\u00a0\u00bbsolid\u00a0\u00bb]<\/p>\n<p><strong>Liez vos syst\u00e8mes et enrichissez vos donn\u00e9es pour prendre <span style=\"color: #39e2c2;\">des d\u00e9cisions plus \u00e9clair\u00e9es<\/span>!<\/strong><\/p>\n<p>[\/et_pb_text][et_pb_divider color=\u00a0\u00bb#39e2c2&Prime; divider_weight=\u00a0\u00bb2&Prime; height=\u00a0\u00bb2&Prime; _builder_version=\u00a0\u00bb3.2&Prime; max_width=\u00a0\u00bb200px\u00a0\u00bb custom_padding=\u00a0\u00bb||90px|\u00a0\u00bb animation_style=\u00a0\u00bbzoom\u00a0\u00bb custom_css_main_element=\u00a0\u00bbmargin:0 auto;\u00a0\u00bb][\/et_pb_divider][\/et_pb_column][\/et_pb_row][\/et_pb_section][et_pb_section fb_built=\u00a0\u00bb1&Prime; disabled_on=\u00a0\u00bbon|on|on\u00a0\u00bb _builder_version=\u00a0\u00bb3.0.82&Prime; disabled=\u00a0\u00bbon\u00a0\u00bb][et_pb_row _builder_version=\u00a0\u00bb3.0.47&Prime; background_size=\u00a0\u00bbinitial\u00a0\u00bb background_position=\u00a0\u00bbtop_left\u00a0\u00bb background_repeat=\u00a0\u00bbrepeat\u00a0\u00bb][et_pb_column type=\u00a0\u00bb1_3&Prime; _builder_version=\u00a0\u00bb3.0.47&Prime; parallax=\u00a0\u00bboff\u00a0\u00bb parallax_method=\u00a0\u00bbon\u00a0\u00bb][et_pb_image src=\u00a0\u00bbhttps:\/\/consortech.com\/wp-content\/uploads\/2017\/08\/icone-histoires.svg\u00a0\u00bb _builder_version=\u00a0\u00bb3.0.74&Prime; max_width=\u00a0\u00bb302px\u00a0\u00bb sticky=\u00a0\u00bboff\u00a0\u00bb][\/et_pb_image][\/et_pb_column][et_pb_column type=\u00a0\u00bb2_3&Prime; _builder_version=\u00a0\u00bb3.0.47&Prime; parallax=\u00a0\u00bboff\u00a0\u00bb parallax_method=\u00a0\u00bbon\u00a0\u00bb][et_pb_text admin_label=\u00a0\u00bbHISTOIRE \u00c0 SUCC\u00c8S\u00a0\u00bb module_class=\u00a0\u00bbbg-zoom-1 \u00a0\u00bb _builder_version=\u00a0\u00bb3.0.82&Prime;]<\/p>\n<h2>HISTOIRE <strong>\u00c0 SUCC\u00c8S<\/strong><\/h2>\n<p>\u00ab\u00a0Non ergo erunt homines deliciis diffluentes audiendi, si quando de amicitia,ratione habent cognitam, disputabunt. Nam quis est, pro deorum fidem atque hominum! Magnentio, ferebatur per strages multiplices ac ruinas, vinculis membra.\u00a0\u00bb\u00a0\u00a0<\/p>\n<p><strong>JOHN DOE<\/strong><\/p>\n<p><a class=\"lien-plus\" href=\"https:\/\/consortech.com\/clients\/\"><img loading=\"lazy\" decoding=\"async\" class=\"alignnone wp-image-574\" src=\"https:\/\/consortech.com\/wp-content\/uploads\/2017\/08\/plus-violet.svg\" alt=\"\" width=\"50\" height=\"50\" \/><\/a><\/p>\n<p>[\/et_pb_text][\/et_pb_column][\/et_pb_row][\/et_pb_section][et_pb_section fb_built=\u00a0\u00bb1&Prime; _builder_version=\u00a0\u00bb3.0.74&Prime; background_color=\u00a0\u00bb#ededed\u00a0\u00bb background_image=\u00a0\u00bbhttps:\/\/consortech.com\/wp-content\/uploads\/2015\/11\/bg-projet.svg\u00a0\u00bb background_size=\u00a0\u00bbcontain\u00a0\u00bb background_position=\u00a0\u00bbtop_left\u00a0\u00bb custom_css_main_element=\u00a0\u00bbborder-bottom : 15px solid #fff;\u00a0\u00bb][et_pb_row make_equal=\u00a0\u00bbon\u00a0\u00bb custom_padding_last_edited=\u00a0\u00bboff|desktop\u00a0\u00bb background_position_1=\u00a0\u00bbtop_left\u00a0\u00bb background_position_2=\u00a0\u00bbtop_left\u00a0\u00bb background_repeat_1=\u00a0\u00bbno-repeat\u00a0\u00bb background_repeat_2=\u00a0\u00bbno-repeat\u00a0\u00bb padding_top_1=\u00a0\u00bb50px\u00a0\u00bb padding_bottom_1=\u00a0\u00bb50px\u00a0\u00bb padding_1_tablet=\u00a0\u00bb0px||0px|\u00a0\u00bb padding_1_last_edited=\u00a0\u00bbon|tablet\u00a0\u00bb _builder_version=\u00a0\u00bb3.0.75&Prime;][et_pb_column type=\u00a0\u00bb2_3&Prime; _builder_version=\u00a0\u00bb3.0.47&Prime; padding_tablet=\u00a0\u00bb0px||0px|\u00a0\u00bb padding_last_edited=\u00a0\u00bbon|tablet\u00a0\u00bb padding_bottom=\u00a0\u00bb50px\u00a0\u00bb padding_top=\u00a0\u00bb50px\u00a0\u00bb parallax=\u00a0\u00bboff\u00a0\u00bb parallax_method=\u00a0\u00bbon\u00a0\u00bb background_position=\u00a0\u00bbtop_left\u00a0\u00bb background_repeat=\u00a0\u00bbno-repeat\u00a0\u00bb][et_pb_text admin_label=\u00a0\u00bbJoignez le mouvement des villes intelligentes avec une utilisation fut\u00e9e de vos donn\u00e9es\u00a0\u00bb _builder_version=\u00a0\u00bb3.0.89&Prime; border_style_all=\u00a0\u00bbsolid\u00a0\u00bb custom_padding=\u00a0\u00bb||20px|\u00a0\u00bb border_style=\u00a0\u00bbsolid\u00a0\u00bb]<\/p>\n<h2><strong><span style=\"color: #ca3042;\">Joignez le mouvement des villes intelligentes<\/span><\/strong><br \/>\navec une utilisation fut\u00e9e de vos donn\u00e9es<\/h2>\n<p>[\/et_pb_text][et_pb_button button_url=\u00a0\u00bb\/fr\/solutions\/\u00a0\u00bb button_text=\u00a0\u00bbD\u00e9couvrez nos solutions\u00a0\u00bb button_alignment=\u00a0\u00bbleft\u00a0\u00bb _builder_version=\u00a0\u00bb3.0.89&Prime; background_layout=\u00a0\u00bbdark\u00a0\u00bb][\/et_pb_button][\/et_pb_column][et_pb_column type=\u00a0\u00bb1_3&Prime; _builder_version=\u00a0\u00bb3.0.47&Prime; parallax=\u00a0\u00bboff\u00a0\u00bb parallax_method=\u00a0\u00bbon\u00a0\u00bb background_position=\u00a0\u00bbtop_left\u00a0\u00bb background_repeat=\u00a0\u00bbno-repeat\u00a0\u00bb][et_pb_image src=\u00a0\u00bbhttps:\/\/consortech.com\/wp-content\/uploads\/2017\/11\/contact-2.png\u00a0\u00bb disabled_on=\u00a0\u00bboff|off|\u00a0\u00bb _builder_version=\u00a0\u00bb3.0.89&Prime; border_style_all=\u00a0\u00bbsolid\u00a0\u00bb max_width=\u00a0\u00bb343px\u00a0\u00bb border_style=\u00a0\u00bbsolid\u00a0\u00bb][\/et_pb_image][\/et_pb_column][\/et_pb_row][\/et_pb_section]<\/p>\n","protected":false},"excerpt":{"rendered":"<p>Villes intelligentes: de grandes opportunit\u00e9s \u00e0 saisir En plus de voir leur population s\u2019accro\u00eetre, les milieux urbains sont confront\u00e9s \u00e0 des d\u00e9fis de taille reli\u00e9s \u00e0 la gestion de leurs infrastructures et \u00e0 l\u2019optimisation de leurs services. Pour y faire face, l\u2019\u00e9volution des technologies promet une foule de possibilit\u00e9s pour les villes. Mais comment briser [&hellip;]<\/p>\n","protected":false},"author":1,"featured_media":0,"parent":470,"menu_order":0,"comment_status":"closed","ping_status":"closed","template":"","meta":{"_acf_changed":false,"_et_pb_use_builder":"on","_et_pb_old_content":"","_et_gb_content_width":"","_monsterinsights_skip_tracking":false,"_monsterinsights_sitenote_active":false,"_monsterinsights_sitenote_note":"","_monsterinsights_sitenote_category":0,"footnotes":""},"class_list":["post-471","page","type-page","status-publish","hentry"],"acf":[],"yoast_head":"<!-- This site is optimized with the Yoast SEO plugin v27.2 - https:\/\/yoast.com\/product\/yoast-seo-wordpress\/ -->\n<title>Villes intelligentes et exploitation des donn\u00e9es | Consortech<\/title>\n<meta name=\"description\" content=\"Les milieux urbains sont confront\u00e9s \u00e0 des d\u00e9fis de taille. Voyez comment l\u2019expertise de Consortech peut contribuer \u00e0 les relever!\" \/>\n<meta name=\"robots\" content=\"index, follow, max-snippet:-1, max-image-preview:large, max-video-preview:-1\" \/>\n<link rel=\"canonical\" href=\"https:\/\/www.consortech.com\/fr\/expertise-etl\/ville-intelligente\/\" \/>\n<meta property=\"og:locale\" content=\"fr_FR\" \/>\n<meta property=\"og:type\" content=\"article\" \/>\n<meta property=\"og:title\" content=\"Villes intelligentes et exploitation des donn\u00e9es | Consortech\" \/>\n<meta property=\"og:description\" content=\"Les milieux urbains sont confront\u00e9s \u00e0 des d\u00e9fis de taille. Voyez comment l\u2019expertise de Consortech peut contribuer \u00e0 les relever!\" \/>\n<meta property=\"og:url\" content=\"https:\/\/www.consortech.com\/fr\/expertise-etl\/ville-intelligente\/\" \/>\n<meta property=\"og:site_name\" content=\"Consortech\" \/>\n<meta property=\"article:modified_time\" content=\"2018-11-29T21:06:59+00:00\" \/>\n<meta property=\"og:image\" content=\"https:\/\/consortech.com\/wp-content\/uploads\/2017\/08\/plus-violet.svg\" \/>\n<meta name=\"twitter:card\" content=\"summary_large_image\" \/>\n<meta name=\"twitter:label1\" content=\"Dur\u00e9e de lecture estim\u00e9e\" \/>\n\t<meta name=\"twitter:data1\" content=\"6 minutes\" \/>\n<script type=\"application\/ld+json\" class=\"yoast-schema-graph\">{\"@context\":\"https:\/\/schema.org\",\"@graph\":[{\"@type\":\"WebPage\",\"@id\":\"https:\/\/www.consortech.com\/fr\/expertise-etl\/ville-intelligente\/\",\"url\":\"https:\/\/www.consortech.com\/fr\/expertise-etl\/ville-intelligente\/\",\"name\":\"Villes intelligentes et exploitation des donn\u00e9es | Consortech\",\"isPartOf\":{\"@id\":\"https:\/\/www.consortech.com\/#website\"},\"primaryImageOfPage\":{\"@id\":\"https:\/\/www.consortech.com\/fr\/expertise-etl\/ville-intelligente\/#primaryimage\"},\"image\":{\"@id\":\"https:\/\/www.consortech.com\/fr\/expertise-etl\/ville-intelligente\/#primaryimage\"},\"thumbnailUrl\":\"https:\/\/consortech.com\/wp-content\/uploads\/2017\/08\/plus-violet.svg\",\"datePublished\":\"2017-08-11T15:15:53+00:00\",\"dateModified\":\"2018-11-29T21:06:59+00:00\",\"description\":\"Les milieux urbains sont confront\u00e9s \u00e0 des d\u00e9fis de taille. Voyez comment l\u2019expertise de Consortech peut contribuer \u00e0 les relever!\",\"breadcrumb\":{\"@id\":\"https:\/\/www.consortech.com\/fr\/expertise-etl\/ville-intelligente\/#breadcrumb\"},\"inLanguage\":\"fr-FR\",\"potentialAction\":[{\"@type\":\"ReadAction\",\"target\":[\"https:\/\/www.consortech.com\/fr\/expertise-etl\/ville-intelligente\/\"]}]},{\"@type\":\"ImageObject\",\"inLanguage\":\"fr-FR\",\"@id\":\"https:\/\/www.consortech.com\/fr\/expertise-etl\/ville-intelligente\/#primaryimage\",\"url\":\"https:\/\/consortech.com\/wp-content\/uploads\/2017\/08\/plus-violet.svg\",\"contentUrl\":\"https:\/\/consortech.com\/wp-content\/uploads\/2017\/08\/plus-violet.svg\"},{\"@type\":\"BreadcrumbList\",\"@id\":\"https:\/\/www.consortech.com\/fr\/expertise-etl\/ville-intelligente\/#breadcrumb\",\"itemListElement\":[{\"@type\":\"ListItem\",\"position\":1,\"name\":\"Accueil\",\"item\":\"https:\/\/www.consortech.com\/fr\/\"},{\"@type\":\"ListItem\",\"position\":2,\"name\":\"Expertise ETL\",\"item\":\"https:\/\/www.consortech.com\/fr\/expertise-etl\/\"},{\"@type\":\"ListItem\",\"position\":3,\"name\":\"VIlle intelligente\"}]},{\"@type\":\"WebSite\",\"@id\":\"https:\/\/www.consortech.com\/#website\",\"url\":\"https:\/\/www.consortech.com\/\",\"name\":\"Consortech\",\"description\":\"Experts in data integration\",\"potentialAction\":[{\"@type\":\"SearchAction\",\"target\":{\"@type\":\"EntryPoint\",\"urlTemplate\":\"https:\/\/www.consortech.com\/?s={search_term_string}\"},\"query-input\":{\"@type\":\"PropertyValueSpecification\",\"valueRequired\":true,\"valueName\":\"search_term_string\"}}],\"inLanguage\":\"fr-FR\"}]}<\/script>\n<!-- \/ Yoast SEO plugin. -->","yoast_head_json":{"title":"Villes intelligentes et exploitation des donn\u00e9es | Consortech","description":"Les milieux urbains sont confront\u00e9s \u00e0 des d\u00e9fis de taille. Voyez comment l\u2019expertise de Consortech peut contribuer \u00e0 les relever!","robots":{"index":"index","follow":"follow","max-snippet":"max-snippet:-1","max-image-preview":"max-image-preview:large","max-video-preview":"max-video-preview:-1"},"canonical":"https:\/\/www.consortech.com\/fr\/expertise-etl\/ville-intelligente\/","og_locale":"fr_FR","og_type":"article","og_title":"Villes intelligentes et exploitation des donn\u00e9es | Consortech","og_description":"Les milieux urbains sont confront\u00e9s \u00e0 des d\u00e9fis de taille. Voyez comment l\u2019expertise de Consortech peut contribuer \u00e0 les relever!","og_url":"https:\/\/www.consortech.com\/fr\/expertise-etl\/ville-intelligente\/","og_site_name":"Consortech","article_modified_time":"2018-11-29T21:06:59+00:00","og_image":[{"url":"https:\/\/consortech.com\/wp-content\/uploads\/2017\/08\/plus-violet.svg","type":"","width":"","height":""}],"twitter_card":"summary_large_image","twitter_misc":{"Dur\u00e9e de lecture estim\u00e9e":"6 minutes"},"schema":{"@context":"https:\/\/schema.org","@graph":[{"@type":"WebPage","@id":"https:\/\/www.consortech.com\/fr\/expertise-etl\/ville-intelligente\/","url":"https:\/\/www.consortech.com\/fr\/expertise-etl\/ville-intelligente\/","name":"Villes intelligentes et exploitation des donn\u00e9es | Consortech","isPartOf":{"@id":"https:\/\/www.consortech.com\/#website"},"primaryImageOfPage":{"@id":"https:\/\/www.consortech.com\/fr\/expertise-etl\/ville-intelligente\/#primaryimage"},"image":{"@id":"https:\/\/www.consortech.com\/fr\/expertise-etl\/ville-intelligente\/#primaryimage"},"thumbnailUrl":"https:\/\/consortech.com\/wp-content\/uploads\/2017\/08\/plus-violet.svg","datePublished":"2017-08-11T15:15:53+00:00","dateModified":"2018-11-29T21:06:59+00:00","description":"Les milieux urbains sont confront\u00e9s \u00e0 des d\u00e9fis de taille. Voyez comment l\u2019expertise de Consortech peut contribuer \u00e0 les relever!","breadcrumb":{"@id":"https:\/\/www.consortech.com\/fr\/expertise-etl\/ville-intelligente\/#breadcrumb"},"inLanguage":"fr-FR","potentialAction":[{"@type":"ReadAction","target":["https:\/\/www.consortech.com\/fr\/expertise-etl\/ville-intelligente\/"]}]},{"@type":"ImageObject","inLanguage":"fr-FR","@id":"https:\/\/www.consortech.com\/fr\/expertise-etl\/ville-intelligente\/#primaryimage","url":"https:\/\/consortech.com\/wp-content\/uploads\/2017\/08\/plus-violet.svg","contentUrl":"https:\/\/consortech.com\/wp-content\/uploads\/2017\/08\/plus-violet.svg"},{"@type":"BreadcrumbList","@id":"https:\/\/www.consortech.com\/fr\/expertise-etl\/ville-intelligente\/#breadcrumb","itemListElement":[{"@type":"ListItem","position":1,"name":"Accueil","item":"https:\/\/www.consortech.com\/fr\/"},{"@type":"ListItem","position":2,"name":"Expertise ETL","item":"https:\/\/www.consortech.com\/fr\/expertise-etl\/"},{"@type":"ListItem","position":3,"name":"VIlle intelligente"}]},{"@type":"WebSite","@id":"https:\/\/www.consortech.com\/#website","url":"https:\/\/www.consortech.com\/","name":"Consortech","description":"Experts in data integration","potentialAction":[{"@type":"SearchAction","target":{"@type":"EntryPoint","urlTemplate":"https:\/\/www.consortech.com\/?s={search_term_string}"},"query-input":{"@type":"PropertyValueSpecification","valueRequired":true,"valueName":"search_term_string"}}],"inLanguage":"fr-FR"}]}},"_links":{"self":[{"href":"https:\/\/www.consortech.com\/fr\/wp-json\/wp\/v2\/pages\/471","targetHints":{"allow":["GET"]}}],"collection":[{"href":"https:\/\/www.consortech.com\/fr\/wp-json\/wp\/v2\/pages"}],"about":[{"href":"https:\/\/www.consortech.com\/fr\/wp-json\/wp\/v2\/types\/page"}],"author":[{"embeddable":true,"href":"https:\/\/www.consortech.com\/fr\/wp-json\/wp\/v2\/users\/1"}],"replies":[{"embeddable":true,"href":"https:\/\/www.consortech.com\/fr\/wp-json\/wp\/v2\/comments?post=471"}],"version-history":[{"count":0,"href":"https:\/\/www.consortech.com\/fr\/wp-json\/wp\/v2\/pages\/471\/revisions"}],"up":[{"embeddable":true,"href":"https:\/\/www.consortech.com\/fr\/wp-json\/wp\/v2\/pages\/470"}],"wp:attachment":[{"href":"https:\/\/www.consortech.com\/fr\/wp-json\/wp\/v2\/media?parent=471"}],"curies":[{"name":"wp","href":"https:\/\/api.w.org\/{rel}","templated":true}]}}