
{"id":469,"date":"2017-08-11T11:14:27","date_gmt":"2017-08-11T15:14:27","guid":{"rendered":"http:\/\/consortechsite.wpengine.com\/?page_id=469\/"},"modified":"2024-02-22T09:21:51","modified_gmt":"2024-02-22T14:21:51","slug":"webinaires","status":"publish","type":"page","link":"https:\/\/www.consortech.com\/fr\/evenements\/webinaires\/","title":{"rendered":"Webinaires"},"content":{"rendered":"\t\t<div class=\"et_pb_section et_pb_with_background et_section_regular breadcrumbs_section\">\n\t\t\t<div class=\" et_pb_row breadcrumbs_row\">\n\t\t\t\t<div class=\"et_pb_column et_pb_column_4_4 breadcrumbs_column\">\n\t\t\t\t\t<div class=\"et_pb_code et_pb_module breadcrumbs_module\">\n\t\t\t\t\t\t<span><span><a href=\"https:\/\/www.consortech.com\/fr\/\">Accueil<\/a><\/span><\/span>\t\t\t\t\t<\/div> <!-- .et_pb_code -->\n\t\t\t\t<\/div> <!-- .et_pb_column -->\n\t\t\t<\/div> <!-- .et_pb_row -->\n\t\t<\/div>\n\t\t<p>[et_pb_section fb_built=\u00a0\u00bb1&Prime; admin_label=\u00a0\u00bbsection\u00a0\u00bb module_class=\u00a0\u00bbwebinaire-section\u00a0\u00bb _builder_version=\u00a0\u00bb4.16&Prime; custom_padding=\u00a0\u00bb60px||60px|\u00a0\u00bb global_colors_info=\u00a0\u00bb{}\u00a0\u00bb][et_pb_row custom_padding_last_edited=\u00a0\u00bbon|desktop\u00a0\u00bb admin_label=\u00a0\u00bbrow\u00a0\u00bb _builder_version=\u00a0\u00bb4.16&Prime; background_size=\u00a0\u00bbinitial\u00a0\u00bb background_position=\u00a0\u00bbtop_left\u00a0\u00bb background_repeat=\u00a0\u00bbrepeat\u00a0\u00bb width_phone=\u00a0\u00bb50px\u00a0\u00bb max_width_phone=\u00a0\u00bb1280px\u00a0\u00bb custom_padding=\u00a0\u00bb||30px|\u00a0\u00bb custom_padding_tablet=\u00a0\u00bb\u00a0\u00bb custom_padding_phone=\u00a0\u00bb\u00a0\u00bb z_index_tablet=\u00a0\u00bb500&Prime; box_shadow_horizontal_tablet=\u00a0\u00bb0px\u00a0\u00bb box_shadow_vertical_tablet=\u00a0\u00bb0px\u00a0\u00bb box_shadow_blur_tablet=\u00a0\u00bb40px\u00a0\u00bb box_shadow_spread_tablet=\u00a0\u00bb0px\u00a0\u00bb global_colors_info=\u00a0\u00bb{}\u00a0\u00bb][et_pb_column type=\u00a0\u00bb4_4&Prime; _builder_version=\u00a0\u00bb4.16&Prime; custom_padding=\u00a0\u00bb|||\u00a0\u00bb global_colors_info=\u00a0\u00bb{}\u00a0\u00bb custom_padding__hover=\u00a0\u00bb|||\u00a0\u00bb][et_pb_text admin_label=\u00a0\u00bbWebinaires\u00a0\u00bb _builder_version=\u00a0\u00bb4.16&Prime; header_text_align=\u00a0\u00bbcenter\u00a0\u00bb global_colors_info=\u00a0\u00bb{}\u00a0\u00bb]<\/p>\n<h1 style=\"text-align: left;\"><strong>Webinaires<\/strong><\/h1>\n<p>[\/et_pb_text][\/et_pb_column][\/et_pb_row][et_pb_row admin_label=\u00a0\u00bbrow\u00a0\u00bb _builder_version=\u00a0\u00bb4.16&Prime; background_size=\u00a0\u00bbinitial\u00a0\u00bb background_position=\u00a0\u00bbtop_left\u00a0\u00bb background_repeat=\u00a0\u00bbrepeat\u00a0\u00bb global_colors_info=\u00a0\u00bb{}\u00a0\u00bb][et_pb_column type=\u00a0\u00bb4_4&Prime; _builder_version=\u00a0\u00bb4.16&Prime; custom_padding=\u00a0\u00bb|||\u00a0\u00bb global_colors_info=\u00a0\u00bb{}\u00a0\u00bb custom_padding__hover=\u00a0\u00bb|||\u00a0\u00bb][et_pb_image src=\u00a0\u00bbhttps:\/\/www.consortech.com\/wp-content\/uploads\/2024\/02\/consortech-webinar.png\u00a0\u00bb title_text=\u00a0\u00bbConsortech_Webinar\u00a0\u00bb _builder_version=\u00a0\u00bb4.24.1&Prime; _module_preset=\u00a0\u00bbdefault\u00a0\u00bb width=\u00a0\u00bb30%\u00a0\u00bb hover_enabled=\u00a0\u00bb0&Prime; global_colors_info=\u00a0\u00bb{}\u00a0\u00bb width_last_edited=\u00a0\u00bbon|phone\u00a0\u00bb sticky_enabled=\u00a0\u00bb0&Prime; width_tablet=\u00a0\u00bb50%\u00a0\u00bb width_phone=\u00a0\u00bb50%\u00a0\u00bb][\/et_pb_image][et_pb_code _builder_version=\u00a0\u00bb4.16&Prime; custom_margin=\u00a0\u00bb||75px||false|false\u00a0\u00bb global_colors_info=\u00a0\u00bb{}\u00a0\u00bb]\t\t<p style=\"text-align: left;\">D\u00e9couvrez ou revivez nos webinaires pass\u00e9s! Explorez \u00e0 votre rythme les conseils de nos experts pour optimiser vos performances et exploiter pleinement vos donn\u00e9es. En attendant les dates de nos prochains webinaires, <a href='\/fr\/blogue\/infolettre\/' >abonnez-vous \u00e0 notre infolettre<\/a> pour recevoir nos invitations par courriel.<\/p>\n\t\t[\/et_pb_code][et_pb_text admin_label=\u00a0\u00bbWebinaires\u00a0\u00bb _builder_version=\u00a0\u00bb4.24.1&Prime; header_text_align=\u00a0\u00bbcenter\u00a0\u00bb custom_padding=\u00a0\u00bb||30px||false|false\u00a0\u00bb global_colors_info=\u00a0\u00bb{}\u00a0\u00bb]<\/p>\n<h2 style=\"text-align: left;\"><strong>Webinaires en rediffusion<\/strong><\/h2>\n<p>[\/et_pb_text][et_pb_code _builder_version=\u00a0\u00bb4.16&Prime; global_colors_info=\u00a0\u00bb{}\u00a0\u00bb]\t  \t\t<div class=\"webinaire\">\r\n\t  \t\t\t<div class=\"img-event\">\r\n\t\t  \t\t\t<a href=\"https:\/\/www.consortech.com\/fr\/webinaire\/suivre-le-progres-des-operations-routieres-a-laide-de-fme-et-arcgis\/\" class=\"img-link\"><img loading=\"lazy\" decoding=\"async\" width=\"800\" height=\"394\" src=\"https:\/\/www.consortech.com\/wp-content\/uploads\/2024\/02\/webinar-cover-webinar-bespatial.png\" class=\"attachment-post-thumbnail size-post-thumbnail wp-post-image\" alt=\"\" srcset=\"https:\/\/www.consortech.com\/wp-content\/uploads\/2024\/02\/webinar-cover-webinar-bespatial.png 800w, https:\/\/www.consortech.com\/wp-content\/uploads\/2024\/02\/webinar-cover-webinar-bespatial-480x236.png 480w\" sizes=\"(min-width: 0px) and (max-width: 480px) 480px, (min-width: 481px) 800px, 100vw\" \/><\/a>\r\n\t      \t\t<\/div>\r\n\t\t  \t\t<div class=\"text-event\">\r\n\t\t  \t\t\t<h2>Suivre le progr\u00e8s des op\u00e9rations routi\u00e8res \u00e0 l&rsquo;aide de FME et ArcGIS (En anglais uniquement)<\/h2>\r\n\t\t      \t\t<p class=\"post-excerpt\">\r\n\t\t      \t\t\tD\u00e9couvrez comment la ville d'East Gwillimbury a utilis\u00e9 FME pour traiter et automatiser les workflows de donn\u00e9es de GeoTab vers les tableaux de bord des op\u00e9rations d'ArcGIS et Power BI.\t\t      \t\t\t<a href=\"https:\/\/www.consortech.com\/fr\/webinaire\/suivre-le-progres-des-operations-routieres-a-laide-de-fme-et-arcgis\/\" class=\"more-link\"><\/a>\r\n\t\t      \t\t<\/p>\r\n\t      \t\t<\/div>\r\n\t  \t\t<\/div>\r\n\t\t\t\t\r\n\t\t\t  \t\t<div class=\"webinaire\">\r\n\t  \t\t\t<div class=\"img-event\">\r\n\t\t  \t\t\t<a href=\"https:\/\/www.consortech.com\/fr\/webinaire\/initier-et-faire-progresser-votre-strategie-de-gouvernance-sig-avec-safe-software-en-anglais\/\" class=\"img-link\"><img loading=\"lazy\" decoding=\"async\" width=\"800\" height=\"394\" src=\"https:\/\/www.consortech.com\/wp-content\/uploads\/2023\/11\/cover-safe-co-host.jpg\" class=\"attachment-post-thumbnail size-post-thumbnail wp-post-image\" alt=\"\" srcset=\"https:\/\/www.consortech.com\/wp-content\/uploads\/2023\/11\/cover-safe-co-host.jpg 800w, https:\/\/www.consortech.com\/wp-content\/uploads\/2023\/11\/cover-safe-co-host-480x236.jpg 480w\" sizes=\"(min-width: 0px) and (max-width: 480px) 480px, (min-width: 481px) 800px, 100vw\" \/><\/a>\r\n\t      \t\t<\/div>\r\n\t\t  \t\t<div class=\"text-event\">\r\n\t\t  \t\t\t<h2>Initier et faire progresser votre strat\u00e9gie de gouvernance SIG avec Safe Software (En anglais)<\/h2>\r\n\t\t      \t\t<p class=\"post-excerpt\">\r\n\t\t      \t\t\tPar Theo Drogo et Lesley Mackenzie\t\t      \t\t\t<a href=\"https:\/\/www.consortech.com\/fr\/webinaire\/initier-et-faire-progresser-votre-strategie-de-gouvernance-sig-avec-safe-software-en-anglais\/\" class=\"more-link\"><\/a>\r\n\t\t      \t\t<\/p>\r\n\t      \t\t<\/div>\r\n\t  \t\t<\/div>\r\n\t\t\t\t\r\n\t\t\t  \t\t<div class=\"webinaire\">\r\n\t  \t\t\t<div class=\"img-event\">\r\n\t\t  \t\t\t<a href=\"https:\/\/www.consortech.com\/fr\/webinaire\/les-toutes-dernieres-innovations-dans-fme23\/\" class=\"img-link\"><img loading=\"lazy\" decoding=\"async\" width=\"800\" height=\"400\" src=\"https:\/\/www.consortech.com\/wp-content\/uploads\/2023\/05\/webinaire-fme-2023-800x400-1.png\" class=\"attachment-post-thumbnail size-post-thumbnail wp-post-image\" alt=\"\" srcset=\"https:\/\/www.consortech.com\/wp-content\/uploads\/2023\/05\/webinaire-fme-2023-800x400-1.png 800w, https:\/\/www.consortech.com\/wp-content\/uploads\/2023\/05\/webinaire-fme-2023-800x400-1-480x240.png 480w\" sizes=\"(min-width: 0px) and (max-width: 480px) 480px, (min-width: 481px) 800px, 100vw\" \/><\/a>\r\n\t      \t\t<\/div>\r\n\t\t  \t\t<div class=\"text-event\">\r\n\t\t  \t\t\t<h2>Les toutes derni\u00e8res innovations dans FME:23<\/h2>\r\n\t\t      \t\t<p class=\"post-excerpt\">\r\n\t\t      \t\t\tDans un contexte de changement d'image de marque, d\u00e9couvrez les toutes derni\u00e8res innovations introduites dans la plateforme FME:23.\t\t      \t\t\t<a href=\"https:\/\/www.consortech.com\/fr\/webinaire\/les-toutes-dernieres-innovations-dans-fme23\/\" class=\"more-link\"><\/a>\r\n\t\t      \t\t<\/p>\r\n\t      \t\t<\/div>\r\n\t  \t\t<\/div>\r\n\t\t\t\t\r\n\t\t<div class='wp-pagenavi' role='navigation'>\n<span aria-current='page' class='current'>1<\/span><a class=\"page larger\" title=\"Page 2\" href=\"https:\/\/www.consortech.com\/fr\/wp-json\/wp\/v2\/pages\/469\/page\/2\/\">2<\/a><a class=\"page larger\" title=\"Page 3\" href=\"https:\/\/www.consortech.com\/fr\/wp-json\/wp\/v2\/pages\/469\/page\/3\/\">3<\/a><a class=\"page larger\" title=\"Page 4\" href=\"https:\/\/www.consortech.com\/fr\/wp-json\/wp\/v2\/pages\/469\/page\/4\/\">4<\/a><a class=\"page larger\" title=\"Page 5\" href=\"https:\/\/www.consortech.com\/fr\/wp-json\/wp\/v2\/pages\/469\/page\/5\/\">5<\/a><span class='extend'>...<\/span><a class=\"nextpostslink\" rel=\"next\" aria-label=\"Page suivante\" href=\"https:\/\/www.consortech.com\/fr\/wp-json\/wp\/v2\/pages\/469\/page\/2\/\">&gt;<\/a>\n<\/div>\t\t[\/et_pb_code][et_pb_code disabled_on=\u00a0\u00bbon|on|on\u00a0\u00bb _builder_version=\u00a0\u00bb4.16&Prime; disabled=\u00a0\u00bbon\u00a0\u00bb global_colors_info=\u00a0\u00bb{}\u00a0\u00bb]<div id=\"sidebar\" class=\"sidebar-infolettre\">\n\n\t\t<div id=\"new-webinars\" class=\"et_pb_widget\">\n\t\t<h4 class=\"widgettitle\">\u00c9v\u00e9nements, formations, conseils et id\u00e9es de projets FME : ne manquez rien gr\u00e2ce \u00e0 notre infolettre.<\/h4>\n\n\t\t\t\t<a class=\"et_pb_button et_pb_module et_pb_bg_layout_dark\" href=\"https:\/\/www.consortech.com\/fr\/blogue\/infolettre\/\">Je m'inscris<\/a>\n\n\t<\/div>\n\n<\/div><!-- .sidebar-event -->\n\n\n<div id=\"sidebar\" class=\"sidebar-event\">\n\n\t<div id=\"new-webinars\" class=\"et_pb_widget\">\n\t\t<h4 class=\"widgettitle\">Le blogue de Consortech vous aidera \u00e0 utiliser vos donn\u00e9es \u00e0 leur plein potentiel!<\/h4>\n\t\t\t\t<a class=\"et_pb_button et_pb_module et_pb_bg_layout_dark\" href=\"https:\/\/www.consortech.com\/fr\/blogue\/\">Lire nos articles<\/a>\n\n\n\t<\/div>\n\n<\/div><!-- .sidebar-event -->\n[\/et_pb_code][\/et_pb_column][\/et_pb_row][\/et_pb_section]<\/p>\n","protected":false},"excerpt":{"rendered":"<p>Accueil [et_pb_section fb_built=\u00a0\u00bb1&Prime; admin_label=\u00a0\u00bbsection\u00a0\u00bb module_class=\u00a0\u00bbwebinaire-section\u00a0\u00bb _builder_version=\u00a0\u00bb4.16&Prime; custom_padding=\u00a0\u00bb60px||60px|\u00a0\u00bb global_colors_info=\u00a0\u00bb{}\u00a0\u00bb][et_pb_row custom_padding_last_edited=\u00a0\u00bbon|desktop\u00a0\u00bb admin_label=\u00a0\u00bbrow\u00a0\u00bb _builder_version=\u00a0\u00bb4.16&Prime; background_size=\u00a0\u00bbinitial\u00a0\u00bb background_position=\u00a0\u00bbtop_left\u00a0\u00bb background_repeat=\u00a0\u00bbrepeat\u00a0\u00bb width_phone=\u00a0\u00bb50px\u00a0\u00bb max_width_phone=\u00a0\u00bb1280px\u00a0\u00bb custom_padding=\u00a0\u00bb||30px|\u00a0\u00bb custom_padding_tablet=\u00a0\u00bb\u00a0\u00bb custom_padding_phone=\u00a0\u00bb\u00a0\u00bb z_index_tablet=\u00a0\u00bb500&Prime; box_shadow_horizontal_tablet=\u00a0\u00bb0px\u00a0\u00bb box_shadow_vertical_tablet=\u00a0\u00bb0px\u00a0\u00bb box_shadow_blur_tablet=\u00a0\u00bb40px\u00a0\u00bb box_shadow_spread_tablet=\u00a0\u00bb0px\u00a0\u00bb global_colors_info=\u00a0\u00bb{}\u00a0\u00bb][et_pb_column type=\u00a0\u00bb4_4&Prime; _builder_version=\u00a0\u00bb4.16&Prime; custom_padding=\u00a0\u00bb|||\u00a0\u00bb global_colors_info=\u00a0\u00bb{}\u00a0\u00bb custom_padding__hover=\u00a0\u00bb|||\u00a0\u00bb][et_pb_text admin_label=\u00a0\u00bbWebinaires\u00a0\u00bb _builder_version=\u00a0\u00bb4.16&Prime; header_text_align=\u00a0\u00bbcenter\u00a0\u00bb global_colors_info=\u00a0\u00bb{}\u00a0\u00bb] Webinaires [\/et_pb_text][\/et_pb_column][\/et_pb_row][et_pb_row admin_label=\u00a0\u00bbrow\u00a0\u00bb _builder_version=\u00a0\u00bb4.16&Prime; background_size=\u00a0\u00bbinitial\u00a0\u00bb background_position=\u00a0\u00bbtop_left\u00a0\u00bb background_repeat=\u00a0\u00bbrepeat\u00a0\u00bb global_colors_info=\u00a0\u00bb{}\u00a0\u00bb][et_pb_column type=\u00a0\u00bb4_4&Prime; _builder_version=\u00a0\u00bb4.16&Prime; custom_padding=\u00a0\u00bb|||\u00a0\u00bb global_colors_info=\u00a0\u00bb{}\u00a0\u00bb custom_padding__hover=\u00a0\u00bb|||\u00a0\u00bb][et_pb_image src=\u00a0\u00bbhttps:\/\/www.consortech.com\/wp-content\/uploads\/2024\/02\/consortech-webinar.png\u00a0\u00bb title_text=\u00a0\u00bbConsortech_Webinar\u00a0\u00bb _builder_version=\u00a0\u00bb4.24.1&Prime; _module_preset=\u00a0\u00bbdefault\u00a0\u00bb width=\u00a0\u00bb30%\u00a0\u00bb hover_enabled=\u00a0\u00bb0&Prime; global_colors_info=\u00a0\u00bb{}\u00a0\u00bb width_last_edited=\u00a0\u00bbon|phone\u00a0\u00bb [&hellip;]<\/p>\n","protected":false},"author":1,"featured_media":0,"parent":468,"menu_order":0,"comment_status":"closed","ping_status":"closed","template":"","meta":{"_acf_changed":false,"_et_pb_use_builder":"on","_et_pb_old_content":"","_et_gb_content_width":"","_monsterinsights_skip_tracking":false,"_monsterinsights_sitenote_active":false,"_monsterinsights_sitenote_note":"","_monsterinsights_sitenote_category":0,"footnotes":""},"class_list":["post-469","page","type-page","status-publish","hentry"],"acf":[],"yoast_head":"<!-- This site is optimized with the Yoast SEO plugin v27.2 - https:\/\/yoast.com\/product\/yoast-seo-wordpress\/ -->\n<title>Webinaires | Consortech<\/title>\n<meta name=\"robots\" content=\"index, follow, max-snippet:-1, max-image-preview:large, max-video-preview:-1\" \/>\n<link rel=\"canonical\" href=\"https:\/\/www.consortech.com\/fr\/evenements\/webinaires\/\" \/>\n<meta property=\"og:locale\" content=\"fr_FR\" \/>\n<meta property=\"og:type\" content=\"article\" \/>\n<meta property=\"og:title\" content=\"Webinaires | Consortech\" \/>\n<meta property=\"og:description\" content=\"Accueil [et_pb_section fb_built=\u00a0\u00bb1&Prime; admin_label=\u00a0\u00bbsection\u00a0\u00bb module_class=\u00a0\u00bbwebinaire-section\u00a0\u00bb _builder_version=\u00a0\u00bb4.16&Prime; custom_padding=\u00a0\u00bb60px||60px|\u00a0\u00bb global_colors_info=\u00a0\u00bb{}\u00a0\u00bb][et_pb_row custom_padding_last_edited=\u00a0\u00bbon|desktop\u00a0\u00bb admin_label=\u00a0\u00bbrow\u00a0\u00bb _builder_version=\u00a0\u00bb4.16&Prime; background_size=\u00a0\u00bbinitial\u00a0\u00bb background_position=\u00a0\u00bbtop_left\u00a0\u00bb background_repeat=\u00a0\u00bbrepeat\u00a0\u00bb width_phone=\u00a0\u00bb50px\u00a0\u00bb max_width_phone=\u00a0\u00bb1280px\u00a0\u00bb custom_padding=\u00a0\u00bb||30px|\u00a0\u00bb custom_padding_tablet=\u00a0\u00bb\u00a0\u00bb custom_padding_phone=\u00a0\u00bb\u00a0\u00bb z_index_tablet=\u00a0\u00bb500&Prime; box_shadow_horizontal_tablet=\u00a0\u00bb0px\u00a0\u00bb box_shadow_vertical_tablet=\u00a0\u00bb0px\u00a0\u00bb box_shadow_blur_tablet=\u00a0\u00bb40px\u00a0\u00bb box_shadow_spread_tablet=\u00a0\u00bb0px\u00a0\u00bb global_colors_info=\u00a0\u00bb{}\u00a0\u00bb][et_pb_column type=\u00a0\u00bb4_4&Prime; _builder_version=\u00a0\u00bb4.16&Prime; custom_padding=\u00a0\u00bb|||\u00a0\u00bb global_colors_info=\u00a0\u00bb{}\u00a0\u00bb custom_padding__hover=\u00a0\u00bb|||\u00a0\u00bb][et_pb_text admin_label=\u00a0\u00bbWebinaires\u00a0\u00bb _builder_version=\u00a0\u00bb4.16&Prime; header_text_align=\u00a0\u00bbcenter\u00a0\u00bb global_colors_info=\u00a0\u00bb{}\u00a0\u00bb] Webinaires [\/et_pb_text][\/et_pb_column][\/et_pb_row][et_pb_row admin_label=\u00a0\u00bbrow\u00a0\u00bb _builder_version=\u00a0\u00bb4.16&Prime; background_size=\u00a0\u00bbinitial\u00a0\u00bb background_position=\u00a0\u00bbtop_left\u00a0\u00bb background_repeat=\u00a0\u00bbrepeat\u00a0\u00bb global_colors_info=\u00a0\u00bb{}\u00a0\u00bb][et_pb_column type=\u00a0\u00bb4_4&Prime; _builder_version=\u00a0\u00bb4.16&Prime; custom_padding=\u00a0\u00bb|||\u00a0\u00bb global_colors_info=\u00a0\u00bb{}\u00a0\u00bb custom_padding__hover=\u00a0\u00bb|||\u00a0\u00bb][et_pb_image src=\u00a0\u00bbhttps:\/\/www.consortech.com\/wp-content\/uploads\/2024\/02\/consortech-webinar.png\u00a0\u00bb title_text=\u00a0\u00bbConsortech_Webinar\u00a0\u00bb _builder_version=\u00a0\u00bb4.24.1&Prime; _module_preset=\u00a0\u00bbdefault\u00a0\u00bb width=\u00a0\u00bb30%\u00a0\u00bb hover_enabled=\u00a0\u00bb0&Prime; global_colors_info=\u00a0\u00bb{}\u00a0\u00bb width_last_edited=\u00a0\u00bbon|phone\u00a0\u00bb [&hellip;]\" \/>\n<meta property=\"og:url\" content=\"https:\/\/www.consortech.com\/fr\/evenements\/webinaires\/\" \/>\n<meta property=\"og:site_name\" content=\"Consortech\" \/>\n<meta property=\"article:modified_time\" content=\"2024-02-22T14:21:51+00:00\" \/>\n<meta name=\"twitter:card\" content=\"summary_large_image\" \/>\n<meta name=\"twitter:label1\" content=\"Dur\u00e9e de lecture estim\u00e9e\" \/>\n\t<meta name=\"twitter:data1\" content=\"2 minutes\" \/>\n<script type=\"application\/ld+json\" class=\"yoast-schema-graph\">{\"@context\":\"https:\/\/schema.org\",\"@graph\":[{\"@type\":\"WebPage\",\"@id\":\"https:\/\/www.consortech.com\/fr\/evenements\/webinaires\/\",\"url\":\"https:\/\/www.consortech.com\/fr\/evenements\/webinaires\/\",\"name\":\"Webinaires | Consortech\",\"isPartOf\":{\"@id\":\"https:\/\/www.consortech.com\/#website\"},\"datePublished\":\"2017-08-11T15:14:27+00:00\",\"dateModified\":\"2024-02-22T14:21:51+00:00\",\"breadcrumb\":{\"@id\":\"https:\/\/www.consortech.com\/fr\/evenements\/webinaires\/#breadcrumb\"},\"inLanguage\":\"fr-FR\",\"potentialAction\":[{\"@type\":\"ReadAction\",\"target\":[\"https:\/\/www.consortech.com\/fr\/evenements\/webinaires\/\"]}]},{\"@type\":\"BreadcrumbList\",\"@id\":\"https:\/\/www.consortech.com\/fr\/evenements\/webinaires\/#breadcrumb\",\"itemListElement\":[{\"@type\":\"ListItem\",\"position\":1,\"name\":\"Accueil\",\"item\":\"https:\/\/www.consortech.com\/fr\/\"},{\"@type\":\"ListItem\",\"position\":2,\"name\":\"\u00c9v\u00e9nements\",\"item\":\"https:\/\/www.consortech.com\/fr\/evenements\/\"},{\"@type\":\"ListItem\",\"position\":3,\"name\":\"Webinaires\"}]},{\"@type\":\"WebSite\",\"@id\":\"https:\/\/www.consortech.com\/#website\",\"url\":\"https:\/\/www.consortech.com\/\",\"name\":\"Consortech\",\"description\":\"Experts in data integration\",\"potentialAction\":[{\"@type\":\"SearchAction\",\"target\":{\"@type\":\"EntryPoint\",\"urlTemplate\":\"https:\/\/www.consortech.com\/?s={search_term_string}\"},\"query-input\":{\"@type\":\"PropertyValueSpecification\",\"valueRequired\":true,\"valueName\":\"search_term_string\"}}],\"inLanguage\":\"fr-FR\"}]}<\/script>\n<!-- \/ Yoast SEO plugin. -->","yoast_head_json":{"title":"Webinaires | Consortech","robots":{"index":"index","follow":"follow","max-snippet":"max-snippet:-1","max-image-preview":"max-image-preview:large","max-video-preview":"max-video-preview:-1"},"canonical":"https:\/\/www.consortech.com\/fr\/evenements\/webinaires\/","og_locale":"fr_FR","og_type":"article","og_title":"Webinaires | Consortech","og_description":"Accueil [et_pb_section fb_built=\u00a0\u00bb1&Prime; admin_label=\u00a0\u00bbsection\u00a0\u00bb module_class=\u00a0\u00bbwebinaire-section\u00a0\u00bb _builder_version=\u00a0\u00bb4.16&Prime; custom_padding=\u00a0\u00bb60px||60px|\u00a0\u00bb global_colors_info=\u00a0\u00bb{}\u00a0\u00bb][et_pb_row custom_padding_last_edited=\u00a0\u00bbon|desktop\u00a0\u00bb admin_label=\u00a0\u00bbrow\u00a0\u00bb _builder_version=\u00a0\u00bb4.16&Prime; background_size=\u00a0\u00bbinitial\u00a0\u00bb background_position=\u00a0\u00bbtop_left\u00a0\u00bb background_repeat=\u00a0\u00bbrepeat\u00a0\u00bb width_phone=\u00a0\u00bb50px\u00a0\u00bb max_width_phone=\u00a0\u00bb1280px\u00a0\u00bb custom_padding=\u00a0\u00bb||30px|\u00a0\u00bb custom_padding_tablet=\u00a0\u00bb\u00a0\u00bb custom_padding_phone=\u00a0\u00bb\u00a0\u00bb z_index_tablet=\u00a0\u00bb500&Prime; box_shadow_horizontal_tablet=\u00a0\u00bb0px\u00a0\u00bb box_shadow_vertical_tablet=\u00a0\u00bb0px\u00a0\u00bb box_shadow_blur_tablet=\u00a0\u00bb40px\u00a0\u00bb box_shadow_spread_tablet=\u00a0\u00bb0px\u00a0\u00bb global_colors_info=\u00a0\u00bb{}\u00a0\u00bb][et_pb_column type=\u00a0\u00bb4_4&Prime; _builder_version=\u00a0\u00bb4.16&Prime; custom_padding=\u00a0\u00bb|||\u00a0\u00bb global_colors_info=\u00a0\u00bb{}\u00a0\u00bb custom_padding__hover=\u00a0\u00bb|||\u00a0\u00bb][et_pb_text admin_label=\u00a0\u00bbWebinaires\u00a0\u00bb _builder_version=\u00a0\u00bb4.16&Prime; header_text_align=\u00a0\u00bbcenter\u00a0\u00bb global_colors_info=\u00a0\u00bb{}\u00a0\u00bb] Webinaires [\/et_pb_text][\/et_pb_column][\/et_pb_row][et_pb_row admin_label=\u00a0\u00bbrow\u00a0\u00bb _builder_version=\u00a0\u00bb4.16&Prime; background_size=\u00a0\u00bbinitial\u00a0\u00bb background_position=\u00a0\u00bbtop_left\u00a0\u00bb background_repeat=\u00a0\u00bbrepeat\u00a0\u00bb global_colors_info=\u00a0\u00bb{}\u00a0\u00bb][et_pb_column type=\u00a0\u00bb4_4&Prime; _builder_version=\u00a0\u00bb4.16&Prime; custom_padding=\u00a0\u00bb|||\u00a0\u00bb global_colors_info=\u00a0\u00bb{}\u00a0\u00bb custom_padding__hover=\u00a0\u00bb|||\u00a0\u00bb][et_pb_image src=\u00a0\u00bbhttps:\/\/www.consortech.com\/wp-content\/uploads\/2024\/02\/consortech-webinar.png\u00a0\u00bb title_text=\u00a0\u00bbConsortech_Webinar\u00a0\u00bb _builder_version=\u00a0\u00bb4.24.1&Prime; _module_preset=\u00a0\u00bbdefault\u00a0\u00bb width=\u00a0\u00bb30%\u00a0\u00bb hover_enabled=\u00a0\u00bb0&Prime; global_colors_info=\u00a0\u00bb{}\u00a0\u00bb width_last_edited=\u00a0\u00bbon|phone\u00a0\u00bb [&hellip;]","og_url":"https:\/\/www.consortech.com\/fr\/evenements\/webinaires\/","og_site_name":"Consortech","article_modified_time":"2024-02-22T14:21:51+00:00","twitter_card":"summary_large_image","twitter_misc":{"Dur\u00e9e de lecture estim\u00e9e":"2 minutes"},"schema":{"@context":"https:\/\/schema.org","@graph":[{"@type":"WebPage","@id":"https:\/\/www.consortech.com\/fr\/evenements\/webinaires\/","url":"https:\/\/www.consortech.com\/fr\/evenements\/webinaires\/","name":"Webinaires | Consortech","isPartOf":{"@id":"https:\/\/www.consortech.com\/#website"},"datePublished":"2017-08-11T15:14:27+00:00","dateModified":"2024-02-22T14:21:51+00:00","breadcrumb":{"@id":"https:\/\/www.consortech.com\/fr\/evenements\/webinaires\/#breadcrumb"},"inLanguage":"fr-FR","potentialAction":[{"@type":"ReadAction","target":["https:\/\/www.consortech.com\/fr\/evenements\/webinaires\/"]}]},{"@type":"BreadcrumbList","@id":"https:\/\/www.consortech.com\/fr\/evenements\/webinaires\/#breadcrumb","itemListElement":[{"@type":"ListItem","position":1,"name":"Accueil","item":"https:\/\/www.consortech.com\/fr\/"},{"@type":"ListItem","position":2,"name":"\u00c9v\u00e9nements","item":"https:\/\/www.consortech.com\/fr\/evenements\/"},{"@type":"ListItem","position":3,"name":"Webinaires"}]},{"@type":"WebSite","@id":"https:\/\/www.consortech.com\/#website","url":"https:\/\/www.consortech.com\/","name":"Consortech","description":"Experts in data integration","potentialAction":[{"@type":"SearchAction","target":{"@type":"EntryPoint","urlTemplate":"https:\/\/www.consortech.com\/?s={search_term_string}"},"query-input":{"@type":"PropertyValueSpecification","valueRequired":true,"valueName":"search_term_string"}}],"inLanguage":"fr-FR"}]}},"_links":{"self":[{"href":"https:\/\/www.consortech.com\/fr\/wp-json\/wp\/v2\/pages\/469","targetHints":{"allow":["GET"]}}],"collection":[{"href":"https:\/\/www.consortech.com\/fr\/wp-json\/wp\/v2\/pages"}],"about":[{"href":"https:\/\/www.consortech.com\/fr\/wp-json\/wp\/v2\/types\/page"}],"author":[{"embeddable":true,"href":"https:\/\/www.consortech.com\/fr\/wp-json\/wp\/v2\/users\/1"}],"replies":[{"embeddable":true,"href":"https:\/\/www.consortech.com\/fr\/wp-json\/wp\/v2\/comments?post=469"}],"version-history":[{"count":0,"href":"https:\/\/www.consortech.com\/fr\/wp-json\/wp\/v2\/pages\/469\/revisions"}],"up":[{"embeddable":true,"href":"https:\/\/www.consortech.com\/fr\/wp-json\/wp\/v2\/pages\/468"}],"wp:attachment":[{"href":"https:\/\/www.consortech.com\/fr\/wp-json\/wp\/v2\/media?parent=469"}],"curies":[{"name":"wp","href":"https:\/\/api.w.org\/{rel}","templated":true}]}}