
{"id":16434,"date":"2025-12-03T15:48:50","date_gmt":"2025-12-03T20:48:50","guid":{"rendered":"https:\/\/www.consortech.com\/?page_id=16434"},"modified":"2025-12-05T10:47:09","modified_gmt":"2025-12-05T15:47:09","slug":"fme-software","status":"publish","type":"page","link":"https:\/\/www.consortech.com\/fr\/fme-software\/","title":{"rendered":"FME"},"content":{"rendered":"\t\t<div class=\"et_pb_section et_pb_with_background et_section_regular breadcrumbs_section\">\n\t\t\t<div class=\" et_pb_row breadcrumbs_row\">\n\t\t\t\t<div class=\"et_pb_column et_pb_column_4_4 breadcrumbs_column\">\n\t\t\t\t\t<div class=\"et_pb_code et_pb_module breadcrumbs_module\">\n\t\t\t\t\t\t<span><span><a href=\"https:\/\/www.consortech.com\/fr\/\">Accueil<\/a><\/span><\/span>\t\t\t\t\t<\/div> <!-- .et_pb_code -->\n\t\t\t\t<\/div> <!-- .et_pb_column -->\n\t\t\t<\/div> <!-- .et_pb_row -->\n\t\t<\/div>\n\t\t<p>[et_pb_section fb_built=\u00a0\u00bb1&Prime; _builder_version=\u00a0\u00bb4.27.4&Prime; _module_preset=\u00a0\u00bbdefault\u00a0\u00bb global_colors_info=\u00a0\u00bb{}\u00a0\u00bb][et_pb_row column_structure=\u00a0\u00bb1_2,1_2&Prime; _builder_version=\u00a0\u00bb4.27.4&Prime; _module_preset=\u00a0\u00bbdefault\u00a0\u00bb global_colors_info=\u00a0\u00bb{}\u00a0\u00bb][et_pb_column type=\u00a0\u00bb1_2&Prime; _builder_version=\u00a0\u00bb4.27.4&Prime; _module_preset=\u00a0\u00bbdefault\u00a0\u00bb global_colors_info=\u00a0\u00bb{}\u00a0\u00bb][et_pb_text _builder_version=\u00a0\u00bb4.27.4&Prime; _module_preset=\u00a0\u00bbdefault\u00a0\u00bb global_colors_info=\u00a0\u00bb{}\u00a0\u00bb]<\/p>\n<h1><span class=\"TextRun SCXW9506464 BCX0\" lang=\"FR-CA\" xml:lang=\"FR-CA\" data-contrast=\"none\"><span class=\"NormalTextRun SCXW9506464 BCX0\">FME, la plateforme d\u2019int\u00e9gration et d\u2019automatisation de donn\u00e9es<\/span><\/span><span class=\"EOP SCXW9506464 BCX0\" data-ccp-props=\"{}\">\u00a0<\/span><\/h1>\n<p>[\/et_pb_text][\/et_pb_column][et_pb_column type=\u00a0\u00bb1_2&Prime; _builder_version=\u00a0\u00bb4.27.4&Prime; _module_preset=\u00a0\u00bbdefault\u00a0\u00bb global_colors_info=\u00a0\u00bb{}\u00a0\u00bb][et_pb_image src=\u00a0\u00bbhttps:\/\/www.consortech.com\/wp-content\/uploads\/2025\/08\/fme-flow-1.gif\u00a0\u00bb title_text=\u00a0\u00bbFME Flow (1)\u00a0\u00bb _builder_version=\u00a0\u00bb4.27.4&Prime; _module_preset=\u00a0\u00bbdefault\u00a0\u00bb global_colors_info=\u00a0\u00bb{}\u00a0\u00bb][\/et_pb_image][\/et_pb_column][\/et_pb_row][et_pb_row _builder_version=\u00a0\u00bb4.27.4&Prime; _module_preset=\u00a0\u00bbdefault\u00a0\u00bb global_colors_info=\u00a0\u00bb{}\u00a0\u00bb][et_pb_column type=\u00a0\u00bb4_4&Prime; _builder_version=\u00a0\u00bb4.27.4&Prime; _module_preset=\u00a0\u00bbdefault\u00a0\u00bb global_colors_info=\u00a0\u00bb{}\u00a0\u00bb][et_pb_divider show_divider=\u00a0\u00bboff\u00a0\u00bb _builder_version=\u00a0\u00bb4.27.4&Prime; _module_preset=\u00a0\u00bbdefault\u00a0\u00bb global_colors_info=\u00a0\u00bb{}\u00a0\u00bb][\/et_pb_divider][\/et_pb_column][\/et_pb_row][et_pb_row _builder_version=\u00a0\u00bb4.27.4&Prime; _module_preset=\u00a0\u00bbdefault\u00a0\u00bb global_colors_info=\u00a0\u00bb{}\u00a0\u00bb][et_pb_column type=\u00a0\u00bb4_4&Prime; _builder_version=\u00a0\u00bb4.27.4&Prime; _module_preset=\u00a0\u00bbdefault\u00a0\u00bb global_colors_info=\u00a0\u00bb{}\u00a0\u00bb][et_pb_text _builder_version=\u00a0\u00bb4.27.4&Prime; _module_preset=\u00a0\u00bbdefault\u00a0\u00bb global_colors_info=\u00a0\u00bb{}\u00a0\u00bb]<\/p>\n<p>Consortech est votre partenaire de confiance pour l&rsquo;acquisition et l&rsquo;adoption de la plateforme FME, la solution de r\u00e9f\u00e9rence mondiale pour l&rsquo;int\u00e9gration et l&rsquo;automatisation des donn\u00e9es g\u00e9ospatiales. Nous travaillons avec des gestionnaires et des experts SIG qui souhaitent que leurs donn\u00e9es aient enfin l&rsquo;impact qu&rsquo;elles m\u00e9ritent.<\/p>\n<p>Choisir Consortech va bien au-del\u00e0 de l&rsquo;achat d&rsquo;un logiciel : une formation personnalis\u00e9e, un support technique d\u00e9di\u00e9 et des conseils strat\u00e9giques font partie int\u00e9grante de notre approche. En int\u00e9grant, nettoyant et harmonisant les informations provenant de plusieurs syst\u00e8mes, et en combinant la puissance de la plateforme FME avec notre m\u00e9thodologie \u00e9prouv\u00e9e, nous aidons votre organisation \u00e0 connecter ses syst\u00e8mes, \u00e0 am\u00e9liorer la qualit\u00e9 de ses donn\u00e9es g\u00e9ospatiales et \u00e0 les transformer en un v\u00e9ritable levier d&rsquo;action et de prise de d\u00e9cision gr\u00e2ce \u00e0 des pipelines robustes, \u00e9volutifs et faciles \u00e0 maintenir.<\/p>\n<p>[\/et_pb_text][\/et_pb_column][\/et_pb_row][et_pb_row _builder_version=\u00a0\u00bb4.27.4&Prime; _module_preset=\u00a0\u00bbdefault\u00a0\u00bb global_colors_info=\u00a0\u00bb{}\u00a0\u00bb][et_pb_column type=\u00a0\u00bb4_4&Prime; _builder_version=\u00a0\u00bb4.27.4&Prime; _module_preset=\u00a0\u00bbdefault\u00a0\u00bb global_colors_info=\u00a0\u00bb{}\u00a0\u00bb][et_pb_testimonial author=\u00a0\u00bbBrennan Fuchs \u00a0\u00bb job_title=\u00a0\u00bbGestionnaire, D\u00e9partement des donn\u00e9es et des services g\u00e9ospatiaux\u00a0\u00bb company_name=\u00a0\u00bbVille de Grand Sudbury \u00a0\u00bb _builder_version=\u00a0\u00bb4.27.4&Prime; _module_preset=\u00a0\u00bbdefault\u00a0\u00bb global_colors_info=\u00a0\u00bb{}\u00a0\u00bb]<\/p>\n<p><span class=\"TextRun SCXW124787866 BCX0\" lang=\"FR-CA\" xml:lang=\"FR-CA\" data-contrast=\"none\"><span class=\"NormalTextRun SCXW124787866 BCX0\">La compl\u00e9mentarit\u00e9 entre les technologies de la suite ArcGIS et FME nous a permis de r\u00e9pondre efficacement \u00e0 un besoin d\u2019affaires pr\u00e9cis tout en am\u00e9liorant significativement les processus op\u00e9rationnels associ\u00e9s. L\u2019aide des experts de <\/span><span class=\"NormalTextRun SpellingErrorV2Themed SCXW124787866 BCX0\">Consortech<\/span><span class=\"NormalTextRun SCXW124787866 BCX0\"> nous a permis de ma\u00eetriser les capacit\u00e9s d\u2019automatisation de FME et FME Server n\u00e9cessaires \u00e0 la bonne r\u00e9ussite de ce projet ainsi qu\u2019\u00e0 plusieurs autres \u00e0 venir.<\/span><\/span><span class=\"EOP SCXW124787866 BCX0\" data-ccp-props=\"{}\">\u00a0<\/span><\/p>\n<p>[\/et_pb_testimonial][et_pb_divider _builder_version=\u00a0\u00bb4.27.4&Prime; _module_preset=\u00a0\u00bbdefault\u00a0\u00bb show_divider=\u00a0\u00bboff\u00a0\u00bb hover_enabled=\u00a0\u00bb0&Prime; sticky_enabled=\u00a0\u00bb0&Prime;][\/et_pb_divider][et_pb_code module_id=\u00a0\u00bbfme-form\u00a0\u00bb _builder_version=\u00a0\u00bb4.27.4&Prime; _module_preset=\u00a0\u00bbdefault\u00a0\u00bb global_colors_info=\u00a0\u00bb{}\u00a0\u00bb]<\/p>\n<div id=\"zf_div_eaTTbGjasHzxRYV01Ji8iqaAyXgU3rKx70LBOKQMMiI\"><!-- [et_pb_line_break_holder] --><\/div>\n<p><!-- [et_pb_line_break_holder] --><script type=\"text\/javascript\"><!-- [et_pb_line_break_holder] -->(function() {<!-- [et_pb_line_break_holder] -->\ttry{<!-- [et_pb_line_break_holder] -->\t\tvar f = document.createElement(\"iframe\");<!-- [et_pb_line_break_holder] -->\t\t<!-- [et_pb_line_break_holder] -->\t\t\tvar ifrmSrc = 'https:\/\/forms.zohopublic.com\/consortech\/form\/FMEcontactformFR\/formperma\/eaTTbGjasHzxRYV01Ji8iqaAyXgU3rKx70LBOKQMMiI?zf_rszfm=1';<!-- [et_pb_line_break_holder] -->\t\t<!-- [et_pb_line_break_holder] -->\t\t<!-- [et_pb_line_break_holder] -->        try{<!-- [et_pb_line_break_holder] -->\t\t\tif ( typeof ZFAdvLead != \"undefined\" && typeof zfutm_zfAdvLead != \"undefined\" ) {<!-- [et_pb_line_break_holder] -->\t\t\t\tfor( var prmIdx = 0 ; prmIdx < ZFAdvLead.utmPNameArr.length ; prmIdx ++ ) {<!-- [et_pb_line_break_holder] -->\t\t\t\t    var utmPm = ZFAdvLead.utmPNameArr[ prmIdx ];<!-- [et_pb_line_break_holder] -->\t\t\t\t    utmPm = ( ZFAdvLead.isSameDomian && ( ZFAdvLead.utmcustPNameArr.indexOf(utmPm) == -1 ) ) ? \"zf_\" + utmPm : utmPm;<!-- [et_pb_line_break_holder] -->\t\t\t\t    var utmVal = zfutm_zfAdvLead.zfautm_gC_enc( ZFAdvLead.utmPNameArr[ prmIdx ] );<!-- [et_pb_line_break_holder] -->\t\t\t\t    if ( typeof utmVal !== \"undefined\" ) {<!-- [et_pb_line_break_holder] -->\t\t\t\t      if ( utmVal != \"\" ) {<!-- [et_pb_line_break_holder] -->\t\t\t\t        if(ifrmSrc.indexOf('?') > 0){<!-- [et_pb_line_break_holder] -->\t\t\t\t             ifrmSrc = ifrmSrc+'&'+utmPm+'='+utmVal;<!-- [et_pb_line_break_holder] -->\t\t\t\t        }else{<!-- [et_pb_line_break_holder] -->\t\t\t\t            ifrmSrc = ifrmSrc+'?'+utmPm+'='+utmVal;<!-- [et_pb_line_break_holder] -->\t\t\t\t        }<!-- [et_pb_line_break_holder] -->\t\t\t\t      }<!-- [et_pb_line_break_holder] -->\t\t\t\t    }<!-- [et_pb_line_break_holder] -->\t\t\t\t}<!-- [et_pb_line_break_holder] -->\t\t\t}<!-- [et_pb_line_break_holder] -->\t\t\tif ( typeof ZFLead !== \"undefined\" && typeof zfutm_zfLead !== \"undefined\" ) {<!-- [et_pb_line_break_holder] -->\t\t\t\tfor( var prmIdx = 0 ; prmIdx < ZFLead.utmPNameArr.length ; prmIdx ++ ) {<!-- [et_pb_line_break_holder] -->\t\t        \tvar utmPm = ZFLead.utmPNameArr[ prmIdx ];<!-- [et_pb_line_break_holder] -->\t\t        \tvar utmVal = zfutm_zfLead.zfutm_gC_enc( ZFLead.utmPNameArr[ prmIdx ] );<!-- [et_pb_line_break_holder] -->\t\t\t        if ( typeof utmVal !== \"undefined\" ) {<!-- [et_pb_line_break_holder] -->\t\t\t          if ( utmVal != \"\" ){<!-- [et_pb_line_break_holder] -->\t\t\t            if(ifrmSrc.indexOf('?') > 0){<!-- [et_pb_line_break_holder] -->\t\t\t              ifrmSrc = ifrmSrc+'&'+utmPm+'='+utmVal;\/\/No I18N<!-- [et_pb_line_break_holder] -->\t\t\t            }else{<!-- [et_pb_line_break_holder] -->\t\t\t              ifrmSrc = ifrmSrc+'?'+utmPm+'='+utmVal;\/\/No I18N<!-- [et_pb_line_break_holder] -->\t\t\t            }<!-- [et_pb_line_break_holder] -->\t\t\t          }<!-- [et_pb_line_break_holder] -->\t\t\t        }<!-- [et_pb_line_break_holder] -->\t\t      \t}<!-- [et_pb_line_break_holder] -->\t\t\t}<!-- [et_pb_line_break_holder] -->\t\t}catch(e){}<!-- [et_pb_line_break_holder] -->\t\t<!-- [et_pb_line_break_holder] -->\t\tf.src = ifrmSrc;<!-- [et_pb_line_break_holder] -->\t\tf.style.border=\"none\";<!-- [et_pb_line_break_holder] -->\t\tf.style.height=\"438px\";<!-- [et_pb_line_break_holder] -->\t\tf.style.width=\"90%\";<!-- [et_pb_line_break_holder] -->\t\tf.style.transition=\"all 0.5s ease\";<!-- [et_pb_line_break_holder] -->\t\tf.setAttribute(\"aria-label\", 'FME \\\\- contact form \\\\- FR');<!-- [et_pb_line_break_holder] -->\t\t<!-- [et_pb_line_break_holder] -->\t\tvar d = document.getElementById(\"zf_div_eaTTbGjasHzxRYV01Ji8iqaAyXgU3rKx70LBOKQMMiI\");<!-- [et_pb_line_break_holder] -->\t\td.appendChild(f);<!-- [et_pb_line_break_holder] -->\t\twindow.addEventListener('message', function (){<!-- [et_pb_line_break_holder] -->\t\t\tvar evntData = event.data;<!-- [et_pb_line_break_holder] -->\t\t\tif( evntData && evntData.constructor == String ){<!-- [et_pb_line_break_holder] -->\t\t\t\tvar zf_ifrm_data = evntData.split(\"|\");<!-- [et_pb_line_break_holder] -->\t\t\t\tif ( zf_ifrm_data.length == 2 || zf_ifrm_data.length == 3 ) {<!-- [et_pb_line_break_holder] -->\t\t\t\t\tvar zf_perma = zf_ifrm_data[0];<!-- [et_pb_line_break_holder] -->\t\t\t\t\tvar zf_ifrm_ht_nw = ( parseInt(zf_ifrm_data[1], 10) + 15 ) + \"px\";<!-- [et_pb_line_break_holder] -->\t\t\t\t\tvar iframe = document.getElementById(\"zf_div_eaTTbGjasHzxRYV01Ji8iqaAyXgU3rKx70LBOKQMMiI\").getElementsByTagName(\"iframe\")[0];<!-- [et_pb_line_break_holder] -->\t\t\t\t\tif ( (iframe.src).indexOf('formperma') > 0 && (iframe.src).indexOf(zf_perma) > 0 ) {<!-- [et_pb_line_break_holder] -->\t\t\t\t\t\tvar prevIframeHeight = iframe.style.height;<!-- [et_pb_line_break_holder] -->\t\t\t\t\t\tvar zf_tout = false;<!-- [et_pb_line_break_holder] -->\t\t\t\t\t\tif( zf_ifrm_data.length == 3 ) {<!-- [et_pb_line_break_holder] -->\t\t\t\t\t\t    iframe.scrollIntoView();<!-- [et_pb_line_break_holder] -->\t\t\t\t\t\t    zf_tout = true;<!-- [et_pb_line_break_holder] -->\t\t\t\t\t\t}<!-- [et_pb_line_break_holder] --><!-- [et_pb_line_break_holder] -->\t\t\t\t\t\tif ( prevIframeHeight != zf_ifrm_ht_nw ) {<!-- [et_pb_line_break_holder] -->\t\t\t\t\t\t\tif( zf_tout ) {<!-- [et_pb_line_break_holder] -->\t\t\t\t\t\t\t    setTimeout(function(){<!-- [et_pb_line_break_holder] -->\t\t\t\t\t\t\t        iframe.style.height = zf_ifrm_ht_nw;<!-- [et_pb_line_break_holder] -->\t\t\t\t\t\t\t    },500);<!-- [et_pb_line_break_holder] -->\t\t\t\t\t\t\t} else {<!-- [et_pb_line_break_holder] -->\t\t\t\t\t\t\t    iframe.style.height = zf_ifrm_ht_nw;<!-- [et_pb_line_break_holder] -->\t\t\t\t\t\t\t}<!-- [et_pb_line_break_holder] -->\t\t\t\t\t\t}<!-- [et_pb_line_break_holder] -->\t\t\t\t\t}<!-- [et_pb_line_break_holder] -->\t\t\t\t}<!-- [et_pb_line_break_holder] -->\t\t\t}<!-- [et_pb_line_break_holder] -->\t\t}, false);<!-- [et_pb_line_break_holder] -->    }catch(e){}<!-- [et_pb_line_break_holder] -->})();<!-- [et_pb_line_break_holder] --><\/script>\t\t<!-- [et_pb_line_break_holder] --><!-- [et_pb_line_break_holder] --><!-- [et_pb_line_break_holder] --><!-- [et_pb_line_break_holder] --><!-- [et_pb_line_break_holder] -->[\/et_pb_code][\/et_pb_column][\/et_pb_row][et_pb_row column_structure=\u00a0\u00bb1_3,1_3,1_3&Prime; module_class=\u00a0\u00bbtext-center\u00a0\u00bb _builder_version=\u00a0\u00bb4.27.4&Prime; _module_preset=\u00a0\u00bbdefault\u00a0\u00bb custom_margin=\u00a0\u00bb90px||||false|false\u00a0\u00bb custom_margin_tablet=\u00a0\u00bb90px||||false|false\u00a0\u00bb custom_margin_phone=\u00a0\u00bb0px||||false|false\u00a0\u00bb custom_margin_last_edited=\u00a0\u00bbon|phone\u00a0\u00bb global_colors_info=\u00a0\u00bb{}\u00a0\u00bb][et_pb_column type=\u00a0\u00bb1_3&Prime; _builder_version=\u00a0\u00bb4.27.4&Prime; _module_preset=\u00a0\u00bbdefault\u00a0\u00bb background_color=\u00a0\u00bbrgba(168,220,255,0.68)\u00a0\u00bb custom_padding=\u00a0\u00bb40px|10px|80px|10px|false|false\u00a0\u00bb border_radii=\u00a0\u00bbon|15px|15px|15px|15px\u00a0\u00bb global_colors_info=\u00a0\u00bb{}\u00a0\u00bb][et_pb_text admin_label=\u00a0\u00bbgain text\u00a0\u00bb _builder_version=\u00a0\u00bb4.27.4&Prime; _module_preset=\u00a0\u00bbdefault\u00a0\u00bb header_text_align=\u00a0\u00bbcenter\u00a0\u00bb custom_padding=\u00a0\u00bb10px|15px|10px|15px|false|false\u00a0\u00bb global_colors_info=\u00a0\u00bb{}\u00a0\u00bb]<\/p>\n<h2 style=\"text-align: center;\"><b><i><span data-contrast=\"none\">FME Form<\/span><\/i><\/b><span data-ccp-props=\"{}\">\u00a0<\/span><\/h2>\n<p style=\"text-align: center;\"><strong><i>Cr\u00e9er, transformer et harmoniser vos donn\u00e9es sans coder<\/i>\u00a0<\/strong><\/p>\n<p style=\"text-align: center;\"><span data-contrast=\"none\"><a href=\"https:\/\/www.consortech.com\/fr\/fme\/fme-form\/\">FME Form<\/a> est l\u2019outil auteur de la plateforme FME. Il permet de concevoir des workflows d\u2019int\u00e9gration puissants gr\u00e2ce \u00e0 une interface visuelle intuitive, sans n\u00e9cessiter de programmation. Utilis\u00e9 pour extraire, transformer, enrichir, valider ou charger des donn\u00e9es, FME Form offre plus de 500 connecteurs et transformateurs pour relier pratiquement n&rsquo;importe quel syst\u00e8me, format ou API.<\/span><span data-ccp-props=\"{&quot;335559739&quot;:0}\">\u00a0<\/span><\/p>\n<p>[\/et_pb_text][\/et_pb_column][et_pb_column type=\u00a0\u00bb1_3&Prime; _builder_version=\u00a0\u00bb4.27.4&Prime; _module_preset=\u00a0\u00bbdefault\u00a0\u00bb background_color=\u00a0\u00bbrgba(168,220,255,0.68)\u00a0\u00bb custom_padding=\u00a0\u00bb40px|10px|80px|10px|false|false\u00a0\u00bb border_radii=\u00a0\u00bbon|15px|15px|15px|15px\u00a0\u00bb global_colors_info=\u00a0\u00bb{}\u00a0\u00bb][et_pb_text admin_label=\u00a0\u00bbautomatiser\u00a0\u00bb _builder_version=\u00a0\u00bb4.27.4&Prime; _module_preset=\u00a0\u00bbdefault\u00a0\u00bb custom_padding=\u00a0\u00bb10px|15px|91px|15px|false|false\u00a0\u00bb global_colors_info=\u00a0\u00bb{}\u00a0\u00bb]<\/p>\n<h2 style=\"text-align: center;\"><b><i><span data-contrast=\"none\">FME Flow<\/span><\/i><\/b><span data-ccp-props=\"{&quot;335559739&quot;:0}\">\u00a0<\/span><\/h2>\n<p style=\"text-align: center;\"><strong><i>Orchestrer \u00e0 l\u2019\u00e9chelle de l\u2019entreprise<\/i>\u00a0<\/strong><\/p>\n<p style=\"text-align: center;\"><span data-contrast=\"none\"><a href=\"https:\/\/www.consortech.com\/fr\/fme\/fme-flow\/\">FME Flow<\/a> transforme les workflows cr\u00e9\u00e9s dans FME Form en services d\u2019int\u00e9gration fiables, surveill\u00e9s et ex\u00e9cut\u00e9s automatiquement. La plateforme permet de d\u00e9ployer des pipelines de donn\u00e9es en production, de les planifier, de les d\u00e9clencher selon des \u00e9v\u00e9nements ou de les exposer sous forme d\u2019API ou de processus en libre-service.<\/span><span data-ccp-props=\"{&quot;335559739&quot;:0}\">\u00a0<\/span><\/p>\n<p>[\/et_pb_text][\/et_pb_column][et_pb_column type=\u00a0\u00bb1_3&Prime; _builder_version=\u00a0\u00bb4.27.4&Prime; _module_preset=\u00a0\u00bbdefault\u00a0\u00bb background_color=\u00a0\u00bbrgba(168,220,255,0.68)\u00a0\u00bb custom_padding=\u00a0\u00bb40px|10px|80px|10px|false|false\u00a0\u00bb border_radii=\u00a0\u00bbon|15px|15px|15px|15px\u00a0\u00bb global_colors_info=\u00a0\u00bb{}\u00a0\u00bb][et_pb_text admin_label=\u00a0\u00bb+500 text\u00a0\u00bb _builder_version=\u00a0\u00bb4.27.4&Prime; _module_preset=\u00a0\u00bbdefault\u00a0\u00bb custom_padding=\u00a0\u00bb10px|15px|150px|15px|false|false\u00a0\u00bb global_colors_info=\u00a0\u00bb{}\u00a0\u00bb]<\/p>\n<h2 style=\"text-align: center;\"><b><i><span data-contrast=\"none\">FME Flow Hosted<\/span><\/i><\/b><span data-ccp-props=\"{&quot;335559739&quot;:0}\">\u00a0<\/span><\/h2>\n<p style=\"text-align: center;\"><strong><i>La puissance de FME Flow, sans infrastructure \u00e0 g\u00e9rer<\/i>\u00a0<\/strong><\/p>\n<p style=\"text-align: center;\"><span data-contrast=\"none\"><a href=\"https:\/\/www.consortech.com\/fr\/fme\/fme-flow-hosted\/\">FME Flow Hosted<\/a> est la version cloud cl\u00e9 en main de FME Flow, enti\u00e8rement g\u00e9r\u00e9e par Safe Software. Il offre les m\u00eames capacit\u00e9s d\u2019automatisation et d\u2019orchestration tout en \u00e9liminant les besoins li\u00e9s \u00e0 l\u2019installation, la maintenance ou la mise \u00e0 jour d\u2019infrastructures.<\/span><span data-ccp-props=\"{&quot;335559739&quot;:0}\">\u00a0<\/span><\/p>\n<p>[\/et_pb_text][\/et_pb_column][\/et_pb_row][\/et_pb_section][et_pb_section fb_built=\u00a0\u00bb1&Prime; _builder_version=\u00a0\u00bb4.27.4&Prime; _module_preset=\u00a0\u00bbdefault\u00a0\u00bb global_colors_info=\u00a0\u00bb{}\u00a0\u00bb][et_pb_row _builder_version=\u00a0\u00bb4.27.4&Prime; _module_preset=\u00a0\u00bbdefault\u00a0\u00bb global_colors_info=\u00a0\u00bb{}\u00a0\u00bb][et_pb_column type=\u00a0\u00bb4_4&Prime; _builder_version=\u00a0\u00bb4.27.4&Prime; _module_preset=\u00a0\u00bbdefault\u00a0\u00bb global_colors_info=\u00a0\u00bb{}\u00a0\u00bb][et_pb_button button_url=\u00a0\u00bb#fme-form\u00a0\u00bb button_text=\u00a0\u00bbD\u00e9marrer avec FME d\u00e8s maintenant\u00a0\u00bb button_alignment=\u00a0\u00bbcenter\u00a0\u00bb _builder_version=\u00a0\u00bb4.27.4&Prime; _module_preset=\u00a0\u00bbdefault\u00a0\u00bb custom_button=\u00a0\u00bbon\u00a0\u00bb button_text_color=\u00a0\u00bb#FFFFFF\u00a0\u00bb button_bg_use_color_gradient=\u00a0\u00bbon\u00a0\u00bb button_bg_color_gradient_direction=\u00a0\u00bb65deg\u00a0\u00bb button_bg_color_gradient_stops=\u00a0\u00bb#1f3f79 0%|#4B81C2 100%\u00a0\u00bb box_shadow_style=\u00a0\u00bbpreset1&Prime; global_colors_info=\u00a0\u00bb{}\u00a0\u00bb][\/et_pb_button][\/et_pb_column][\/et_pb_row][\/et_pb_section]<\/p>\n","protected":false},"excerpt":{"rendered":"<p>FME, la plateforme d\u2019int\u00e9gration et d\u2019automatisation de donn\u00e9es\u00a0Consortech est votre partenaire de confiance pour l&rsquo;acquisition et l&rsquo;adoption de la plateforme FME, la solution de r\u00e9f\u00e9rence mondiale pour l&rsquo;int\u00e9gration et l&rsquo;automatisation des donn\u00e9es g\u00e9ospatiales. Nous travaillons avec des gestionnaires et des experts SIG qui souhaitent que leurs donn\u00e9es aient enfin l&rsquo;impact qu&rsquo;elles m\u00e9ritent. Choisir Consortech va [&hellip;]<\/p>\n","protected":false},"author":11,"featured_media":0,"parent":0,"menu_order":0,"comment_status":"closed","ping_status":"closed","template":"","meta":{"_acf_changed":false,"_et_pb_use_builder":"on","_et_pb_old_content":"","_et_gb_content_width":"","_monsterinsights_skip_tracking":false,"_monsterinsights_sitenote_active":false,"_monsterinsights_sitenote_note":"","_monsterinsights_sitenote_category":0,"footnotes":""},"class_list":["post-16434","page","type-page","status-publish","hentry"],"acf":[],"yoast_head":"<!-- This site is optimized with the Yoast SEO plugin v27.2 - https:\/\/yoast.com\/product\/yoast-seo-wordpress\/ -->\n<title>FME | Consortech<\/title>\n<meta name=\"description\" content=\"Lib\u00e9rez la valeur de la donn\u00e9e g\u00e9ospatiale en cr\u00e9ant un levier d&#039;action et de d\u00e9cision gr\u00e2ce \u00e0 la plateforme FME de Safe Software.\" \/>\n<meta name=\"robots\" content=\"index, follow, max-snippet:-1, max-image-preview:large, max-video-preview:-1\" \/>\n<link rel=\"canonical\" href=\"https:\/\/www.consortech.com\/fr\/fme-software\/\" \/>\n<meta property=\"og:locale\" content=\"fr_FR\" \/>\n<meta property=\"og:type\" content=\"article\" \/>\n<meta property=\"og:title\" content=\"FME | Consortech\" \/>\n<meta property=\"og:description\" content=\"Lib\u00e9rez la valeur de la donn\u00e9e g\u00e9ospatiale en cr\u00e9ant un levier d&#039;action et de d\u00e9cision gr\u00e2ce \u00e0 la plateforme FME de Safe Software.\" \/>\n<meta property=\"og:url\" content=\"https:\/\/www.consortech.com\/fr\/fme-software\/\" \/>\n<meta property=\"og:site_name\" content=\"Consortech\" \/>\n<meta property=\"article:modified_time\" content=\"2025-12-05T15:47:09+00:00\" \/>\n<meta name=\"twitter:card\" content=\"summary_large_image\" \/>\n<meta name=\"twitter:label1\" content=\"Dur\u00e9e de lecture estim\u00e9e\" \/>\n\t<meta name=\"twitter:data1\" content=\"2 minutes\" \/>\n<script type=\"application\/ld+json\" class=\"yoast-schema-graph\">{\"@context\":\"https:\/\/schema.org\",\"@graph\":[{\"@type\":\"WebPage\",\"@id\":\"https:\/\/www.consortech.com\/fr\/fme-software\/\",\"url\":\"https:\/\/www.consortech.com\/fr\/fme-software\/\",\"name\":\"FME | Consortech\",\"isPartOf\":{\"@id\":\"https:\/\/www.consortech.com\/#website\"},\"datePublished\":\"2025-12-03T20:48:50+00:00\",\"dateModified\":\"2025-12-05T15:47:09+00:00\",\"description\":\"Lib\u00e9rez la valeur de la donn\u00e9e g\u00e9ospatiale en cr\u00e9ant un levier d'action et de d\u00e9cision gr\u00e2ce \u00e0 la plateforme FME de Safe Software.\",\"breadcrumb\":{\"@id\":\"https:\/\/www.consortech.com\/fr\/fme-software\/#breadcrumb\"},\"inLanguage\":\"fr-FR\",\"potentialAction\":[{\"@type\":\"ReadAction\",\"target\":[\"https:\/\/www.consortech.com\/fr\/fme-software\/\"]}]},{\"@type\":\"BreadcrumbList\",\"@id\":\"https:\/\/www.consortech.com\/fr\/fme-software\/#breadcrumb\",\"itemListElement\":[{\"@type\":\"ListItem\",\"position\":1,\"name\":\"Accueil\",\"item\":\"https:\/\/www.consortech.com\/fr\/\"},{\"@type\":\"ListItem\",\"position\":2,\"name\":\"FME\"}]},{\"@type\":\"WebSite\",\"@id\":\"https:\/\/www.consortech.com\/#website\",\"url\":\"https:\/\/www.consortech.com\/\",\"name\":\"Consortech\",\"description\":\"Experts in data integration\",\"potentialAction\":[{\"@type\":\"SearchAction\",\"target\":{\"@type\":\"EntryPoint\",\"urlTemplate\":\"https:\/\/www.consortech.com\/?s={search_term_string}\"},\"query-input\":{\"@type\":\"PropertyValueSpecification\",\"valueRequired\":true,\"valueName\":\"search_term_string\"}}],\"inLanguage\":\"fr-FR\"}]}<\/script>\n<!-- \/ Yoast SEO plugin. -->","yoast_head_json":{"title":"FME | Consortech","description":"Lib\u00e9rez la valeur de la donn\u00e9e g\u00e9ospatiale en cr\u00e9ant un levier d'action et de d\u00e9cision gr\u00e2ce \u00e0 la plateforme FME de Safe Software.","robots":{"index":"index","follow":"follow","max-snippet":"max-snippet:-1","max-image-preview":"max-image-preview:large","max-video-preview":"max-video-preview:-1"},"canonical":"https:\/\/www.consortech.com\/fr\/fme-software\/","og_locale":"fr_FR","og_type":"article","og_title":"FME | Consortech","og_description":"Lib\u00e9rez la valeur de la donn\u00e9e g\u00e9ospatiale en cr\u00e9ant un levier d'action et de d\u00e9cision gr\u00e2ce \u00e0 la plateforme FME de Safe Software.","og_url":"https:\/\/www.consortech.com\/fr\/fme-software\/","og_site_name":"Consortech","article_modified_time":"2025-12-05T15:47:09+00:00","twitter_card":"summary_large_image","twitter_misc":{"Dur\u00e9e de lecture estim\u00e9e":"2 minutes"},"schema":{"@context":"https:\/\/schema.org","@graph":[{"@type":"WebPage","@id":"https:\/\/www.consortech.com\/fr\/fme-software\/","url":"https:\/\/www.consortech.com\/fr\/fme-software\/","name":"FME | Consortech","isPartOf":{"@id":"https:\/\/www.consortech.com\/#website"},"datePublished":"2025-12-03T20:48:50+00:00","dateModified":"2025-12-05T15:47:09+00:00","description":"Lib\u00e9rez la valeur de la donn\u00e9e g\u00e9ospatiale en cr\u00e9ant un levier d'action et de d\u00e9cision gr\u00e2ce \u00e0 la plateforme FME de Safe Software.","breadcrumb":{"@id":"https:\/\/www.consortech.com\/fr\/fme-software\/#breadcrumb"},"inLanguage":"fr-FR","potentialAction":[{"@type":"ReadAction","target":["https:\/\/www.consortech.com\/fr\/fme-software\/"]}]},{"@type":"BreadcrumbList","@id":"https:\/\/www.consortech.com\/fr\/fme-software\/#breadcrumb","itemListElement":[{"@type":"ListItem","position":1,"name":"Accueil","item":"https:\/\/www.consortech.com\/fr\/"},{"@type":"ListItem","position":2,"name":"FME"}]},{"@type":"WebSite","@id":"https:\/\/www.consortech.com\/#website","url":"https:\/\/www.consortech.com\/","name":"Consortech","description":"Experts in data integration","potentialAction":[{"@type":"SearchAction","target":{"@type":"EntryPoint","urlTemplate":"https:\/\/www.consortech.com\/?s={search_term_string}"},"query-input":{"@type":"PropertyValueSpecification","valueRequired":true,"valueName":"search_term_string"}}],"inLanguage":"fr-FR"}]}},"_links":{"self":[{"href":"https:\/\/www.consortech.com\/fr\/wp-json\/wp\/v2\/pages\/16434","targetHints":{"allow":["GET"]}}],"collection":[{"href":"https:\/\/www.consortech.com\/fr\/wp-json\/wp\/v2\/pages"}],"about":[{"href":"https:\/\/www.consortech.com\/fr\/wp-json\/wp\/v2\/types\/page"}],"author":[{"embeddable":true,"href":"https:\/\/www.consortech.com\/fr\/wp-json\/wp\/v2\/users\/11"}],"replies":[{"embeddable":true,"href":"https:\/\/www.consortech.com\/fr\/wp-json\/wp\/v2\/comments?post=16434"}],"version-history":[{"count":0,"href":"https:\/\/www.consortech.com\/fr\/wp-json\/wp\/v2\/pages\/16434\/revisions"}],"wp:attachment":[{"href":"https:\/\/www.consortech.com\/fr\/wp-json\/wp\/v2\/media?parent=16434"}],"curies":[{"name":"wp","href":"https:\/\/api.w.org\/{rel}","templated":true}]}}